{"id":951,"date":"2019-04-05T11:16:07","date_gmt":"2019-04-05T10:16:07","guid":{"rendered":"http:\/\/medienerbe-ddr.de\/?page_id=951"},"modified":"2024-12-20T18:12:13","modified_gmt":"2024-12-20T17:12:13","slug":"online-handbuch-ddr-im-film","status":"publish","type":"page","link":"https:\/\/medienerbe-ddr.de\/index.php\/projekte-2\/online-handbuch-ddr-im-film\/","title":{"rendered":"Online-Handbuch: DDR im Film"},"content":{"rendered":"\n<p><em>Projektleitung: Prof. Dr. Michael Meyen (LMU)<br>Bearbeitung: Dr. Daria Gordeeva<\/em><\/p>\n\n\n\n<div class=\"wp-block-columns has-2-columns is-layout-flex wp-container-core-columns-is-layout-9d6595d7 wp-block-columns-is-layout-flex\">\n<div class=\"wp-block-column is-layout-flow wp-block-column-is-layout-flow\">\n<div class=\"wp-block-cover aligncenter is-light has-custom-content-position is-position-bottom-right\"><span aria-hidden=\"true\" class=\"wp-block-cover__background has-background-dim-0 has-background-dim\"><\/span><img loading=\"lazy\" decoding=\"async\" width=\"1549\" height=\"1132\" class=\"wp-block-cover__image-background wp-image-1404\" alt=\"\" src=\"https:\/\/medienerbe-ddr.de\/wp-content\/uploads\/2023\/10\/C1-II.jpg\" style=\"object-position:50% 33%\" data-object-fit=\"cover\" data-object-position=\"50% 33%\" srcset=\"https:\/\/medienerbe-ddr.de\/wp-content\/uploads\/2023\/10\/C1-II.jpg 1549w, https:\/\/medienerbe-ddr.de\/wp-content\/uploads\/2023\/10\/C1-II-300x219.jpg 300w, https:\/\/medienerbe-ddr.de\/wp-content\/uploads\/2023\/10\/C1-II-1024x748.jpg 1024w, https:\/\/medienerbe-ddr.de\/wp-content\/uploads\/2023\/10\/C1-II-768x561.jpg 768w, https:\/\/medienerbe-ddr.de\/wp-content\/uploads\/2023\/10\/C1-II-1536x1122.jpg 1536w, https:\/\/medienerbe-ddr.de\/wp-content\/uploads\/2023\/10\/C1-II-624x456.jpg 624w\" sizes=\"auto, (max-width: 1549px) 100vw, 1549px\" \/><div class=\"wp-block-cover__inner-container is-layout-flow wp-block-cover-is-layout-flow\">\n<p class=\"has-text-align-center has-white-color has-text-color has-large-font-size\">Screenshot: <a href=\"https:\/\/ddr-im-film.de\/\">ddr-im-film.de<\/a><\/p>\n<\/div><\/div>\n\n\n\n<p>Bei der gesellschaftlichen Auseinandersetzung mit der DDR-Vergangenheit kommt Spielfilmen eine besondere Rolle zu. Denn seit der Mitte des 20. Jahrhunderts ist der Film zu einem pr\u00e4genden, wirkm\u00e4chtigen Medium der Geschichtsdarstellung und -deutung geworden. Im Rahmen dieses Teilprojekts wurde ein <a href=\"https:\/\/ddr-im-film.de\/\">Online-Handbuch<\/a> erarbeitet, das den interdisziplin\u00e4ren Forschungsstand zur filmischen Repr\u00e4sentation der DDR seit 1990 kompakt und \u00fcbersichtlich aufbereitet.<\/p>\n\n\n\n<p>Das Portal richtet sich an Wissenschaft, Journalismus, P\u00e4dagogik und allgemein Interessierte, erm\u00f6glicht eine fundierte Besch\u00e4ftigung mit der filmischen Darstellung der DDR und umfasst drei Bereiche: \u201eFilme\u201c, \u201eAkteure\u201c und \u201eFeatures\u201c. Im Bereich \u201eFilme\u201c werden rund 100 Spiel- und Dokumentarfilme unter die Lupe genommen, die die DDR nach 1990 auf Kinoleinw\u00e4nden, Bildschirmen und Plattformen weiterleben lie\u00dfen. Methodisch geht das Projekt \u00fcber herk\u00f6mmliche Filmanalysen hinaus, die sich auf Handlung, Figuren und \u00c4sthetik beschr\u00e4nken, und befasst sich auch mit Akteuren, Produktions- und Rezeptionskontexten. So verkn\u00fcpft es filmische DDR-Bilder mit dem gesellschaftspolitischen Erinnerungsdiskurs, ordnet Filme in die Erinnerungslandschaft zwischen Diktatur-, Arrangement- und Fortschrittsged\u00e4chtnis ein (Martin Sabrow) und fragt nach Faktoren, die das DDR-Bild pr\u00e4gen (z.B. die Sozialisation des Regisseurs oder die DDR-Erfahrung der Drehbuchautorin). Im Bereich \u201eAkteure\u201c werden Personen und Institutionen (z.B. Fernsehsender) portraitiert. Neben Bio- und Filmografie (bei Institutionen: Meilensteine und Portfolio) wird auch der DDR-Bezug herausgearbeitet. Der Bereich \u201eFeatures\u201c beinhaltet film\u00fcbergreifende Analysen (z.B. zur deutschen Filmf\u00f6rderung oder zur filmischen Darstellung bestimmter Ereignisse und Lebenswelten) in verschiedenen Formaten (Aufs\u00e4tze, Podcasts). Die Sektionen \u201eAkteure\u201c und \u201eFeatures\u201c gehen \u00fcber das urspr\u00fcngliche Forschungsvorhaben hinaus, wurden bisher rudiment\u00e4r bearbeitet und werden in Phase II ausgeweitet. Auf dem Portal finden sich au\u00dferdem Beitr\u00e4ge zu Forschungsstand, zu theoretischem Hintergrund und methodischem Vorgehen. In die Erstellung von Inhalten wurden Studentinnen und Doktoranden, Postdocs und Professorinnen aus verschiedenen Fachdisziplinen einbezogen. Somit trug das Projekt zur Verankerung der DDR-Forschung in der universit\u00e4ren Lehre bei und st\u00e4rkte wissenschaftliche und au\u00dferuniversit\u00e4re Kooperationen.<\/p>\n<\/div>\n<\/div>\n\n\n\n<p><strong>Publikationen<\/strong><\/p>\n\n\n\n<p><em>Monografien<\/em><\/p>\n\n\n\n<figure class=\"wp-block-image size-large is-resized\"><img loading=\"lazy\" decoding=\"async\" width=\"673\" height=\"1024\" src=\"https:\/\/medienerbe-ddr.de\/wp-content\/uploads\/2024\/12\/9783837673562GIACIxPRF70yo_600x600@2x-673x1024.jpg\" alt=\"\" class=\"wp-image-1626\" style=\"width:150px\" srcset=\"https:\/\/medienerbe-ddr.de\/wp-content\/uploads\/2024\/12\/9783837673562GIACIxPRF70yo_600x600@2x-673x1024.jpg 673w, https:\/\/medienerbe-ddr.de\/wp-content\/uploads\/2024\/12\/9783837673562GIACIxPRF70yo_600x600@2x-197x300.jpg 197w, https:\/\/medienerbe-ddr.de\/wp-content\/uploads\/2024\/12\/9783837673562GIACIxPRF70yo_600x600@2x-768x1168.jpg 768w, https:\/\/medienerbe-ddr.de\/wp-content\/uploads\/2024\/12\/9783837673562GIACIxPRF70yo_600x600@2x-624x949.jpg 624w, https:\/\/medienerbe-ddr.de\/wp-content\/uploads\/2024\/12\/9783837673562GIACIxPRF70yo_600x600@2x.jpg 789w\" sizes=\"auto, (max-width: 673px) 100vw, 673px\" \/><\/figure>\n\n\n\n<ul class=\"wp-block-list\">\n<li>Daria Gordeeva: <a href=\"https:\/\/www.transcript-verlag.de\/978-3-8376-7356-2\/sozialismus-im-kino\/\">Sozialismus im Kino. Filmische Erinnerungen an die DDR und die Sowjetunion zwischen Politik, Kunst und Kommerz<\/a>. Bielefeld 2024.<\/li>\n<\/ul>\n\n\n\n<p><em>Beitr\u00e4ge in Zeitschriften, Sammelb\u00e4nden und auf wissenschaftlichen Portalen<\/em><\/p>\n\n\n\n<ul class=\"wp-block-list\">\n<li>Daria Gordeeva, Mandy Tr\u00f6ger: Zur Konstruktion der DDR im Film: \u201eWahrheit ist, was uns n\u00fctzt\u201c. In: Sandra Matth\u00e4us (Hrsg.): Der andere Blick auf \u201eden Osten\u201c. Zum Paradigmenwechsel in der Ostdeutschlandforschung, Bielefeld 2025 [i. E.].<\/li>\n\n\n\n<li>Mandy Tr\u00f6ger, Daria Gordeeva: On the Construction of Socialist East Germany in Contemporary German Film. Funes. Journal of Narratives and Social Sciences 4\/2020, 140\u2013155, URL: <a href=\"http:\/\/www.serena.unina.it\/index.php\/funes\/article\/view\/7472\">http:\/\/www.serena.unina.it\/index.php\/funes\/article\/view\/7472<\/a><\/li>\n\n\n\n<li>Daria Gordeeva: Die Darstellung subversiver DDR-Kultur im Film seit der Wende. Kinofenster.de (04.10.2022), URL: <a href=\"https:\/\/www.kinofenster.de\/filme\/archiv-film-des-monats\/kf2209\/kf2209-in-einem-land-das-es-nicht-mehr-gibt-hg2-ddr-kultur\/\">https:\/\/www.kinofenster.de\/filme\/archiv-film-des-monats\/kf2209\/kf2209-in-einem-land-das-es-nicht-mehr-gibt-hg2-ddr-kultur\/<\/a><\/li>\n\n\n\n<li>Daria Gordeeva: Beutezug-Ost durch die Netflix-Brille. In: Yana Milev, Philipp Beckert, Grit Lemke, Michael Meyen, Marcel Noack (Hrsg.): Entkoppelte Gesellschaft \u2013 Ostdeutschland seit 1989\/90. Zeugnisse. Teil II: Film, S. 584\u2013593. Berlin 2022.<\/li>\n\n\n\n<li>Daria Gordeeva: Im Auftrag des Staates \u2013 im Dienst der \u201eSache\u201c. Zwei DDR-Funktionstr\u00e4ger blicken auf ihr Leben und ihr Land zur\u00fcck. In: Yana Milev, Philipp Beckert, Grit Lemke, Michael Meyen, Marcel Noack (Hrsg.): Entkoppelte Gesellschaft \u2013 Ostdeutschland seit 1989\/90. Zeugnisse. Teil II: Film, S. 744\u2013752. Berlin 2022.<\/li>\n\n\n\n<li>Daria Gordeeva: Deutsche Einheit im Film. \u00d6ffentlich-Rechtliche, Netflix und Kampf um Deutungshoheit. medien &amp; zeit 4\/2021 (Offenes Heft), 20\u201333, URL: <a href=\"https:\/\/medienundzeit.at\/wp-content\/uploads\/2022\/03\/MZ-2021-4.pdf\">https:\/\/medienundzeit.at\/wp-content\/uploads\/2022\/03\/MZ-2021-4.pdf<\/a><\/li>\n\n\n\n<li>Daria Gordeeva: Kampffeld Geschichte: Die (Re-)Konstruktion der Sowjetunion und der DDR im Film (Dissertationsvorhaben). Rundfunk und Geschichte 3-4\/2019, URL: <a href=\"http:\/\/rundfunkundgeschichte.de\/artikel\/heft-3-4-2019\/\">http:\/\/rundfunkundgeschichte.de\/artikel\/heft-3-4-2019\/<\/a><\/li>\n<\/ul>\n","protected":false},"excerpt":{"rendered":"<p>Projektleitung: Prof. Dr. Michael Meyen (LMU)Bearbeitung: Dr. Daria Gordeeva Bei der gesellschaftlichen Auseinandersetzung mit der DDR-Vergangenheit kommt Spielfilmen eine besondere Rolle zu. Denn seit der Mitte des 20. Jahrhunderts ist&#8230; <a href=\"https:\/\/medienerbe-ddr.de\/index.php\/projekte-2\/online-handbuch-ddr-im-film\/\">Read more &raquo;<\/a><\/p>\n","protected":false},"author":4,"featured_media":0,"parent":6,"menu_order":200,"comment_status":"closed","ping_status":"closed","template":"page-templates\/full-width.php","meta":{"_acf_changed":false,"footnotes":""},"class_list":["post-951","page","type-page","status-publish","hentry"],"acf":[],"yoast_head":"<!-- This site is optimized with the Yoast SEO plugin v27.4 - https:\/\/yoast.com\/product\/yoast-seo-wordpress\/ -->\n<title>Online-Handbuch: DDR im Film - Das mediale Erbe der DDR<\/title>\n<meta name=\"robots\" content=\"index, follow, max-snippet:-1, max-image-preview:large, max-video-preview:-1\" \/>\n<link rel=\"canonical\" href=\"https:\/\/medienerbe-ddr.de\/index.php\/projekte-2\/online-handbuch-ddr-im-film\/\" \/>\n<meta property=\"og:locale\" content=\"de_DE\" \/>\n<meta property=\"og:type\" content=\"article\" \/>\n<meta property=\"og:title\" content=\"Online-Handbuch: DDR im Film - Das mediale Erbe der DDR\" \/>\n<meta property=\"og:description\" content=\"Projektleitung: Prof. Dr. Michael Meyen (LMU)Bearbeitung: Dr. Daria Gordeeva Bei der gesellschaftlichen Auseinandersetzung mit der DDR-Vergangenheit kommt Spielfilmen eine besondere Rolle zu. Denn seit der Mitte des 20. Jahrhunderts ist... Read more &raquo;\" \/>\n<meta property=\"og:url\" content=\"https:\/\/medienerbe-ddr.de\/index.php\/projekte-2\/online-handbuch-ddr-im-film\/\" \/>\n<meta property=\"og:site_name\" content=\"Das mediale Erbe der DDR\" \/>\n<meta property=\"article:modified_time\" content=\"2024-12-20T17:12:13+00:00\" \/>\n<meta property=\"og:image\" content=\"https:\/\/medienerbe-ddr.de\/wp-content\/uploads\/2023\/10\/C1-II.jpg\" \/>\n\t<meta property=\"og:image:width\" content=\"1549\" \/>\n\t<meta property=\"og:image:height\" content=\"1132\" \/>\n\t<meta property=\"og:image:type\" content=\"image\/jpeg\" \/>\n<meta name=\"twitter:card\" content=\"summary_large_image\" \/>\n<meta name=\"twitter:label1\" content=\"Gesch\u00e4tzte Lesezeit\" \/>\n\t<meta name=\"twitter:data1\" content=\"4\u00a0Minuten\" \/>\n<script type=\"application\/ld+json\" class=\"yoast-schema-graph\">{\"@context\":\"https:\\\/\\\/schema.org\",\"@graph\":[{\"@type\":\"WebPage\",\"@id\":\"https:\\\/\\\/medienerbe-ddr.de\\\/index.php\\\/projekte-2\\\/online-handbuch-ddr-im-film\\\/\",\"url\":\"https:\\\/\\\/medienerbe-ddr.de\\\/index.php\\\/projekte-2\\\/online-handbuch-ddr-im-film\\\/\",\"name\":\"Online-Handbuch: DDR im Film - Das mediale Erbe der DDR\",\"isPartOf\":{\"@id\":\"https:\\\/\\\/medienerbe-ddr.de\\\/#website\"},\"primaryImageOfPage\":{\"@id\":\"https:\\\/\\\/medienerbe-ddr.de\\\/index.php\\\/projekte-2\\\/online-handbuch-ddr-im-film\\\/#primaryimage\"},\"image\":{\"@id\":\"https:\\\/\\\/medienerbe-ddr.de\\\/index.php\\\/projekte-2\\\/online-handbuch-ddr-im-film\\\/#primaryimage\"},\"thumbnailUrl\":\"https:\\\/\\\/medienerbe-ddr.de\\\/wp-content\\\/uploads\\\/2023\\\/10\\\/C1-II.jpg\",\"datePublished\":\"2019-04-05T10:16:07+00:00\",\"dateModified\":\"2024-12-20T17:12:13+00:00\",\"breadcrumb\":{\"@id\":\"https:\\\/\\\/medienerbe-ddr.de\\\/index.php\\\/projekte-2\\\/online-handbuch-ddr-im-film\\\/#breadcrumb\"},\"inLanguage\":\"de\",\"potentialAction\":[{\"@type\":\"ReadAction\",\"target\":[\"https:\\\/\\\/medienerbe-ddr.de\\\/index.php\\\/projekte-2\\\/online-handbuch-ddr-im-film\\\/\"]}]},{\"@type\":\"ImageObject\",\"inLanguage\":\"de\",\"@id\":\"https:\\\/\\\/medienerbe-ddr.de\\\/index.php\\\/projekte-2\\\/online-handbuch-ddr-im-film\\\/#primaryimage\",\"url\":\"https:\\\/\\\/medienerbe-ddr.de\\\/wp-content\\\/uploads\\\/2023\\\/10\\\/C1-II.jpg\",\"contentUrl\":\"https:\\\/\\\/medienerbe-ddr.de\\\/wp-content\\\/uploads\\\/2023\\\/10\\\/C1-II.jpg\",\"width\":1549,\"height\":1132},{\"@type\":\"BreadcrumbList\",\"@id\":\"https:\\\/\\\/medienerbe-ddr.de\\\/index.php\\\/projekte-2\\\/online-handbuch-ddr-im-film\\\/#breadcrumb\",\"itemListElement\":[{\"@type\":\"ListItem\",\"position\":1,\"name\":\"Startseite\",\"item\":\"https:\\\/\\\/medienerbe-ddr.de\\\/\"},{\"@type\":\"ListItem\",\"position\":2,\"name\":\"Projekte 2019 \u2013 2023\",\"item\":\"https:\\\/\\\/medienerbe-ddr.de\\\/index.php\\\/projekte-2\\\/\"},{\"@type\":\"ListItem\",\"position\":3,\"name\":\"Online-Handbuch: DDR im Film\"}]},{\"@type\":\"WebSite\",\"@id\":\"https:\\\/\\\/medienerbe-ddr.de\\\/#website\",\"url\":\"https:\\\/\\\/medienerbe-ddr.de\\\/\",\"name\":\"Das mediale Erbe der DDR\",\"description\":\"Akteure, Aneignung, Tradierung\",\"publisher\":{\"@id\":\"https:\\\/\\\/medienerbe-ddr.de\\\/#organization\"},\"potentialAction\":[{\"@type\":\"SearchAction\",\"target\":{\"@type\":\"EntryPoint\",\"urlTemplate\":\"https:\\\/\\\/medienerbe-ddr.de\\\/?s={search_term_string}\"},\"query-input\":{\"@type\":\"PropertyValueSpecification\",\"valueRequired\":true,\"valueName\":\"search_term_string\"}}],\"inLanguage\":\"de\"},{\"@type\":\"Organization\",\"@id\":\"https:\\\/\\\/medienerbe-ddr.de\\\/#organization\",\"name\":\"Forschungsverbund Das mediale Erbe der DDR\",\"url\":\"https:\\\/\\\/medienerbe-ddr.de\\\/\",\"logo\":{\"@type\":\"ImageObject\",\"inLanguage\":\"de\",\"@id\":\"https:\\\/\\\/medienerbe-ddr.de\\\/#\\\/schema\\\/logo\\\/image\\\/\",\"url\":\"https:\\\/\\\/medienerbe-ddr.de\\\/wp-content\\\/uploads\\\/2019\\\/03\\\/LogoDDR_27mm-hg-weiss.png\",\"contentUrl\":\"https:\\\/\\\/medienerbe-ddr.de\\\/wp-content\\\/uploads\\\/2019\\\/03\\\/LogoDDR_27mm-hg-weiss.png\",\"width\":319,\"height\":305,\"caption\":\"Forschungsverbund Das mediale Erbe der DDR\"},\"image\":{\"@id\":\"https:\\\/\\\/medienerbe-ddr.de\\\/#\\\/schema\\\/logo\\\/image\\\/\"}}]}<\/script>\n<!-- \/ Yoast SEO plugin. -->","yoast_head_json":{"title":"Online-Handbuch: DDR im Film - Das mediale Erbe der DDR","robots":{"index":"index","follow":"follow","max-snippet":"max-snippet:-1","max-image-preview":"max-image-preview:large","max-video-preview":"max-video-preview:-1"},"canonical":"https:\/\/medienerbe-ddr.de\/index.php\/projekte-2\/online-handbuch-ddr-im-film\/","og_locale":"de_DE","og_type":"article","og_title":"Online-Handbuch: DDR im Film - Das mediale Erbe der DDR","og_description":"Projektleitung: Prof. Dr. Michael Meyen (LMU)Bearbeitung: Dr. Daria Gordeeva Bei der gesellschaftlichen Auseinandersetzung mit der DDR-Vergangenheit kommt Spielfilmen eine besondere Rolle zu. Denn seit der Mitte des 20. Jahrhunderts ist... Read more &raquo;","og_url":"https:\/\/medienerbe-ddr.de\/index.php\/projekte-2\/online-handbuch-ddr-im-film\/","og_site_name":"Das mediale Erbe der DDR","article_modified_time":"2024-12-20T17:12:13+00:00","og_image":[{"width":1549,"height":1132,"url":"https:\/\/medienerbe-ddr.de\/wp-content\/uploads\/2023\/10\/C1-II.jpg","type":"image\/jpeg"}],"twitter_card":"summary_large_image","twitter_misc":{"Gesch\u00e4tzte Lesezeit":"4\u00a0Minuten"},"schema":{"@context":"https:\/\/schema.org","@graph":[{"@type":"WebPage","@id":"https:\/\/medienerbe-ddr.de\/index.php\/projekte-2\/online-handbuch-ddr-im-film\/","url":"https:\/\/medienerbe-ddr.de\/index.php\/projekte-2\/online-handbuch-ddr-im-film\/","name":"Online-Handbuch: DDR im Film - Das mediale Erbe der DDR","isPartOf":{"@id":"https:\/\/medienerbe-ddr.de\/#website"},"primaryImageOfPage":{"@id":"https:\/\/medienerbe-ddr.de\/index.php\/projekte-2\/online-handbuch-ddr-im-film\/#primaryimage"},"image":{"@id":"https:\/\/medienerbe-ddr.de\/index.php\/projekte-2\/online-handbuch-ddr-im-film\/#primaryimage"},"thumbnailUrl":"https:\/\/medienerbe-ddr.de\/wp-content\/uploads\/2023\/10\/C1-II.jpg","datePublished":"2019-04-05T10:16:07+00:00","dateModified":"2024-12-20T17:12:13+00:00","breadcrumb":{"@id":"https:\/\/medienerbe-ddr.de\/index.php\/projekte-2\/online-handbuch-ddr-im-film\/#breadcrumb"},"inLanguage":"de","potentialAction":[{"@type":"ReadAction","target":["https:\/\/medienerbe-ddr.de\/index.php\/projekte-2\/online-handbuch-ddr-im-film\/"]}]},{"@type":"ImageObject","inLanguage":"de","@id":"https:\/\/medienerbe-ddr.de\/index.php\/projekte-2\/online-handbuch-ddr-im-film\/#primaryimage","url":"https:\/\/medienerbe-ddr.de\/wp-content\/uploads\/2023\/10\/C1-II.jpg","contentUrl":"https:\/\/medienerbe-ddr.de\/wp-content\/uploads\/2023\/10\/C1-II.jpg","width":1549,"height":1132},{"@type":"BreadcrumbList","@id":"https:\/\/medienerbe-ddr.de\/index.php\/projekte-2\/online-handbuch-ddr-im-film\/#breadcrumb","itemListElement":[{"@type":"ListItem","position":1,"name":"Startseite","item":"https:\/\/medienerbe-ddr.de\/"},{"@type":"ListItem","position":2,"name":"Projekte 2019 \u2013 2023","item":"https:\/\/medienerbe-ddr.de\/index.php\/projekte-2\/"},{"@type":"ListItem","position":3,"name":"Online-Handbuch: DDR im Film"}]},{"@type":"WebSite","@id":"https:\/\/medienerbe-ddr.de\/#website","url":"https:\/\/medienerbe-ddr.de\/","name":"Das mediale Erbe der DDR","description":"Akteure, Aneignung, Tradierung","publisher":{"@id":"https:\/\/medienerbe-ddr.de\/#organization"},"potentialAction":[{"@type":"SearchAction","target":{"@type":"EntryPoint","urlTemplate":"https:\/\/medienerbe-ddr.de\/?s={search_term_string}"},"query-input":{"@type":"PropertyValueSpecification","valueRequired":true,"valueName":"search_term_string"}}],"inLanguage":"de"},{"@type":"Organization","@id":"https:\/\/medienerbe-ddr.de\/#organization","name":"Forschungsverbund Das mediale Erbe der DDR","url":"https:\/\/medienerbe-ddr.de\/","logo":{"@type":"ImageObject","inLanguage":"de","@id":"https:\/\/medienerbe-ddr.de\/#\/schema\/logo\/image\/","url":"https:\/\/medienerbe-ddr.de\/wp-content\/uploads\/2019\/03\/LogoDDR_27mm-hg-weiss.png","contentUrl":"https:\/\/medienerbe-ddr.de\/wp-content\/uploads\/2019\/03\/LogoDDR_27mm-hg-weiss.png","width":319,"height":305,"caption":"Forschungsverbund Das mediale Erbe der DDR"},"image":{"@id":"https:\/\/medienerbe-ddr.de\/#\/schema\/logo\/image\/"}}]}},"_links":{"self":[{"href":"https:\/\/medienerbe-ddr.de\/index.php\/wp-json\/wp\/v2\/pages\/951","targetHints":{"allow":["GET"]}}],"collection":[{"href":"https:\/\/medienerbe-ddr.de\/index.php\/wp-json\/wp\/v2\/pages"}],"about":[{"href":"https:\/\/medienerbe-ddr.de\/index.php\/wp-json\/wp\/v2\/types\/page"}],"author":[{"embeddable":true,"href":"https:\/\/medienerbe-ddr.de\/index.php\/wp-json\/wp\/v2\/users\/4"}],"replies":[{"embeddable":true,"href":"https:\/\/medienerbe-ddr.de\/index.php\/wp-json\/wp\/v2\/comments?post=951"}],"version-history":[{"count":9,"href":"https:\/\/medienerbe-ddr.de\/index.php\/wp-json\/wp\/v2\/pages\/951\/revisions"}],"predecessor-version":[{"id":1627,"href":"https:\/\/medienerbe-ddr.de\/index.php\/wp-json\/wp\/v2\/pages\/951\/revisions\/1627"}],"up":[{"embeddable":true,"href":"https:\/\/medienerbe-ddr.de\/index.php\/wp-json\/wp\/v2\/pages\/6"}],"wp:attachment":[{"href":"https:\/\/medienerbe-ddr.de\/index.php\/wp-json\/wp\/v2\/media?parent=951"}],"curies":[{"name":"wp","href":"https:\/\/api.w.org\/{rel}","templated":true}]}}