{"id":924,"date":"2019-04-05T09:38:18","date_gmt":"2019-04-05T08:38:18","guid":{"rendered":"http:\/\/medienerbe-ddr.de\/?page_id=924"},"modified":"2023-10-10T15:04:24","modified_gmt":"2023-10-10T14:04:24","slug":"mediale-ueberlieferungen-aus-der-ddr-in-museen-und-ausstellungen","status":"publish","type":"page","link":"https:\/\/medienerbe-ddr.de\/index.php\/projekte-2\/mediale-ueberlieferungen-aus-der-ddr-in-museen-und-ausstellungen\/","title":{"rendered":"Mediale \u00dcberlieferungen aus der DDR in Museen und Ausstellungen"},"content":{"rendered":"\n<p><em>Projektleitung: Prof. Dr. Martin L\u00fccke (FU)<br>Bearbeitung: Lotte Thaa<\/em><\/p>\n\n\n\n<div class=\"wp-block-columns has-2-columns is-layout-flex wp-container-core-columns-is-layout-9d6595d7 wp-block-columns-is-layout-flex\">\n<div class=\"wp-block-column is-layout-flow wp-block-column-is-layout-flow\">\n<div class=\"wp-block-cover aligncenter is-light has-custom-content-position is-position-bottom-right\"><span aria-hidden=\"true\" class=\"wp-block-cover__background has-background-dim-0 has-background-dim\"><\/span><img loading=\"lazy\" decoding=\"async\" width=\"800\" height=\"498\" class=\"wp-block-cover__image-background wp-image-202\" alt=\"\" src=\"http:\/\/medienerbe-ddr.de\/wp-content\/uploads\/2019\/02\/B4.2_Bild-Kopie.jpg\" data-object-fit=\"cover\" srcset=\"https:\/\/medienerbe-ddr.de\/wp-content\/uploads\/2019\/02\/B4.2_Bild-Kopie.jpg 800w, https:\/\/medienerbe-ddr.de\/wp-content\/uploads\/2019\/02\/B4.2_Bild-Kopie-300x187.jpg 300w, https:\/\/medienerbe-ddr.de\/wp-content\/uploads\/2019\/02\/B4.2_Bild-Kopie-768x478.jpg 768w\" sizes=\"auto, (max-width: 800px) 100vw, 800px\" \/><div class=\"wp-block-cover__inner-container is-layout-flow wp-block-cover-is-layout-flow\">\n<p class=\"has-text-align-right has-white-color has-text-color has-large-font-size\">Graffiti auf dem Fundament des abgerissenen Palastes der Republik, Berlin<br>\u00a9 Lotte Thaa<\/p>\n<\/div><\/div>\n\n\n\n<p>Ausstellungen sind ein wichtiges Medium\nder \u00f6ffentlichen Verhandlung von Geschichte \u2013 Ergebnis und Motor\ngeschichtspolitischer Entwicklungen zugleich. Die detaillierte Betrachtung von\nAusstellungen \u00fcber die DDR im Laufe der letzten 30 Jahre soll Aufschl\u00fcsse \u00fcber\nverschiedene Herangehensweisen und Methoden der Musealisierung der DDR bieten.\nDabei werden nicht nur die Ausstellungen im Hinblick auf Exponate, Texte,\nGestaltung und Raumarrangements untersucht; auch der institutionelle Kontext,\ndie Entstehungsgeschichte der Museen und vor allem das Zustandekommen der\nSammlungen wird im Fokus stehen. Hierzu werden Methoden der Ausstellungsanalyse\n(Scholze, Muttenthaler\/Wonisch), Ans\u00e4tze der postkolonialen Museumstheorie\nsowie Arbeiten zur Geschichtspolitik (Siebeck, Sabrow) herangezogen. <\/p>\n\n\n\n<p>Das Studieren von Sammlungsgeschichte und Ausstellungspraxis verschiedener Museen verspricht sowohl Erkenntnisse \u00fcber die Musealisierung von Zeitgeschichte als auch \u00fcber die Erinnerungslandschaft der deutschen Teilung.<\/p>\n\n\n\n<p><strong>Publikationen<\/strong><\/p>\n\n\n\n<p><img loading=\"lazy\" decoding=\"async\" width=\"150\" height=\"113\" class=\"wp-image-1244\" style=\"width: 150px;\" src=\"https:\/\/medienerbe-ddr.de\/wp-content\/uploads\/2020\/11\/Download.png\" alt=\"\"><\/p>\n\n\n\n<ul class=\"wp-block-list\">\n<li>Julian Genten, Lotte Thaa: Die Geschichte der Teilung Berlins. Fragen und Antworten. Berliner Beauftragter zur Aufarbeitung der SED-Diktatur, Berliner Landeszentrale f\u00fcr politische Bildung (Hg.), Berlin 2020, URL: <a href=\"https:\/\/www.berlin.de\/aufarbeitung\/veranstaltungen\/geschichte-der-teilung-berlins.pdf\">https:\/\/www.berlin.de\/aufarbeitung\/veranstaltungen\/geschichte-der-teilung-berlins.pdf<\/a><\/li>\n\n\n\n<li>Lotte Thaa: Von der Stra\u00dfe ins Museum. The Revolution will (not) be Musealized. In: Caroline Moine, Guillaume Mouralis, Laure de Verdalle (Hg.): Die Stra\u00dfe ist die Trib\u00fcne des Volkes. Ansichten zum 4. November 1989, Berlin 2021, S. 170\u2013180.<\/li>\n\n\n\n<li>Lotte Thaa: Die Homo-Wende. Jacobin 3\/2020.<\/li>\n\n\n\n<li>Lotte Thaa: The Revolution Will Not Be Musealised. Remnants of the GDR\u2019s \u2018Peaceful Revolution\u2019 in the Museum. In: \u201eMister Gorbachev, tear down this wall!\u201c Socio-economic and Political Consequences 30 Years After (History of Communism in Europe 10\/2019).<\/li>\n<\/ul>\n<\/div>\n<\/div>\n","protected":false},"excerpt":{"rendered":"<p>Projektleitung: Prof. Dr. Martin L\u00fccke (FU)Bearbeitung: Lotte Thaa Ausstellungen sind ein wichtiges Medium der \u00f6ffentlichen Verhandlung von Geschichte \u2013 Ergebnis und Motor geschichtspolitischer Entwicklungen zugleich. Die detaillierte Betrachtung von Ausstellungen&#8230; <a href=\"https:\/\/medienerbe-ddr.de\/index.php\/projekte-2\/mediale-ueberlieferungen-aus-der-ddr-in-museen-und-ausstellungen\/\">Read more &raquo;<\/a><\/p>\n","protected":false},"author":4,"featured_media":0,"parent":6,"menu_order":200,"comment_status":"closed","ping_status":"closed","template":"page-templates\/full-width.php","meta":{"_acf_changed":false,"footnotes":""},"class_list":["post-924","page","type-page","status-publish","hentry"],"acf":[],"yoast_head":"<!-- This site is optimized with the Yoast SEO plugin v27.2 - https:\/\/yoast.com\/product\/yoast-seo-wordpress\/ -->\n<title>Mediale \u00dcberlieferungen aus der DDR in Museen und Ausstellungen - Das mediale Erbe der DDR<\/title>\n<meta name=\"robots\" content=\"index, follow, max-snippet:-1, max-image-preview:large, max-video-preview:-1\" \/>\n<link rel=\"canonical\" href=\"https:\/\/medienerbe-ddr.de\/index.php\/projekte-2\/mediale-ueberlieferungen-aus-der-ddr-in-museen-und-ausstellungen\/\" \/>\n<meta property=\"og:locale\" content=\"de_DE\" \/>\n<meta property=\"og:type\" content=\"article\" \/>\n<meta property=\"og:title\" content=\"Mediale \u00dcberlieferungen aus der DDR in Museen und Ausstellungen - Das mediale Erbe der DDR\" \/>\n<meta property=\"og:description\" content=\"Projektleitung: Prof. Dr. Martin L\u00fccke (FU)Bearbeitung: Lotte Thaa Ausstellungen sind ein wichtiges Medium der \u00f6ffentlichen Verhandlung von Geschichte \u2013 Ergebnis und Motor geschichtspolitischer Entwicklungen zugleich. Die detaillierte Betrachtung von Ausstellungen... Read more &raquo;\" \/>\n<meta property=\"og:url\" content=\"https:\/\/medienerbe-ddr.de\/index.php\/projekte-2\/mediale-ueberlieferungen-aus-der-ddr-in-museen-und-ausstellungen\/\" \/>\n<meta property=\"og:site_name\" content=\"Das mediale Erbe der DDR\" \/>\n<meta property=\"article:modified_time\" content=\"2023-10-10T14:04:24+00:00\" \/>\n<meta property=\"og:image\" content=\"http:\/\/medienerbe-ddr.de\/wp-content\/uploads\/2019\/02\/B4.2_Bild-Kopie.jpg\" \/>\n<meta name=\"twitter:card\" content=\"summary_large_image\" \/>\n<meta name=\"twitter:label1\" content=\"Gesch\u00e4tzte Lesezeit\" \/>\n\t<meta name=\"twitter:data1\" content=\"2\u00a0Minuten\" \/>\n<script type=\"application\/ld+json\" class=\"yoast-schema-graph\">{\"@context\":\"https:\/\/schema.org\",\"@graph\":[{\"@type\":\"WebPage\",\"@id\":\"https:\/\/medienerbe-ddr.de\/index.php\/projekte-2\/mediale-ueberlieferungen-aus-der-ddr-in-museen-und-ausstellungen\/\",\"url\":\"https:\/\/medienerbe-ddr.de\/index.php\/projekte-2\/mediale-ueberlieferungen-aus-der-ddr-in-museen-und-ausstellungen\/\",\"name\":\"Mediale \u00dcberlieferungen aus der DDR in Museen und Ausstellungen - Das mediale Erbe der DDR\",\"isPartOf\":{\"@id\":\"https:\/\/medienerbe-ddr.de\/#website\"},\"primaryImageOfPage\":{\"@id\":\"https:\/\/medienerbe-ddr.de\/index.php\/projekte-2\/mediale-ueberlieferungen-aus-der-ddr-in-museen-und-ausstellungen\/#primaryimage\"},\"image\":{\"@id\":\"https:\/\/medienerbe-ddr.de\/index.php\/projekte-2\/mediale-ueberlieferungen-aus-der-ddr-in-museen-und-ausstellungen\/#primaryimage\"},\"thumbnailUrl\":\"http:\/\/medienerbe-ddr.de\/wp-content\/uploads\/2019\/02\/B4.2_Bild-Kopie.jpg\",\"datePublished\":\"2019-04-05T08:38:18+00:00\",\"dateModified\":\"2023-10-10T14:04:24+00:00\",\"breadcrumb\":{\"@id\":\"https:\/\/medienerbe-ddr.de\/index.php\/projekte-2\/mediale-ueberlieferungen-aus-der-ddr-in-museen-und-ausstellungen\/#breadcrumb\"},\"inLanguage\":\"de\",\"potentialAction\":[{\"@type\":\"ReadAction\",\"target\":[\"https:\/\/medienerbe-ddr.de\/index.php\/projekte-2\/mediale-ueberlieferungen-aus-der-ddr-in-museen-und-ausstellungen\/\"]}]},{\"@type\":\"ImageObject\",\"inLanguage\":\"de\",\"@id\":\"https:\/\/medienerbe-ddr.de\/index.php\/projekte-2\/mediale-ueberlieferungen-aus-der-ddr-in-museen-und-ausstellungen\/#primaryimage\",\"url\":\"https:\/\/medienerbe-ddr.de\/wp-content\/uploads\/2019\/02\/B4.2_Bild-Kopie.jpg\",\"contentUrl\":\"https:\/\/medienerbe-ddr.de\/wp-content\/uploads\/2019\/02\/B4.2_Bild-Kopie.jpg\",\"width\":800,\"height\":498},{\"@type\":\"BreadcrumbList\",\"@id\":\"https:\/\/medienerbe-ddr.de\/index.php\/projekte-2\/mediale-ueberlieferungen-aus-der-ddr-in-museen-und-ausstellungen\/#breadcrumb\",\"itemListElement\":[{\"@type\":\"ListItem\",\"position\":1,\"name\":\"Startseite\",\"item\":\"https:\/\/medienerbe-ddr.de\/\"},{\"@type\":\"ListItem\",\"position\":2,\"name\":\"Projekte 2019 \u2013 2023\",\"item\":\"https:\/\/medienerbe-ddr.de\/index.php\/projekte-2\/\"},{\"@type\":\"ListItem\",\"position\":3,\"name\":\"Mediale \u00dcberlieferungen aus der DDR in Museen und Ausstellungen\"}]},{\"@type\":\"WebSite\",\"@id\":\"https:\/\/medienerbe-ddr.de\/#website\",\"url\":\"https:\/\/medienerbe-ddr.de\/\",\"name\":\"Das mediale Erbe der DDR\",\"description\":\"Akteure, Aneignung, Tradierung\",\"publisher\":{\"@id\":\"https:\/\/medienerbe-ddr.de\/#organization\"},\"potentialAction\":[{\"@type\":\"SearchAction\",\"target\":{\"@type\":\"EntryPoint\",\"urlTemplate\":\"https:\/\/medienerbe-ddr.de\/?s={search_term_string}\"},\"query-input\":{\"@type\":\"PropertyValueSpecification\",\"valueRequired\":true,\"valueName\":\"search_term_string\"}}],\"inLanguage\":\"de\"},{\"@type\":\"Organization\",\"@id\":\"https:\/\/medienerbe-ddr.de\/#organization\",\"name\":\"Forschungsverbund Das mediale Erbe der DDR\",\"url\":\"https:\/\/medienerbe-ddr.de\/\",\"logo\":{\"@type\":\"ImageObject\",\"inLanguage\":\"de\",\"@id\":\"https:\/\/medienerbe-ddr.de\/#\/schema\/logo\/image\/\",\"url\":\"https:\/\/medienerbe-ddr.de\/wp-content\/uploads\/2019\/03\/LogoDDR_27mm-hg-weiss.png\",\"contentUrl\":\"https:\/\/medienerbe-ddr.de\/wp-content\/uploads\/2019\/03\/LogoDDR_27mm-hg-weiss.png\",\"width\":319,\"height\":305,\"caption\":\"Forschungsverbund Das mediale Erbe der DDR\"},\"image\":{\"@id\":\"https:\/\/medienerbe-ddr.de\/#\/schema\/logo\/image\/\"}}]}<\/script>\n<!-- \/ Yoast SEO plugin. -->","yoast_head_json":{"title":"Mediale \u00dcberlieferungen aus der DDR in Museen und Ausstellungen - Das mediale Erbe der DDR","robots":{"index":"index","follow":"follow","max-snippet":"max-snippet:-1","max-image-preview":"max-image-preview:large","max-video-preview":"max-video-preview:-1"},"canonical":"https:\/\/medienerbe-ddr.de\/index.php\/projekte-2\/mediale-ueberlieferungen-aus-der-ddr-in-museen-und-ausstellungen\/","og_locale":"de_DE","og_type":"article","og_title":"Mediale \u00dcberlieferungen aus der DDR in Museen und Ausstellungen - Das mediale Erbe der DDR","og_description":"Projektleitung: Prof. Dr. Martin L\u00fccke (FU)Bearbeitung: Lotte Thaa Ausstellungen sind ein wichtiges Medium der \u00f6ffentlichen Verhandlung von Geschichte \u2013 Ergebnis und Motor geschichtspolitischer Entwicklungen zugleich. Die detaillierte Betrachtung von Ausstellungen... Read more &raquo;","og_url":"https:\/\/medienerbe-ddr.de\/index.php\/projekte-2\/mediale-ueberlieferungen-aus-der-ddr-in-museen-und-ausstellungen\/","og_site_name":"Das mediale Erbe der DDR","article_modified_time":"2023-10-10T14:04:24+00:00","og_image":[{"url":"http:\/\/medienerbe-ddr.de\/wp-content\/uploads\/2019\/02\/B4.2_Bild-Kopie.jpg","type":"","width":"","height":""}],"twitter_card":"summary_large_image","twitter_misc":{"Gesch\u00e4tzte Lesezeit":"2\u00a0Minuten"},"schema":{"@context":"https:\/\/schema.org","@graph":[{"@type":"WebPage","@id":"https:\/\/medienerbe-ddr.de\/index.php\/projekte-2\/mediale-ueberlieferungen-aus-der-ddr-in-museen-und-ausstellungen\/","url":"https:\/\/medienerbe-ddr.de\/index.php\/projekte-2\/mediale-ueberlieferungen-aus-der-ddr-in-museen-und-ausstellungen\/","name":"Mediale \u00dcberlieferungen aus der DDR in Museen und Ausstellungen - Das mediale Erbe der DDR","isPartOf":{"@id":"https:\/\/medienerbe-ddr.de\/#website"},"primaryImageOfPage":{"@id":"https:\/\/medienerbe-ddr.de\/index.php\/projekte-2\/mediale-ueberlieferungen-aus-der-ddr-in-museen-und-ausstellungen\/#primaryimage"},"image":{"@id":"https:\/\/medienerbe-ddr.de\/index.php\/projekte-2\/mediale-ueberlieferungen-aus-der-ddr-in-museen-und-ausstellungen\/#primaryimage"},"thumbnailUrl":"http:\/\/medienerbe-ddr.de\/wp-content\/uploads\/2019\/02\/B4.2_Bild-Kopie.jpg","datePublished":"2019-04-05T08:38:18+00:00","dateModified":"2023-10-10T14:04:24+00:00","breadcrumb":{"@id":"https:\/\/medienerbe-ddr.de\/index.php\/projekte-2\/mediale-ueberlieferungen-aus-der-ddr-in-museen-und-ausstellungen\/#breadcrumb"},"inLanguage":"de","potentialAction":[{"@type":"ReadAction","target":["https:\/\/medienerbe-ddr.de\/index.php\/projekte-2\/mediale-ueberlieferungen-aus-der-ddr-in-museen-und-ausstellungen\/"]}]},{"@type":"ImageObject","inLanguage":"de","@id":"https:\/\/medienerbe-ddr.de\/index.php\/projekte-2\/mediale-ueberlieferungen-aus-der-ddr-in-museen-und-ausstellungen\/#primaryimage","url":"https:\/\/medienerbe-ddr.de\/wp-content\/uploads\/2019\/02\/B4.2_Bild-Kopie.jpg","contentUrl":"https:\/\/medienerbe-ddr.de\/wp-content\/uploads\/2019\/02\/B4.2_Bild-Kopie.jpg","width":800,"height":498},{"@type":"BreadcrumbList","@id":"https:\/\/medienerbe-ddr.de\/index.php\/projekte-2\/mediale-ueberlieferungen-aus-der-ddr-in-museen-und-ausstellungen\/#breadcrumb","itemListElement":[{"@type":"ListItem","position":1,"name":"Startseite","item":"https:\/\/medienerbe-ddr.de\/"},{"@type":"ListItem","position":2,"name":"Projekte 2019 \u2013 2023","item":"https:\/\/medienerbe-ddr.de\/index.php\/projekte-2\/"},{"@type":"ListItem","position":3,"name":"Mediale \u00dcberlieferungen aus der DDR in Museen und Ausstellungen"}]},{"@type":"WebSite","@id":"https:\/\/medienerbe-ddr.de\/#website","url":"https:\/\/medienerbe-ddr.de\/","name":"Das mediale Erbe der DDR","description":"Akteure, Aneignung, Tradierung","publisher":{"@id":"https:\/\/medienerbe-ddr.de\/#organization"},"potentialAction":[{"@type":"SearchAction","target":{"@type":"EntryPoint","urlTemplate":"https:\/\/medienerbe-ddr.de\/?s={search_term_string}"},"query-input":{"@type":"PropertyValueSpecification","valueRequired":true,"valueName":"search_term_string"}}],"inLanguage":"de"},{"@type":"Organization","@id":"https:\/\/medienerbe-ddr.de\/#organization","name":"Forschungsverbund Das mediale Erbe der DDR","url":"https:\/\/medienerbe-ddr.de\/","logo":{"@type":"ImageObject","inLanguage":"de","@id":"https:\/\/medienerbe-ddr.de\/#\/schema\/logo\/image\/","url":"https:\/\/medienerbe-ddr.de\/wp-content\/uploads\/2019\/03\/LogoDDR_27mm-hg-weiss.png","contentUrl":"https:\/\/medienerbe-ddr.de\/wp-content\/uploads\/2019\/03\/LogoDDR_27mm-hg-weiss.png","width":319,"height":305,"caption":"Forschungsverbund Das mediale Erbe der DDR"},"image":{"@id":"https:\/\/medienerbe-ddr.de\/#\/schema\/logo\/image\/"}}]}},"_links":{"self":[{"href":"https:\/\/medienerbe-ddr.de\/index.php\/wp-json\/wp\/v2\/pages\/924","targetHints":{"allow":["GET"]}}],"collection":[{"href":"https:\/\/medienerbe-ddr.de\/index.php\/wp-json\/wp\/v2\/pages"}],"about":[{"href":"https:\/\/medienerbe-ddr.de\/index.php\/wp-json\/wp\/v2\/types\/page"}],"author":[{"embeddable":true,"href":"https:\/\/medienerbe-ddr.de\/index.php\/wp-json\/wp\/v2\/users\/4"}],"replies":[{"embeddable":true,"href":"https:\/\/medienerbe-ddr.de\/index.php\/wp-json\/wp\/v2\/comments?post=924"}],"version-history":[{"count":3,"href":"https:\/\/medienerbe-ddr.de\/index.php\/wp-json\/wp\/v2\/pages\/924\/revisions"}],"predecessor-version":[{"id":1447,"href":"https:\/\/medienerbe-ddr.de\/index.php\/wp-json\/wp\/v2\/pages\/924\/revisions\/1447"}],"up":[{"embeddable":true,"href":"https:\/\/medienerbe-ddr.de\/index.php\/wp-json\/wp\/v2\/pages\/6"}],"wp:attachment":[{"href":"https:\/\/medienerbe-ddr.de\/index.php\/wp-json\/wp\/v2\/media?parent=924"}],"curies":[{"name":"wp","href":"https:\/\/api.w.org\/{rel}","templated":true}]}}