{"id":916,"date":"2019-04-03T09:40:20","date_gmt":"2019-04-03T08:40:20","guid":{"rendered":"http:\/\/medienerbe-ddr.de\/?page_id=916"},"modified":"2025-10-01T08:54:52","modified_gmt":"2025-10-01T07:54:52","slug":"moving-history-2-festival-des-historischen-films-potsdam-2019","status":"publish","type":"page","link":"https:\/\/medienerbe-ddr.de\/index.php\/projekte-2\/moving-history-2-festival-des-historischen-films-potsdam-2019\/","title":{"rendered":"moving history \u2013 Festival des Historischen Films (Potsdam 2019)"},"content":{"rendered":"\n<p>Organisation: Dr. Ilka Brombach, Dr. Christoph Classen<\/p>\n\n\n\n<div class=\"wp-block-columns has-2-columns is-layout-flex wp-container-core-columns-is-layout-9d6595d7 wp-block-columns-is-layout-flex\">\n<div class=\"wp-block-column is-layout-flow wp-block-column-is-layout-flow\">\n<div class=\"wp-block-cover aligncenter has-custom-content-position is-position-bottom-right\"><img loading=\"lazy\" decoding=\"async\" width=\"2048\" height=\"1556\" class=\"wp-block-cover__image-background wp-image-548\" alt=\"\" src=\"https:\/\/medienerbe-ddr.de\/wp-content\/uploads\/2019\/03\/C4.jpg\" data-object-fit=\"cover\" srcset=\"https:\/\/medienerbe-ddr.de\/wp-content\/uploads\/2019\/03\/C4.jpg 2048w, https:\/\/medienerbe-ddr.de\/wp-content\/uploads\/2019\/03\/C4-300x228.jpg 300w, https:\/\/medienerbe-ddr.de\/wp-content\/uploads\/2019\/03\/C4-768x584.jpg 768w, https:\/\/medienerbe-ddr.de\/wp-content\/uploads\/2019\/03\/C4-1024x778.jpg 1024w, https:\/\/medienerbe-ddr.de\/wp-content\/uploads\/2019\/03\/C4-624x474.jpg 624w\" sizes=\"auto, (max-width: 2048px) 100vw, 2048px\" \/><span aria-hidden=\"true\" class=\"wp-block-cover__background has-background-dim-0 has-background-dim\"><\/span><div class=\"wp-block-cover__inner-container is-layout-flow wp-block-cover-is-layout-flow\">\n<p class=\"has-text-align-center has-large-font-size\">\u00a9 GOOD BYE, LENIN!, X-Verleih AG<\/p>\n<\/div><\/div>\n\n\n\n<p>Filmische Auseinandersetzungen mit Geschichte erfreuen sich anhaltend gro\u00dfer Popularit\u00e4t und stellen dementsprechend ein wichtiges Medium der Aushandlung gesellschaftlicher Identit\u00e4ten und Erwartungen dar. Aus diesem Grund ist in Potsdam <em>moving history<\/em> gegr\u00fcndet worden, das erste Filmfestival in Deutschland, das sich auf Geschichte im Film spezialisiert hat. Es versteht sich als Forum, auf dem sich Publikum, Filmemacher und Wissenschaftler \u00fcber filmische Repr\u00e4sentationen der Vergangenheit austauschen k\u00f6nnen. <\/p>\n\n\n\n<p>30 Jahre nach dem Ende der DDR widmet sich die zweite Ausgabe von <em>moving history<\/em> vom 25.-29. September 2019 dem Schwerpunktthema \u201eAls wir tr\u00e4umten &#8211; Revolution, Mauerfall, Nachwendezeit\u201c. Im Mittelpunkt der kuratierten Retrospektive sowie der Bildungs- und Wissenschaftsformate stehen Spiel- und Dokumentarfilme, die diesen Bruch und die folgende Transformationsphase thematisieren. Der Rahmen eines gr\u00f6\u00dferen lokalen Events in Ostdeutschland bietet nicht nur die M\u00f6glichkeit zum breiten Wissenserwerb \u00fcber die DDR-Vergangenheit, sondern kann auch die intergenerationelle Diskussion \u00fcber die Diktaturvergangenheit anregen.<\/p>\n\n\n\n<p><strong>Publikationen<\/strong><\/p>\n\n\n\n<ul class=\"wp-block-list\">\n<li>moving history\u250202. Festival des historischen Films Potsdam (Website inkl. Trailer, Festivalkatalog und Videodokumentation der Filmgespr\u00e4che), verf\u00fcgbar unter <a href=\"https:\/\/www.moving-history.de\/\" target=\"_blank\" rel=\"noreferrer noopener\">https:\/\/www.moving-history.de\/<\/a><\/li>\n\n\n\n<li>Christoph Classen: Medialit\u00e4t. In: Martin Sabrow, Achim Saupe: <em>Handbuch Historische Authentizit\u00e4t<\/em>, G\u00f6ttingen 2022, S. 293\u2013301.<\/li>\n\n\n\n<li>Christoph Classen, Achim Saupe, Hans-Ulrich Wagner (Hg.): <em>Echt inszeniert. Zum Verh\u00e4ltnis von Authentizit\u00e4t, Geschichte und Medien in der Moderne<\/em>. Potsdam 2021. URL: <a href=\"https:\/\/zdbooks.de\/echt-inszeniert-2021\">https:\/\/zdbooks.de\/echt-inszeniert-2021<\/a><\/li>\n\n\n\n<li>moving history \u2013 Festival des historischen Films Potsdam e.V. (Hg.): moving history \u250202 \u2013 ALS WIR TR\u00c4UMTEN. Revolution, Mauerfall, Nachwendezeit. (Festivalkatalog). Potsdam 2019, URL: <a href=\"https:\/\/www.moving-history.de\/archiv\/2019\/app\/uploads\/2019\/09\/moving-history_festivalkatalog_web.pdf\">https:\/\/www.moving-history.de\/archiv\/2019\/app\/uploads\/2019\/09\/moving-history_festivalkatalog_web.pdf<\/a><\/li>\n\n\n\n<li>moving history \u2013 Festival des historischen Films Potsdam e.V. (Hg.): <em>moving history\u250202. Bilanz 2019<\/em>. Potsdam 2019.<\/li>\n<\/ul>\n<\/div>\n<\/div>\n","protected":false},"excerpt":{"rendered":"<p>Organisation: Dr. Ilka Brombach, Dr. Christoph Classen Filmische Auseinandersetzungen mit Geschichte erfreuen sich anhaltend gro\u00dfer Popularit\u00e4t und stellen dementsprechend ein wichtiges Medium der Aushandlung gesellschaftlicher Identit\u00e4ten und Erwartungen dar. Aus&#8230; <a href=\"https:\/\/medienerbe-ddr.de\/index.php\/projekte-2\/moving-history-2-festival-des-historischen-films-potsdam-2019\/\">Read more &raquo;<\/a><\/p>\n","protected":false},"author":4,"featured_media":0,"parent":6,"menu_order":200,"comment_status":"closed","ping_status":"closed","template":"page-templates\/full-width.php","meta":{"_acf_changed":false,"footnotes":""},"class_list":["post-916","page","type-page","status-publish","hentry"],"acf":[],"yoast_head":"<!-- This site is optimized with the Yoast SEO plugin v27.4 - https:\/\/yoast.com\/product\/yoast-seo-wordpress\/ -->\n<title>moving history \u2013 Festival des Historischen Films (Potsdam 2019) - Das mediale Erbe der DDR<\/title>\n<meta name=\"robots\" content=\"index, follow, max-snippet:-1, max-image-preview:large, max-video-preview:-1\" \/>\n<link rel=\"canonical\" href=\"https:\/\/medienerbe-ddr.de\/index.php\/projekte-2\/moving-history-2-festival-des-historischen-films-potsdam-2019\/\" \/>\n<meta property=\"og:locale\" content=\"de_DE\" \/>\n<meta property=\"og:type\" content=\"article\" \/>\n<meta property=\"og:title\" content=\"moving history \u2013 Festival des Historischen Films (Potsdam 2019) - Das mediale Erbe der DDR\" \/>\n<meta property=\"og:description\" content=\"Organisation: Dr. Ilka Brombach, Dr. Christoph Classen Filmische Auseinandersetzungen mit Geschichte erfreuen sich anhaltend gro\u00dfer Popularit\u00e4t und stellen dementsprechend ein wichtiges Medium der Aushandlung gesellschaftlicher Identit\u00e4ten und Erwartungen dar. Aus... Read more &raquo;\" \/>\n<meta property=\"og:url\" content=\"https:\/\/medienerbe-ddr.de\/index.php\/projekte-2\/moving-history-2-festival-des-historischen-films-potsdam-2019\/\" \/>\n<meta property=\"og:site_name\" content=\"Das mediale Erbe der DDR\" \/>\n<meta property=\"article:modified_time\" content=\"2025-10-01T07:54:52+00:00\" \/>\n<meta property=\"og:image\" content=\"https:\/\/medienerbe-ddr.de\/wp-content\/uploads\/2019\/03\/C4.jpg\" \/>\n\t<meta property=\"og:image:width\" content=\"2048\" \/>\n\t<meta property=\"og:image:height\" content=\"1556\" \/>\n\t<meta property=\"og:image:type\" content=\"image\/jpeg\" \/>\n<meta name=\"twitter:card\" content=\"summary_large_image\" \/>\n<meta name=\"twitter:label1\" content=\"Gesch\u00e4tzte Lesezeit\" \/>\n\t<meta name=\"twitter:data1\" content=\"2\u00a0Minuten\" \/>\n<script type=\"application\/ld+json\" class=\"yoast-schema-graph\">{\"@context\":\"https:\\\/\\\/schema.org\",\"@graph\":[{\"@type\":\"WebPage\",\"@id\":\"https:\\\/\\\/medienerbe-ddr.de\\\/index.php\\\/projekte-2\\\/moving-history-2-festival-des-historischen-films-potsdam-2019\\\/\",\"url\":\"https:\\\/\\\/medienerbe-ddr.de\\\/index.php\\\/projekte-2\\\/moving-history-2-festival-des-historischen-films-potsdam-2019\\\/\",\"name\":\"moving history \u2013 Festival des Historischen Films (Potsdam 2019) - Das mediale Erbe der DDR\",\"isPartOf\":{\"@id\":\"https:\\\/\\\/medienerbe-ddr.de\\\/#website\"},\"primaryImageOfPage\":{\"@id\":\"https:\\\/\\\/medienerbe-ddr.de\\\/index.php\\\/projekte-2\\\/moving-history-2-festival-des-historischen-films-potsdam-2019\\\/#primaryimage\"},\"image\":{\"@id\":\"https:\\\/\\\/medienerbe-ddr.de\\\/index.php\\\/projekte-2\\\/moving-history-2-festival-des-historischen-films-potsdam-2019\\\/#primaryimage\"},\"thumbnailUrl\":\"https:\\\/\\\/medienerbe-ddr.de\\\/wp-content\\\/uploads\\\/2019\\\/03\\\/C4.jpg\",\"datePublished\":\"2019-04-03T08:40:20+00:00\",\"dateModified\":\"2025-10-01T07:54:52+00:00\",\"breadcrumb\":{\"@id\":\"https:\\\/\\\/medienerbe-ddr.de\\\/index.php\\\/projekte-2\\\/moving-history-2-festival-des-historischen-films-potsdam-2019\\\/#breadcrumb\"},\"inLanguage\":\"de\",\"potentialAction\":[{\"@type\":\"ReadAction\",\"target\":[\"https:\\\/\\\/medienerbe-ddr.de\\\/index.php\\\/projekte-2\\\/moving-history-2-festival-des-historischen-films-potsdam-2019\\\/\"]}]},{\"@type\":\"ImageObject\",\"inLanguage\":\"de\",\"@id\":\"https:\\\/\\\/medienerbe-ddr.de\\\/index.php\\\/projekte-2\\\/moving-history-2-festival-des-historischen-films-potsdam-2019\\\/#primaryimage\",\"url\":\"https:\\\/\\\/medienerbe-ddr.de\\\/wp-content\\\/uploads\\\/2019\\\/03\\\/C4.jpg\",\"contentUrl\":\"https:\\\/\\\/medienerbe-ddr.de\\\/wp-content\\\/uploads\\\/2019\\\/03\\\/C4.jpg\",\"width\":2048,\"height\":1556,\"caption\":\"moving history\\\/2 \u2013 Festival des historischen Films Potsdam 2019\"},{\"@type\":\"BreadcrumbList\",\"@id\":\"https:\\\/\\\/medienerbe-ddr.de\\\/index.php\\\/projekte-2\\\/moving-history-2-festival-des-historischen-films-potsdam-2019\\\/#breadcrumb\",\"itemListElement\":[{\"@type\":\"ListItem\",\"position\":1,\"name\":\"Startseite\",\"item\":\"https:\\\/\\\/medienerbe-ddr.de\\\/\"},{\"@type\":\"ListItem\",\"position\":2,\"name\":\"Projekte 2019 \u2013 2023\",\"item\":\"https:\\\/\\\/medienerbe-ddr.de\\\/index.php\\\/projekte-2\\\/\"},{\"@type\":\"ListItem\",\"position\":3,\"name\":\"moving history \u2013 Festival des Historischen Films (Potsdam 2019)\"}]},{\"@type\":\"WebSite\",\"@id\":\"https:\\\/\\\/medienerbe-ddr.de\\\/#website\",\"url\":\"https:\\\/\\\/medienerbe-ddr.de\\\/\",\"name\":\"Das mediale Erbe der DDR\",\"description\":\"Akteure, Aneignung, Tradierung\",\"publisher\":{\"@id\":\"https:\\\/\\\/medienerbe-ddr.de\\\/#organization\"},\"potentialAction\":[{\"@type\":\"SearchAction\",\"target\":{\"@type\":\"EntryPoint\",\"urlTemplate\":\"https:\\\/\\\/medienerbe-ddr.de\\\/?s={search_term_string}\"},\"query-input\":{\"@type\":\"PropertyValueSpecification\",\"valueRequired\":true,\"valueName\":\"search_term_string\"}}],\"inLanguage\":\"de\"},{\"@type\":\"Organization\",\"@id\":\"https:\\\/\\\/medienerbe-ddr.de\\\/#organization\",\"name\":\"Forschungsverbund Das mediale Erbe der DDR\",\"url\":\"https:\\\/\\\/medienerbe-ddr.de\\\/\",\"logo\":{\"@type\":\"ImageObject\",\"inLanguage\":\"de\",\"@id\":\"https:\\\/\\\/medienerbe-ddr.de\\\/#\\\/schema\\\/logo\\\/image\\\/\",\"url\":\"https:\\\/\\\/medienerbe-ddr.de\\\/wp-content\\\/uploads\\\/2019\\\/03\\\/LogoDDR_27mm-hg-weiss.png\",\"contentUrl\":\"https:\\\/\\\/medienerbe-ddr.de\\\/wp-content\\\/uploads\\\/2019\\\/03\\\/LogoDDR_27mm-hg-weiss.png\",\"width\":319,\"height\":305,\"caption\":\"Forschungsverbund Das mediale Erbe der DDR\"},\"image\":{\"@id\":\"https:\\\/\\\/medienerbe-ddr.de\\\/#\\\/schema\\\/logo\\\/image\\\/\"}}]}<\/script>\n<!-- \/ Yoast SEO plugin. -->","yoast_head_json":{"title":"moving history \u2013 Festival des Historischen Films (Potsdam 2019) - Das mediale Erbe der DDR","robots":{"index":"index","follow":"follow","max-snippet":"max-snippet:-1","max-image-preview":"max-image-preview:large","max-video-preview":"max-video-preview:-1"},"canonical":"https:\/\/medienerbe-ddr.de\/index.php\/projekte-2\/moving-history-2-festival-des-historischen-films-potsdam-2019\/","og_locale":"de_DE","og_type":"article","og_title":"moving history \u2013 Festival des Historischen Films (Potsdam 2019) - Das mediale Erbe der DDR","og_description":"Organisation: Dr. Ilka Brombach, Dr. Christoph Classen Filmische Auseinandersetzungen mit Geschichte erfreuen sich anhaltend gro\u00dfer Popularit\u00e4t und stellen dementsprechend ein wichtiges Medium der Aushandlung gesellschaftlicher Identit\u00e4ten und Erwartungen dar. Aus... Read more &raquo;","og_url":"https:\/\/medienerbe-ddr.de\/index.php\/projekte-2\/moving-history-2-festival-des-historischen-films-potsdam-2019\/","og_site_name":"Das mediale Erbe der DDR","article_modified_time":"2025-10-01T07:54:52+00:00","og_image":[{"width":2048,"height":1556,"url":"https:\/\/medienerbe-ddr.de\/wp-content\/uploads\/2019\/03\/C4.jpg","type":"image\/jpeg"}],"twitter_card":"summary_large_image","twitter_misc":{"Gesch\u00e4tzte Lesezeit":"2\u00a0Minuten"},"schema":{"@context":"https:\/\/schema.org","@graph":[{"@type":"WebPage","@id":"https:\/\/medienerbe-ddr.de\/index.php\/projekte-2\/moving-history-2-festival-des-historischen-films-potsdam-2019\/","url":"https:\/\/medienerbe-ddr.de\/index.php\/projekte-2\/moving-history-2-festival-des-historischen-films-potsdam-2019\/","name":"moving history \u2013 Festival des Historischen Films (Potsdam 2019) - Das mediale Erbe der DDR","isPartOf":{"@id":"https:\/\/medienerbe-ddr.de\/#website"},"primaryImageOfPage":{"@id":"https:\/\/medienerbe-ddr.de\/index.php\/projekte-2\/moving-history-2-festival-des-historischen-films-potsdam-2019\/#primaryimage"},"image":{"@id":"https:\/\/medienerbe-ddr.de\/index.php\/projekte-2\/moving-history-2-festival-des-historischen-films-potsdam-2019\/#primaryimage"},"thumbnailUrl":"https:\/\/medienerbe-ddr.de\/wp-content\/uploads\/2019\/03\/C4.jpg","datePublished":"2019-04-03T08:40:20+00:00","dateModified":"2025-10-01T07:54:52+00:00","breadcrumb":{"@id":"https:\/\/medienerbe-ddr.de\/index.php\/projekte-2\/moving-history-2-festival-des-historischen-films-potsdam-2019\/#breadcrumb"},"inLanguage":"de","potentialAction":[{"@type":"ReadAction","target":["https:\/\/medienerbe-ddr.de\/index.php\/projekte-2\/moving-history-2-festival-des-historischen-films-potsdam-2019\/"]}]},{"@type":"ImageObject","inLanguage":"de","@id":"https:\/\/medienerbe-ddr.de\/index.php\/projekte-2\/moving-history-2-festival-des-historischen-films-potsdam-2019\/#primaryimage","url":"https:\/\/medienerbe-ddr.de\/wp-content\/uploads\/2019\/03\/C4.jpg","contentUrl":"https:\/\/medienerbe-ddr.de\/wp-content\/uploads\/2019\/03\/C4.jpg","width":2048,"height":1556,"caption":"moving history\/2 \u2013 Festival des historischen Films Potsdam 2019"},{"@type":"BreadcrumbList","@id":"https:\/\/medienerbe-ddr.de\/index.php\/projekte-2\/moving-history-2-festival-des-historischen-films-potsdam-2019\/#breadcrumb","itemListElement":[{"@type":"ListItem","position":1,"name":"Startseite","item":"https:\/\/medienerbe-ddr.de\/"},{"@type":"ListItem","position":2,"name":"Projekte 2019 \u2013 2023","item":"https:\/\/medienerbe-ddr.de\/index.php\/projekte-2\/"},{"@type":"ListItem","position":3,"name":"moving history \u2013 Festival des Historischen Films (Potsdam 2019)"}]},{"@type":"WebSite","@id":"https:\/\/medienerbe-ddr.de\/#website","url":"https:\/\/medienerbe-ddr.de\/","name":"Das mediale Erbe der DDR","description":"Akteure, Aneignung, Tradierung","publisher":{"@id":"https:\/\/medienerbe-ddr.de\/#organization"},"potentialAction":[{"@type":"SearchAction","target":{"@type":"EntryPoint","urlTemplate":"https:\/\/medienerbe-ddr.de\/?s={search_term_string}"},"query-input":{"@type":"PropertyValueSpecification","valueRequired":true,"valueName":"search_term_string"}}],"inLanguage":"de"},{"@type":"Organization","@id":"https:\/\/medienerbe-ddr.de\/#organization","name":"Forschungsverbund Das mediale Erbe der DDR","url":"https:\/\/medienerbe-ddr.de\/","logo":{"@type":"ImageObject","inLanguage":"de","@id":"https:\/\/medienerbe-ddr.de\/#\/schema\/logo\/image\/","url":"https:\/\/medienerbe-ddr.de\/wp-content\/uploads\/2019\/03\/LogoDDR_27mm-hg-weiss.png","contentUrl":"https:\/\/medienerbe-ddr.de\/wp-content\/uploads\/2019\/03\/LogoDDR_27mm-hg-weiss.png","width":319,"height":305,"caption":"Forschungsverbund Das mediale Erbe der DDR"},"image":{"@id":"https:\/\/medienerbe-ddr.de\/#\/schema\/logo\/image\/"}}]}},"_links":{"self":[{"href":"https:\/\/medienerbe-ddr.de\/index.php\/wp-json\/wp\/v2\/pages\/916","targetHints":{"allow":["GET"]}}],"collection":[{"href":"https:\/\/medienerbe-ddr.de\/index.php\/wp-json\/wp\/v2\/pages"}],"about":[{"href":"https:\/\/medienerbe-ddr.de\/index.php\/wp-json\/wp\/v2\/types\/page"}],"author":[{"embeddable":true,"href":"https:\/\/medienerbe-ddr.de\/index.php\/wp-json\/wp\/v2\/users\/4"}],"replies":[{"embeddable":true,"href":"https:\/\/medienerbe-ddr.de\/index.php\/wp-json\/wp\/v2\/comments?post=916"}],"version-history":[{"count":4,"href":"https:\/\/medienerbe-ddr.de\/index.php\/wp-json\/wp\/v2\/pages\/916\/revisions"}],"predecessor-version":[{"id":1747,"href":"https:\/\/medienerbe-ddr.de\/index.php\/wp-json\/wp\/v2\/pages\/916\/revisions\/1747"}],"up":[{"embeddable":true,"href":"https:\/\/medienerbe-ddr.de\/index.php\/wp-json\/wp\/v2\/pages\/6"}],"wp:attachment":[{"href":"https:\/\/medienerbe-ddr.de\/index.php\/wp-json\/wp\/v2\/media?parent=916"}],"curies":[{"name":"wp","href":"https:\/\/api.w.org\/{rel}","templated":true}]}}