{"id":913,"date":"2019-04-03T09:36:38","date_gmt":"2019-04-03T08:36:38","guid":{"rendered":"http:\/\/medienerbe-ddr.de\/?page_id=913"},"modified":"2023-10-10T14:48:01","modified_gmt":"2023-10-10T13:48:01","slug":"die-ddr-in-privaten-fotoalben","status":"publish","type":"page","link":"https:\/\/medienerbe-ddr.de\/index.php\/projekte-2\/die-ddr-in-privaten-fotoalben\/","title":{"rendered":"Bildermacher. Private Fotoalben in der DDR"},"content":{"rendered":"\n<p><em>Projektleitung: Prof. Annette Vowinckel, Prof. Frank B\u00f6sch (ZZF)<br>Bearbeitung: Sandra Starke<\/em><\/p>\n\n\n\n<div class=\"wp-block-columns has-2-columns is-layout-flex wp-container-core-columns-is-layout-9d6595d7 wp-block-columns-is-layout-flex\">\n<div class=\"wp-block-column is-layout-flow wp-block-column-is-layout-flow\">\n<div class=\"wp-block-cover aligncenter has-custom-content-position is-position-bottom-right\"><span aria-hidden=\"true\" class=\"wp-block-cover__background has-background-dim-0 has-background-dim\"><\/span><img loading=\"lazy\" decoding=\"async\" width=\"4896\" height=\"3264\" class=\"wp-block-cover__image-background wp-image-139\" alt=\"\" src=\"https:\/\/medienerbe-ddr.de\/wp-content\/uploads\/2019\/02\/B2_Bild.jpg\" data-object-fit=\"cover\" srcset=\"https:\/\/medienerbe-ddr.de\/wp-content\/uploads\/2019\/02\/B2_Bild.jpg 4896w, https:\/\/medienerbe-ddr.de\/wp-content\/uploads\/2019\/02\/B2_Bild-300x200.jpg 300w, https:\/\/medienerbe-ddr.de\/wp-content\/uploads\/2019\/02\/B2_Bild-768x512.jpg 768w, https:\/\/medienerbe-ddr.de\/wp-content\/uploads\/2019\/02\/B2_Bild-1024x683.jpg 1024w, https:\/\/medienerbe-ddr.de\/wp-content\/uploads\/2019\/02\/B2_Bild-1568x1045.jpg 1568w\" sizes=\"auto, (max-width: 4896px) 100vw, 4896px\" \/><div class=\"wp-block-cover__inner-container is-layout-flow wp-block-cover-is-layout-flow\">\n<p class=\"has-text-align-center has-large-font-size\">\u00a9 Sandra Starke<\/p>\n<\/div><\/div>\n\n\n\n<p>Private Fotoalben bilden einen wichtigen Bestandteil der biografischen Erinnerung von Menschen aus der ehemaligen DDR. Das Album bildet aber auch eine Schnittstelle zwischen der Sph\u00e4re des Privaten und des \u00d6ffentlichen. Es wird als Ego-Dokument und Ort des \u201eR\u00fcckzugs ins Private\u201c mit dem Zeitgeschehen kontextualisiert und nach seinem politischen Gehalt befragt. Welche Spezifika lassen sich aus der privaten Fotografie heraus entwickeln im Hinblick auf die Aspekte Arbeitswelt, Reisen, Westbesuch, sozialistischer Prestigeprojekte und propagandistischer Gro\u00dfveranstaltungen sowie politischer Z\u00e4suren und Ereignisse? Auch das Fotografieren selbst als soziale Praxis unter den Bedingungen der DDR wird n\u00e4her beleuchtet. Mittels Oral History-Interviews soll gefragt werden, wie die Alben famili\u00e4re Ereignisse dokumentieren, generieren und Erinnerungen an das Leben in der DDR formen und bis heute erz\u00e4hlen.<\/p>\n\n\n\n<p><strong>Publikationen<\/strong><\/p>\n\n\n\n<ul class=\"wp-block-list\">\n<li>Sandra Starke: \u201eI had survived.\u201c Die Medialisierung von Konzentrationslagern nach ihrer Befreiung. Zeitgeschichte Online (06.05.2020), URL: <a href=\"https:\/\/zeitgeschichte-online.de\/themen\/i-had-survived\">https:\/\/zeitgeschichte-online.de\/themen\/i-had-survived<\/a><\/li>\n\n\n\n<li>Sandra Starke: Anleitung f\u00fcr das beispielhafte Album. Fotografische Ratgeberliteratur der Nachkriegszeit und ihre Kontinuit\u00e4ten. Zeitgeschichte Online (25.05.2020), URL: <a href=\"https:\/\/zeitgeschichte-online.de\/themen\/anleitung-fuer-das-beispielhafte-album\">https:\/\/zeitgeschichte-online.de\/themen\/anleitung-fuer-das-beispielhafte-album<\/a><\/li>\n\n\n\n<li>Sandra Starke: Opfer als Bildagenten? Zur visuellen Selbstrepr\u00e4sentation von KZ-\u00dcberlebenden. Visual History (26.10.2020), URL: <a href=\"https:\/\/visual-history.de\/2020\/10\/26\/opfer-als-bildagenten\">https:\/\/visual-history.de\/2020\/10\/26\/opfer-als-bildagenten<\/a><\/li>\n\n\n\n<li>Sandra Starke: Bildermacher. Private Fotoalben in der DDR\u201c. Fotogeschichte 161\/2021, 68\u201371, URL: <a href=\"https:\/\/fotogeschichte.info\/bisher-erschienen\/hefte-ab-150\/161\/sandra-starke-private-fotoalben-in-der-ddr-fotogeschichte-heft-161-2021\/\">https:\/\/fotogeschichte.info\/bisher-erschienen\/hefte-ab-150\/161\/sandra-starke-private-fotoalben-in-der-ddr-fotogeschichte-heft-161-2021\/<\/a><\/li>\n\n\n\n<li>Sandra Starke: \u201eWir sind Stalins Helden\u201c \u2013 Ein Foto aus dem Kriegsgefangenenlager Zeithain. Visual History (19.04.2021), URL: <a href=\"https:\/\/visual-history.de\/2021\/04\/19\/wir-sind-stalins-helden-foto-kriegsgefangenenlager-zeithain\/\">https:\/\/visual-history.de\/2021\/04\/19\/wir-sind-stalins-helden-foto-kriegsgefangenenlager-zeithain\/<\/a><\/li>\n<\/ul>\n<\/div>\n<\/div>\n","protected":false},"excerpt":{"rendered":"<p>Projektleitung: Prof. Annette Vowinckel, Prof. Frank B\u00f6sch (ZZF)Bearbeitung: Sandra Starke Private Fotoalben bilden einen wichtigen Bestandteil der biografischen Erinnerung von Menschen aus der ehemaligen DDR. Das Album bildet aber auch&#8230; <a href=\"https:\/\/medienerbe-ddr.de\/index.php\/projekte-2\/die-ddr-in-privaten-fotoalben\/\">Read more &raquo;<\/a><\/p>\n","protected":false},"author":4,"featured_media":0,"parent":6,"menu_order":200,"comment_status":"closed","ping_status":"closed","template":"page-templates\/full-width.php","meta":{"_acf_changed":false,"footnotes":""},"class_list":["post-913","page","type-page","status-publish","hentry"],"acf":[],"yoast_head":"<!-- This site is optimized with the Yoast SEO plugin v27.2 - https:\/\/yoast.com\/product\/yoast-seo-wordpress\/ -->\n<title>Bildermacher. Private Fotoalben in der DDR - Das mediale Erbe der DDR<\/title>\n<meta name=\"robots\" content=\"index, follow, max-snippet:-1, max-image-preview:large, max-video-preview:-1\" \/>\n<link rel=\"canonical\" href=\"https:\/\/medienerbe-ddr.de\/index.php\/projekte-2\/die-ddr-in-privaten-fotoalben\/\" \/>\n<meta property=\"og:locale\" content=\"de_DE\" \/>\n<meta property=\"og:type\" content=\"article\" \/>\n<meta property=\"og:title\" content=\"Bildermacher. Private Fotoalben in der DDR - Das mediale Erbe der DDR\" \/>\n<meta property=\"og:description\" content=\"Projektleitung: Prof. Annette Vowinckel, Prof. Frank B\u00f6sch (ZZF)Bearbeitung: Sandra Starke Private Fotoalben bilden einen wichtigen Bestandteil der biografischen Erinnerung von Menschen aus der ehemaligen DDR. Das Album bildet aber auch... Read more &raquo;\" \/>\n<meta property=\"og:url\" content=\"https:\/\/medienerbe-ddr.de\/index.php\/projekte-2\/die-ddr-in-privaten-fotoalben\/\" \/>\n<meta property=\"og:site_name\" content=\"Das mediale Erbe der DDR\" \/>\n<meta property=\"article:modified_time\" content=\"2023-10-10T13:48:01+00:00\" \/>\n<meta property=\"og:image\" content=\"https:\/\/medienerbe-ddr.de\/wp-content\/uploads\/2019\/02\/B2_Bild.jpg\" \/>\n<meta name=\"twitter:card\" content=\"summary_large_image\" \/>\n<meta name=\"twitter:label1\" content=\"Gesch\u00e4tzte Lesezeit\" \/>\n\t<meta name=\"twitter:data1\" content=\"2\u00a0Minuten\" \/>\n<script type=\"application\/ld+json\" class=\"yoast-schema-graph\">{\"@context\":\"https:\/\/schema.org\",\"@graph\":[{\"@type\":\"WebPage\",\"@id\":\"https:\/\/medienerbe-ddr.de\/index.php\/projekte-2\/die-ddr-in-privaten-fotoalben\/\",\"url\":\"https:\/\/medienerbe-ddr.de\/index.php\/projekte-2\/die-ddr-in-privaten-fotoalben\/\",\"name\":\"Bildermacher. Private Fotoalben in der DDR - Das mediale Erbe der DDR\",\"isPartOf\":{\"@id\":\"https:\/\/medienerbe-ddr.de\/#website\"},\"primaryImageOfPage\":{\"@id\":\"https:\/\/medienerbe-ddr.de\/index.php\/projekte-2\/die-ddr-in-privaten-fotoalben\/#primaryimage\"},\"image\":{\"@id\":\"https:\/\/medienerbe-ddr.de\/index.php\/projekte-2\/die-ddr-in-privaten-fotoalben\/#primaryimage\"},\"thumbnailUrl\":\"https:\/\/medienerbe-ddr.de\/wp-content\/uploads\/2019\/02\/B2_Bild.jpg\",\"datePublished\":\"2019-04-03T08:36:38+00:00\",\"dateModified\":\"2023-10-10T13:48:01+00:00\",\"breadcrumb\":{\"@id\":\"https:\/\/medienerbe-ddr.de\/index.php\/projekte-2\/die-ddr-in-privaten-fotoalben\/#breadcrumb\"},\"inLanguage\":\"de\",\"potentialAction\":[{\"@type\":\"ReadAction\",\"target\":[\"https:\/\/medienerbe-ddr.de\/index.php\/projekte-2\/die-ddr-in-privaten-fotoalben\/\"]}]},{\"@type\":\"ImageObject\",\"inLanguage\":\"de\",\"@id\":\"https:\/\/medienerbe-ddr.de\/index.php\/projekte-2\/die-ddr-in-privaten-fotoalben\/#primaryimage\",\"url\":\"https:\/\/medienerbe-ddr.de\/wp-content\/uploads\/2019\/02\/B2_Bild.jpg\",\"contentUrl\":\"https:\/\/medienerbe-ddr.de\/wp-content\/uploads\/2019\/02\/B2_Bild.jpg\",\"width\":4896,\"height\":3264},{\"@type\":\"BreadcrumbList\",\"@id\":\"https:\/\/medienerbe-ddr.de\/index.php\/projekte-2\/die-ddr-in-privaten-fotoalben\/#breadcrumb\",\"itemListElement\":[{\"@type\":\"ListItem\",\"position\":1,\"name\":\"Startseite\",\"item\":\"https:\/\/medienerbe-ddr.de\/\"},{\"@type\":\"ListItem\",\"position\":2,\"name\":\"Projekte 2019 \u2013 2023\",\"item\":\"https:\/\/medienerbe-ddr.de\/index.php\/projekte-2\/\"},{\"@type\":\"ListItem\",\"position\":3,\"name\":\"Bildermacher. Private Fotoalben in der DDR\"}]},{\"@type\":\"WebSite\",\"@id\":\"https:\/\/medienerbe-ddr.de\/#website\",\"url\":\"https:\/\/medienerbe-ddr.de\/\",\"name\":\"Das mediale Erbe der DDR\",\"description\":\"Akteure, Aneignung, Tradierung\",\"publisher\":{\"@id\":\"https:\/\/medienerbe-ddr.de\/#organization\"},\"potentialAction\":[{\"@type\":\"SearchAction\",\"target\":{\"@type\":\"EntryPoint\",\"urlTemplate\":\"https:\/\/medienerbe-ddr.de\/?s={search_term_string}\"},\"query-input\":{\"@type\":\"PropertyValueSpecification\",\"valueRequired\":true,\"valueName\":\"search_term_string\"}}],\"inLanguage\":\"de\"},{\"@type\":\"Organization\",\"@id\":\"https:\/\/medienerbe-ddr.de\/#organization\",\"name\":\"Forschungsverbund Das mediale Erbe der DDR\",\"url\":\"https:\/\/medienerbe-ddr.de\/\",\"logo\":{\"@type\":\"ImageObject\",\"inLanguage\":\"de\",\"@id\":\"https:\/\/medienerbe-ddr.de\/#\/schema\/logo\/image\/\",\"url\":\"https:\/\/medienerbe-ddr.de\/wp-content\/uploads\/2019\/03\/LogoDDR_27mm-hg-weiss.png\",\"contentUrl\":\"https:\/\/medienerbe-ddr.de\/wp-content\/uploads\/2019\/03\/LogoDDR_27mm-hg-weiss.png\",\"width\":319,\"height\":305,\"caption\":\"Forschungsverbund Das mediale Erbe der DDR\"},\"image\":{\"@id\":\"https:\/\/medienerbe-ddr.de\/#\/schema\/logo\/image\/\"}}]}<\/script>\n<!-- \/ Yoast SEO plugin. -->","yoast_head_json":{"title":"Bildermacher. Private Fotoalben in der DDR - Das mediale Erbe der DDR","robots":{"index":"index","follow":"follow","max-snippet":"max-snippet:-1","max-image-preview":"max-image-preview:large","max-video-preview":"max-video-preview:-1"},"canonical":"https:\/\/medienerbe-ddr.de\/index.php\/projekte-2\/die-ddr-in-privaten-fotoalben\/","og_locale":"de_DE","og_type":"article","og_title":"Bildermacher. Private Fotoalben in der DDR - Das mediale Erbe der DDR","og_description":"Projektleitung: Prof. Annette Vowinckel, Prof. Frank B\u00f6sch (ZZF)Bearbeitung: Sandra Starke Private Fotoalben bilden einen wichtigen Bestandteil der biografischen Erinnerung von Menschen aus der ehemaligen DDR. Das Album bildet aber auch... Read more &raquo;","og_url":"https:\/\/medienerbe-ddr.de\/index.php\/projekte-2\/die-ddr-in-privaten-fotoalben\/","og_site_name":"Das mediale Erbe der DDR","article_modified_time":"2023-10-10T13:48:01+00:00","og_image":[{"url":"https:\/\/medienerbe-ddr.de\/wp-content\/uploads\/2019\/02\/B2_Bild.jpg","type":"","width":"","height":""}],"twitter_card":"summary_large_image","twitter_misc":{"Gesch\u00e4tzte Lesezeit":"2\u00a0Minuten"},"schema":{"@context":"https:\/\/schema.org","@graph":[{"@type":"WebPage","@id":"https:\/\/medienerbe-ddr.de\/index.php\/projekte-2\/die-ddr-in-privaten-fotoalben\/","url":"https:\/\/medienerbe-ddr.de\/index.php\/projekte-2\/die-ddr-in-privaten-fotoalben\/","name":"Bildermacher. Private Fotoalben in der DDR - Das mediale Erbe der DDR","isPartOf":{"@id":"https:\/\/medienerbe-ddr.de\/#website"},"primaryImageOfPage":{"@id":"https:\/\/medienerbe-ddr.de\/index.php\/projekte-2\/die-ddr-in-privaten-fotoalben\/#primaryimage"},"image":{"@id":"https:\/\/medienerbe-ddr.de\/index.php\/projekte-2\/die-ddr-in-privaten-fotoalben\/#primaryimage"},"thumbnailUrl":"https:\/\/medienerbe-ddr.de\/wp-content\/uploads\/2019\/02\/B2_Bild.jpg","datePublished":"2019-04-03T08:36:38+00:00","dateModified":"2023-10-10T13:48:01+00:00","breadcrumb":{"@id":"https:\/\/medienerbe-ddr.de\/index.php\/projekte-2\/die-ddr-in-privaten-fotoalben\/#breadcrumb"},"inLanguage":"de","potentialAction":[{"@type":"ReadAction","target":["https:\/\/medienerbe-ddr.de\/index.php\/projekte-2\/die-ddr-in-privaten-fotoalben\/"]}]},{"@type":"ImageObject","inLanguage":"de","@id":"https:\/\/medienerbe-ddr.de\/index.php\/projekte-2\/die-ddr-in-privaten-fotoalben\/#primaryimage","url":"https:\/\/medienerbe-ddr.de\/wp-content\/uploads\/2019\/02\/B2_Bild.jpg","contentUrl":"https:\/\/medienerbe-ddr.de\/wp-content\/uploads\/2019\/02\/B2_Bild.jpg","width":4896,"height":3264},{"@type":"BreadcrumbList","@id":"https:\/\/medienerbe-ddr.de\/index.php\/projekte-2\/die-ddr-in-privaten-fotoalben\/#breadcrumb","itemListElement":[{"@type":"ListItem","position":1,"name":"Startseite","item":"https:\/\/medienerbe-ddr.de\/"},{"@type":"ListItem","position":2,"name":"Projekte 2019 \u2013 2023","item":"https:\/\/medienerbe-ddr.de\/index.php\/projekte-2\/"},{"@type":"ListItem","position":3,"name":"Bildermacher. Private Fotoalben in der DDR"}]},{"@type":"WebSite","@id":"https:\/\/medienerbe-ddr.de\/#website","url":"https:\/\/medienerbe-ddr.de\/","name":"Das mediale Erbe der DDR","description":"Akteure, Aneignung, Tradierung","publisher":{"@id":"https:\/\/medienerbe-ddr.de\/#organization"},"potentialAction":[{"@type":"SearchAction","target":{"@type":"EntryPoint","urlTemplate":"https:\/\/medienerbe-ddr.de\/?s={search_term_string}"},"query-input":{"@type":"PropertyValueSpecification","valueRequired":true,"valueName":"search_term_string"}}],"inLanguage":"de"},{"@type":"Organization","@id":"https:\/\/medienerbe-ddr.de\/#organization","name":"Forschungsverbund Das mediale Erbe der DDR","url":"https:\/\/medienerbe-ddr.de\/","logo":{"@type":"ImageObject","inLanguage":"de","@id":"https:\/\/medienerbe-ddr.de\/#\/schema\/logo\/image\/","url":"https:\/\/medienerbe-ddr.de\/wp-content\/uploads\/2019\/03\/LogoDDR_27mm-hg-weiss.png","contentUrl":"https:\/\/medienerbe-ddr.de\/wp-content\/uploads\/2019\/03\/LogoDDR_27mm-hg-weiss.png","width":319,"height":305,"caption":"Forschungsverbund Das mediale Erbe der DDR"},"image":{"@id":"https:\/\/medienerbe-ddr.de\/#\/schema\/logo\/image\/"}}]}},"_links":{"self":[{"href":"https:\/\/medienerbe-ddr.de\/index.php\/wp-json\/wp\/v2\/pages\/913","targetHints":{"allow":["GET"]}}],"collection":[{"href":"https:\/\/medienerbe-ddr.de\/index.php\/wp-json\/wp\/v2\/pages"}],"about":[{"href":"https:\/\/medienerbe-ddr.de\/index.php\/wp-json\/wp\/v2\/types\/page"}],"author":[{"embeddable":true,"href":"https:\/\/medienerbe-ddr.de\/index.php\/wp-json\/wp\/v2\/users\/4"}],"replies":[{"embeddable":true,"href":"https:\/\/medienerbe-ddr.de\/index.php\/wp-json\/wp\/v2\/comments?post=913"}],"version-history":[{"count":4,"href":"https:\/\/medienerbe-ddr.de\/index.php\/wp-json\/wp\/v2\/pages\/913\/revisions"}],"predecessor-version":[{"id":1438,"href":"https:\/\/medienerbe-ddr.de\/index.php\/wp-json\/wp\/v2\/pages\/913\/revisions\/1438"}],"up":[{"embeddable":true,"href":"https:\/\/medienerbe-ddr.de\/index.php\/wp-json\/wp\/v2\/pages\/6"}],"wp:attachment":[{"href":"https:\/\/medienerbe-ddr.de\/index.php\/wp-json\/wp\/v2\/media?parent=913"}],"curies":[{"name":"wp","href":"https:\/\/api.w.org\/{rel}","templated":true}]}}