{"id":907,"date":"2019-04-05T11:30:45","date_gmt":"2019-04-05T10:30:45","guid":{"rendered":"http:\/\/medienerbe-ddr.de\/?page_id=907"},"modified":"2023-10-10T15:10:46","modified_gmt":"2023-10-10T14:10:46","slug":"digitale-portale-zum-medialen-erbe-der-ddr","status":"publish","type":"page","link":"https:\/\/medienerbe-ddr.de\/index.php\/projekte-2\/digitale-portale-zum-medialen-erbe-der-ddr\/","title":{"rendered":"Digitale Portale zum medialen Erbe der DDR"},"content":{"rendered":"\n<p><em>Projektleitung: Dr. J\u00fcrgen Danyel (ZZF)<br>Bearbeitung und Koordination: Olaf Berg<\/em><\/p>\n\n\n\n<div class=\"wp-block-columns has-2-columns is-layout-flex wp-container-core-columns-is-layout-9d6595d7 wp-block-columns-is-layout-flex\">\n<div class=\"wp-block-column is-layout-flow wp-block-column-is-layout-flow\">\n<div class=\"wp-block-cover aligncenter has-custom-content-position is-position-bottom-right\"><span aria-hidden=\"true\" class=\"wp-block-cover__background has-background-dim-0 has-background-dim\"><\/span><img loading=\"lazy\" decoding=\"async\" width=\"590\" height=\"443\" class=\"wp-block-cover__image-background wp-image-638\" src=\"https:\/\/medienerbe-ddr.de\/wp-content\/uploads\/2019\/02\/C-archiv-image1b.jpg\" data-object-fit=\"cover\" srcset=\"https:\/\/medienerbe-ddr.de\/wp-content\/uploads\/2019\/02\/C-archiv-image1b.jpg 590w, https:\/\/medienerbe-ddr.de\/wp-content\/uploads\/2019\/02\/C-archiv-image1b-300x225.jpg 300w, https:\/\/medienerbe-ddr.de\/wp-content\/uploads\/2019\/02\/C-archiv-image1b-240x180.jpg 240w\" sizes=\"auto, (max-width: 590px) 100vw, 590px\" \/><div class=\"wp-block-cover__inner-container is-layout-flow wp-block-cover-is-layout-flow\">\n<p class=\"has-text-align-right has-normal-font-size\">\u00a9 Arnaldus cc-by-sa 3.0 auf wikimedia commons. \u00dcbernommen von:\u00a0<a href=\"https:\/\/www.geschichtsverein-weilburg.de\/2018\/09\/27\/neue-%C3%B6ffnungszeiten-archiv\/\" target=\"_blank\" rel=\"noreferrer noopener\">https:\/\/www.geschichtsverein-weilburg.de\/2018\/09\/27\/neue-%C3%B6ffnungszeiten-archiv\/<\/a><br>Bearbeitung: Olaf Berg (zzf) cc-by-sa 3.0<\/p>\n<\/div><\/div>\n\n\n\n<p>Das Projekt entwickelt innovative\nKonzepte und technologische Umsetzungen f\u00fcr die digitale Speicherung und\nBearbeitung von Forschungsdaten sowie f\u00fcr online zug\u00e4ngliche digitale\nPr\u00e4sentationen der Forschungsergebnisse aus den Einzelprojekten des\nForschungsverbunds. Der Schwerpunkt liegt auf dem Umgang mit \u00fcberlieferten und\nim Forschungsprozess erstellten Ton- und Bilddokumenten sowie der Umsetzung eines\nHandbuchs. Die mit der Entwicklung, Kuratierung und Benutzung der digitalen\nPortale verbundenen Translationsprozesse von medialen Artefakten und\nForschungspraktiken in das digitale Medium werden ihrerseits in ihrer medialen\nSpezifik und Wirkung auf das mediale Erbe der DDR und die Wahrnehmung der DDR-Geschichte\ntheoretisch und praktisch reflektiert. Digitale Technologien geraten damit\nnicht nur als Objekte, sondern auch als Akteure der Produktion von\nGeschichtsbewusstsein und Geschichtserz\u00e4hlung in den Blick.<\/p>\n\n\n\n<p><\/p>\n<\/div>\n<\/div>\n","protected":false},"excerpt":{"rendered":"<p>Projektleitung: Dr. J\u00fcrgen Danyel (ZZF)Bearbeitung und Koordination: Olaf Berg Das Projekt entwickelt innovative Konzepte und technologische Umsetzungen f\u00fcr die digitale Speicherung und Bearbeitung von Forschungsdaten sowie f\u00fcr online zug\u00e4ngliche digitale&#8230; <a href=\"https:\/\/medienerbe-ddr.de\/index.php\/projekte-2\/digitale-portale-zum-medialen-erbe-der-ddr\/\">Read more &raquo;<\/a><\/p>\n","protected":false},"author":4,"featured_media":0,"parent":6,"menu_order":200,"comment_status":"closed","ping_status":"closed","template":"page-templates\/full-width.php","meta":{"_acf_changed":false,"footnotes":""},"class_list":["post-907","page","type-page","status-publish","hentry"],"acf":[],"yoast_head":"<!-- This site is optimized with the Yoast SEO plugin v27.4 - https:\/\/yoast.com\/product\/yoast-seo-wordpress\/ -->\n<title>Digitale Portale zum medialen Erbe der DDR - Das mediale Erbe der DDR<\/title>\n<meta name=\"robots\" content=\"index, follow, max-snippet:-1, max-image-preview:large, max-video-preview:-1\" \/>\n<link rel=\"canonical\" href=\"https:\/\/medienerbe-ddr.de\/index.php\/projekte-2\/digitale-portale-zum-medialen-erbe-der-ddr\/\" \/>\n<meta property=\"og:locale\" content=\"de_DE\" \/>\n<meta property=\"og:type\" content=\"article\" \/>\n<meta property=\"og:title\" content=\"Digitale Portale zum medialen Erbe der DDR - Das mediale Erbe der DDR\" \/>\n<meta property=\"og:description\" content=\"Projektleitung: Dr. J\u00fcrgen Danyel (ZZF)Bearbeitung und Koordination: Olaf Berg Das Projekt entwickelt innovative Konzepte und technologische Umsetzungen f\u00fcr die digitale Speicherung und Bearbeitung von Forschungsdaten sowie f\u00fcr online zug\u00e4ngliche digitale... Read more &raquo;\" \/>\n<meta property=\"og:url\" content=\"https:\/\/medienerbe-ddr.de\/index.php\/projekte-2\/digitale-portale-zum-medialen-erbe-der-ddr\/\" \/>\n<meta property=\"og:site_name\" content=\"Das mediale Erbe der DDR\" \/>\n<meta property=\"article:modified_time\" content=\"2023-10-10T14:10:46+00:00\" \/>\n<meta property=\"og:image\" content=\"https:\/\/medienerbe-ddr.de\/wp-content\/uploads\/2019\/02\/C-archiv-image1b.jpg\" \/>\n<meta name=\"twitter:card\" content=\"summary_large_image\" \/>\n<meta name=\"twitter:label1\" content=\"Gesch\u00e4tzte Lesezeit\" \/>\n\t<meta name=\"twitter:data1\" content=\"1\u00a0Minute\" \/>\n<script type=\"application\/ld+json\" class=\"yoast-schema-graph\">{\"@context\":\"https:\\\/\\\/schema.org\",\"@graph\":[{\"@type\":\"WebPage\",\"@id\":\"https:\\\/\\\/medienerbe-ddr.de\\\/index.php\\\/projekte-2\\\/digitale-portale-zum-medialen-erbe-der-ddr\\\/\",\"url\":\"https:\\\/\\\/medienerbe-ddr.de\\\/index.php\\\/projekte-2\\\/digitale-portale-zum-medialen-erbe-der-ddr\\\/\",\"name\":\"Digitale Portale zum medialen Erbe der DDR - Das mediale Erbe der DDR\",\"isPartOf\":{\"@id\":\"https:\\\/\\\/medienerbe-ddr.de\\\/#website\"},\"primaryImageOfPage\":{\"@id\":\"https:\\\/\\\/medienerbe-ddr.de\\\/index.php\\\/projekte-2\\\/digitale-portale-zum-medialen-erbe-der-ddr\\\/#primaryimage\"},\"image\":{\"@id\":\"https:\\\/\\\/medienerbe-ddr.de\\\/index.php\\\/projekte-2\\\/digitale-portale-zum-medialen-erbe-der-ddr\\\/#primaryimage\"},\"thumbnailUrl\":\"https:\\\/\\\/medienerbe-ddr.de\\\/wp-content\\\/uploads\\\/2019\\\/02\\\/C-archiv-image1b.jpg\",\"datePublished\":\"2019-04-05T10:30:45+00:00\",\"dateModified\":\"2023-10-10T14:10:46+00:00\",\"breadcrumb\":{\"@id\":\"https:\\\/\\\/medienerbe-ddr.de\\\/index.php\\\/projekte-2\\\/digitale-portale-zum-medialen-erbe-der-ddr\\\/#breadcrumb\"},\"inLanguage\":\"de\",\"potentialAction\":[{\"@type\":\"ReadAction\",\"target\":[\"https:\\\/\\\/medienerbe-ddr.de\\\/index.php\\\/projekte-2\\\/digitale-portale-zum-medialen-erbe-der-ddr\\\/\"]}]},{\"@type\":\"ImageObject\",\"inLanguage\":\"de\",\"@id\":\"https:\\\/\\\/medienerbe-ddr.de\\\/index.php\\\/projekte-2\\\/digitale-portale-zum-medialen-erbe-der-ddr\\\/#primaryimage\",\"url\":\"https:\\\/\\\/medienerbe-ddr.de\\\/wp-content\\\/uploads\\\/2019\\\/02\\\/C-archiv-image1b.jpg\",\"contentUrl\":\"https:\\\/\\\/medienerbe-ddr.de\\\/wp-content\\\/uploads\\\/2019\\\/02\\\/C-archiv-image1b.jpg\",\"width\":590,\"height\":443},{\"@type\":\"BreadcrumbList\",\"@id\":\"https:\\\/\\\/medienerbe-ddr.de\\\/index.php\\\/projekte-2\\\/digitale-portale-zum-medialen-erbe-der-ddr\\\/#breadcrumb\",\"itemListElement\":[{\"@type\":\"ListItem\",\"position\":1,\"name\":\"Startseite\",\"item\":\"https:\\\/\\\/medienerbe-ddr.de\\\/\"},{\"@type\":\"ListItem\",\"position\":2,\"name\":\"Projekte 2019 \u2013 2023\",\"item\":\"https:\\\/\\\/medienerbe-ddr.de\\\/index.php\\\/projekte-2\\\/\"},{\"@type\":\"ListItem\",\"position\":3,\"name\":\"Digitale Portale zum medialen Erbe der DDR\"}]},{\"@type\":\"WebSite\",\"@id\":\"https:\\\/\\\/medienerbe-ddr.de\\\/#website\",\"url\":\"https:\\\/\\\/medienerbe-ddr.de\\\/\",\"name\":\"Das mediale Erbe der DDR\",\"description\":\"Akteure, Aneignung, Tradierung\",\"publisher\":{\"@id\":\"https:\\\/\\\/medienerbe-ddr.de\\\/#organization\"},\"potentialAction\":[{\"@type\":\"SearchAction\",\"target\":{\"@type\":\"EntryPoint\",\"urlTemplate\":\"https:\\\/\\\/medienerbe-ddr.de\\\/?s={search_term_string}\"},\"query-input\":{\"@type\":\"PropertyValueSpecification\",\"valueRequired\":true,\"valueName\":\"search_term_string\"}}],\"inLanguage\":\"de\"},{\"@type\":\"Organization\",\"@id\":\"https:\\\/\\\/medienerbe-ddr.de\\\/#organization\",\"name\":\"Forschungsverbund Das mediale Erbe der DDR\",\"url\":\"https:\\\/\\\/medienerbe-ddr.de\\\/\",\"logo\":{\"@type\":\"ImageObject\",\"inLanguage\":\"de\",\"@id\":\"https:\\\/\\\/medienerbe-ddr.de\\\/#\\\/schema\\\/logo\\\/image\\\/\",\"url\":\"https:\\\/\\\/medienerbe-ddr.de\\\/wp-content\\\/uploads\\\/2019\\\/03\\\/LogoDDR_27mm-hg-weiss.png\",\"contentUrl\":\"https:\\\/\\\/medienerbe-ddr.de\\\/wp-content\\\/uploads\\\/2019\\\/03\\\/LogoDDR_27mm-hg-weiss.png\",\"width\":319,\"height\":305,\"caption\":\"Forschungsverbund Das mediale Erbe der DDR\"},\"image\":{\"@id\":\"https:\\\/\\\/medienerbe-ddr.de\\\/#\\\/schema\\\/logo\\\/image\\\/\"}}]}<\/script>\n<!-- \/ Yoast SEO plugin. -->","yoast_head_json":{"title":"Digitale Portale zum medialen Erbe der DDR - Das mediale Erbe der DDR","robots":{"index":"index","follow":"follow","max-snippet":"max-snippet:-1","max-image-preview":"max-image-preview:large","max-video-preview":"max-video-preview:-1"},"canonical":"https:\/\/medienerbe-ddr.de\/index.php\/projekte-2\/digitale-portale-zum-medialen-erbe-der-ddr\/","og_locale":"de_DE","og_type":"article","og_title":"Digitale Portale zum medialen Erbe der DDR - Das mediale Erbe der DDR","og_description":"Projektleitung: Dr. J\u00fcrgen Danyel (ZZF)Bearbeitung und Koordination: Olaf Berg Das Projekt entwickelt innovative Konzepte und technologische Umsetzungen f\u00fcr die digitale Speicherung und Bearbeitung von Forschungsdaten sowie f\u00fcr online zug\u00e4ngliche digitale... Read more &raquo;","og_url":"https:\/\/medienerbe-ddr.de\/index.php\/projekte-2\/digitale-portale-zum-medialen-erbe-der-ddr\/","og_site_name":"Das mediale Erbe der DDR","article_modified_time":"2023-10-10T14:10:46+00:00","og_image":[{"url":"https:\/\/medienerbe-ddr.de\/wp-content\/uploads\/2019\/02\/C-archiv-image1b.jpg","type":"","width":"","height":""}],"twitter_card":"summary_large_image","twitter_misc":{"Gesch\u00e4tzte Lesezeit":"1\u00a0Minute"},"schema":{"@context":"https:\/\/schema.org","@graph":[{"@type":"WebPage","@id":"https:\/\/medienerbe-ddr.de\/index.php\/projekte-2\/digitale-portale-zum-medialen-erbe-der-ddr\/","url":"https:\/\/medienerbe-ddr.de\/index.php\/projekte-2\/digitale-portale-zum-medialen-erbe-der-ddr\/","name":"Digitale Portale zum medialen Erbe der DDR - Das mediale Erbe der DDR","isPartOf":{"@id":"https:\/\/medienerbe-ddr.de\/#website"},"primaryImageOfPage":{"@id":"https:\/\/medienerbe-ddr.de\/index.php\/projekte-2\/digitale-portale-zum-medialen-erbe-der-ddr\/#primaryimage"},"image":{"@id":"https:\/\/medienerbe-ddr.de\/index.php\/projekte-2\/digitale-portale-zum-medialen-erbe-der-ddr\/#primaryimage"},"thumbnailUrl":"https:\/\/medienerbe-ddr.de\/wp-content\/uploads\/2019\/02\/C-archiv-image1b.jpg","datePublished":"2019-04-05T10:30:45+00:00","dateModified":"2023-10-10T14:10:46+00:00","breadcrumb":{"@id":"https:\/\/medienerbe-ddr.de\/index.php\/projekte-2\/digitale-portale-zum-medialen-erbe-der-ddr\/#breadcrumb"},"inLanguage":"de","potentialAction":[{"@type":"ReadAction","target":["https:\/\/medienerbe-ddr.de\/index.php\/projekte-2\/digitale-portale-zum-medialen-erbe-der-ddr\/"]}]},{"@type":"ImageObject","inLanguage":"de","@id":"https:\/\/medienerbe-ddr.de\/index.php\/projekte-2\/digitale-portale-zum-medialen-erbe-der-ddr\/#primaryimage","url":"https:\/\/medienerbe-ddr.de\/wp-content\/uploads\/2019\/02\/C-archiv-image1b.jpg","contentUrl":"https:\/\/medienerbe-ddr.de\/wp-content\/uploads\/2019\/02\/C-archiv-image1b.jpg","width":590,"height":443},{"@type":"BreadcrumbList","@id":"https:\/\/medienerbe-ddr.de\/index.php\/projekte-2\/digitale-portale-zum-medialen-erbe-der-ddr\/#breadcrumb","itemListElement":[{"@type":"ListItem","position":1,"name":"Startseite","item":"https:\/\/medienerbe-ddr.de\/"},{"@type":"ListItem","position":2,"name":"Projekte 2019 \u2013 2023","item":"https:\/\/medienerbe-ddr.de\/index.php\/projekte-2\/"},{"@type":"ListItem","position":3,"name":"Digitale Portale zum medialen Erbe der DDR"}]},{"@type":"WebSite","@id":"https:\/\/medienerbe-ddr.de\/#website","url":"https:\/\/medienerbe-ddr.de\/","name":"Das mediale Erbe der DDR","description":"Akteure, Aneignung, Tradierung","publisher":{"@id":"https:\/\/medienerbe-ddr.de\/#organization"},"potentialAction":[{"@type":"SearchAction","target":{"@type":"EntryPoint","urlTemplate":"https:\/\/medienerbe-ddr.de\/?s={search_term_string}"},"query-input":{"@type":"PropertyValueSpecification","valueRequired":true,"valueName":"search_term_string"}}],"inLanguage":"de"},{"@type":"Organization","@id":"https:\/\/medienerbe-ddr.de\/#organization","name":"Forschungsverbund Das mediale Erbe der DDR","url":"https:\/\/medienerbe-ddr.de\/","logo":{"@type":"ImageObject","inLanguage":"de","@id":"https:\/\/medienerbe-ddr.de\/#\/schema\/logo\/image\/","url":"https:\/\/medienerbe-ddr.de\/wp-content\/uploads\/2019\/03\/LogoDDR_27mm-hg-weiss.png","contentUrl":"https:\/\/medienerbe-ddr.de\/wp-content\/uploads\/2019\/03\/LogoDDR_27mm-hg-weiss.png","width":319,"height":305,"caption":"Forschungsverbund Das mediale Erbe der DDR"},"image":{"@id":"https:\/\/medienerbe-ddr.de\/#\/schema\/logo\/image\/"}}]}},"_links":{"self":[{"href":"https:\/\/medienerbe-ddr.de\/index.php\/wp-json\/wp\/v2\/pages\/907","targetHints":{"allow":["GET"]}}],"collection":[{"href":"https:\/\/medienerbe-ddr.de\/index.php\/wp-json\/wp\/v2\/pages"}],"about":[{"href":"https:\/\/medienerbe-ddr.de\/index.php\/wp-json\/wp\/v2\/types\/page"}],"author":[{"embeddable":true,"href":"https:\/\/medienerbe-ddr.de\/index.php\/wp-json\/wp\/v2\/users\/4"}],"replies":[{"embeddable":true,"href":"https:\/\/medienerbe-ddr.de\/index.php\/wp-json\/wp\/v2\/comments?post=907"}],"version-history":[{"count":6,"href":"https:\/\/medienerbe-ddr.de\/index.php\/wp-json\/wp\/v2\/pages\/907\/revisions"}],"predecessor-version":[{"id":1451,"href":"https:\/\/medienerbe-ddr.de\/index.php\/wp-json\/wp\/v2\/pages\/907\/revisions\/1451"}],"up":[{"embeddable":true,"href":"https:\/\/medienerbe-ddr.de\/index.php\/wp-json\/wp\/v2\/pages\/6"}],"wp:attachment":[{"href":"https:\/\/medienerbe-ddr.de\/index.php\/wp-json\/wp\/v2\/media?parent=907"}],"curies":[{"name":"wp","href":"https:\/\/api.w.org\/{rel}","templated":true}]}}