{"id":903,"date":"2019-04-03T09:30:04","date_gmt":"2019-04-03T08:30:04","guid":{"rendered":"http:\/\/medienerbe-ddr.de\/?page_id=903"},"modified":"2025-10-01T07:50:37","modified_gmt":"2025-10-01T06:50:37","slug":"mediennutzung-im-lebenslauf-medienbiographien-in-ost-und-west-berlin","status":"publish","type":"page","link":"https:\/\/medienerbe-ddr.de\/index.php\/projekte-2\/mediennutzung-im-lebenslauf-medienbiographien-in-ost-und-west-berlin\/","title":{"rendered":"Mediennutzung im Lebenslauf. Medienbiographien in Ost- und West-Berlin"},"content":{"rendered":"\n<p><em>Projektleitung: Prof. Dr. Maria L\u00f6blich (FU)<br>Bearbeitung: Elisa Pollack<\/em><\/p>\n\n\n\n<div class=\"wp-block-columns has-2-columns is-layout-flex wp-container-core-columns-is-layout-9d6595d7 wp-block-columns-is-layout-flex\">\n<div class=\"wp-block-column is-layout-flow wp-block-column-is-layout-flow\">\n<div class=\"wp-block-cover aligncenter has-custom-content-position is-position-bottom-right\"><img loading=\"lazy\" decoding=\"async\" width=\"640\" height=\"429\" class=\"wp-block-cover__image-background wp-image-437\" alt=\"\" src=\"https:\/\/medienerbe-ddr.de\/wp-content\/uploads\/2019\/02\/B1.jpg\" data-object-fit=\"cover\" srcset=\"https:\/\/medienerbe-ddr.de\/wp-content\/uploads\/2019\/02\/B1.jpg 640w, https:\/\/medienerbe-ddr.de\/wp-content\/uploads\/2019\/02\/B1-300x201.jpg 300w, https:\/\/medienerbe-ddr.de\/wp-content\/uploads\/2019\/02\/B1-624x418.jpg 624w\" sizes=\"auto, (max-width: 640px) 100vw, 640px\" \/><span aria-hidden=\"true\" class=\"wp-block-cover__background has-background-dim-0 has-background-dim\"><\/span><div class=\"wp-block-cover__inner-container is-layout-flow wp-block-cover-is-layout-flow\">\n<p class=\"has-text-align-center has-large-font-size\">\u00a9 G\u00fcnter Mach \/&nbsp;<a href=\"https:\/\/commons.wikimedia.org\/wiki\/File:Grenz%C3%B6ffnung_Kontrollpunkt_Helmstedt_-1_(G._Mach).jpg\" target=\"_blank\" rel=\"noreferrer noopener\">Wikimedia Commons<\/a><\/p>\n<\/div><\/div>\n\n\n\n<p>In der Mediennutzung von Berlinerinnen\nund Berlinern finden sich bis heute Spuren der Teilung, wie auch in der\ngesamtdeutschen Mediennutzung. Das wird etwa in der Verbreitung von\nTageszeitungen sichtbar, die aus der Zeit vor 1989 stammen. Das Projekt\nverfolgt die These, dass diese Unterschiede nicht allein aus der Zeit vor dem\nMauerfall erkl\u00e4rt werden k\u00f6nnen, sondern vor allem aus der Zeit danach. Die\nWende und Nachwendezeit bescherte den Menschen dieser Stadt entweder Lebensumbr\u00fcche\noder weniger sp\u00fcrbare Ver\u00e4nderungen. In beiden F\u00e4llen ist davon auszugehen,\ndass Medienangebote eine wichtige Rolle spielten: dass sie genutzt wurden, um Einschnitte\nim Lebenslauf zu bew\u00e4ltigen oder um die Kontinuit\u00e4t von Alltag und Identit\u00e4t zu\nsichern. Die Medien wandelten sich in dieser Zeit jedoch auch selbst, bedingt\ndurch politische Eingriffe oder wirtschaftliche Ziele. Im Zusammenhang von\nNachwendebiographien und Mediennutzung d\u00fcrfte ein Schl\u00fcssel f\u00fcr das Verst\u00e4ndnis\ndes problematischen (medialen) Zusammenwachsens liegen. <\/p>\n\n\n\n<p>Das Projekt fragt danach, wie Menschen\nin Ost- und Westberlin Medien genutzt haben, um das Ende der Teilung ihrer\nStadt zu verarbeiten und welche Rolle Medien \u00fcber die Wendezeit hinaus im Leben\nvon Ost- und Westberlin sowie f\u00fcr das Verh\u00e4ltnis der Berliner zueinander\ngespielt haben. Der Schwerpunkt der Studie liegt auf der Untersuchung von Funktionen,\nNutzungspraktiken und Bewertungen medialer Angebote. Die Studie wird vor allem\nmit Leitfadeninterviews arbeiten, die Biographien vor 1989 ebenso einbeziehen\nwie heutige Mediennutzung. <\/p>\n\n\n\n<p><strong>Publikationen<\/strong><\/p>\n\n\n\n<figure class=\"wp-block-image size-large is-resized\"><img loading=\"lazy\" decoding=\"async\" width=\"683\" height=\"1024\" src=\"https:\/\/medienerbe-ddr.de\/wp-content\/uploads\/2024\/12\/9783869626819_hp-683x1024.webp\" alt=\"\" class=\"wp-image-1625\" style=\"width:150px\" srcset=\"https:\/\/medienerbe-ddr.de\/wp-content\/uploads\/2024\/12\/9783869626819_hp-683x1024.webp 683w, https:\/\/medienerbe-ddr.de\/wp-content\/uploads\/2024\/12\/9783869626819_hp-200x300.webp 200w, https:\/\/medienerbe-ddr.de\/wp-content\/uploads\/2024\/12\/9783869626819_hp-624x936.webp 624w, https:\/\/medienerbe-ddr.de\/wp-content\/uploads\/2024\/12\/9783869626819_hp.webp 750w\" sizes=\"auto, (max-width: 683px) 100vw, 683px\" \/><\/figure>\n\n\n\n<ul class=\"wp-block-list\">\n<li>Elisa Pollack: <a href=\"https:\/\/www.halem-verlag.de\/produkt\/getrennte-medienwelten\/\"><em>Getrennte Medienwelten. Mediennutzung in Ost- und Westberlin nach der Wende<\/em><\/a>. K\u00f6ln 2024.<\/li>\n\n\n\n<li>Maria L\u00f6blich: Routinen der Mediennutzung in West-Berlin. Eine Ann\u00e4herung \u00fcber biografische Interviews. In: Thomas Birkner, Patrick Merziger, Christian Schwarzenegger (Hg.): <em>Historische Medienwirkungsforschung. Ans\u00e4tze, Methoden und Quellen<\/em>, K\u00f6ln 2020, S. 202\u2013224.<\/li>\n\n\n\n<li>Elisa Pollack: Medien und kollektive Identit\u00e4t. Biographische Ann\u00e4herungen an Mediennutzung und -bewertung von Ost- und West-BerlinerInnen in der Nachwendezeit. In: <em>medien &amp; zeit 36<\/em>(2)\/2021, S. 60\u201373.<\/li>\n\n\n\n<li>Elisa Pollack: Medien und kollektive Identit\u00e4t. Biographische Ann\u00e4herungen an Mediennutzung und -bewertung von Ost- und West-Berliner*innen in der Nachwendezeit. In:<em> Rundfunk und Geschichte 47<\/em>(1-2)\/2021, S. 118\u2013120, URL: <a href=\"https:\/\/rundfunkundgeschichte.de\/artikel\/heft-1-2-2021\/\">https:\/\/rundfunkundgeschichte.de\/artikel\/heft-1-2-2021\/<\/a><\/li>\n\n\n\n<li>Elisa Pollack: Ber\u00fchmter Schwerpunkt? \u2013 Die DDR-(Presse-)Forschung am Berliner Institut f\u00fcr Publizistik und die 68er. In: Maria L\u00f6blich, Niklas Venema (Hg.): <em>\u201eRegierungszeit des Mittelbaus\u201c? Ann\u00e4herungen an die Berliner Publizistikwissenschaft nach der Studentenbewegung<\/em>, K\u00f6ln 2020, S. 453\u2013489.<\/li>\n\n\n\n<li>Elisa Pollack: \u201eDie steht f\u00fcr uns\u201c? \u2013 Ost-Identit\u00e4t und Berliner Zeitung. In: <em>Newsletter des Instituts f\u00fcr Publizistik- und Kommunikationswissenschaft der FU Berlin<\/em>, 2020, URL: <a href=\"https:\/\/www.polsoz.fu-berlin.de\/kommwiss\/alumni\/newsletter\/Newsletter_IfPuK_2020.pdf\">https:\/\/www.polsoz.fu-berlin.de\/kommwiss\/alumni\/newsletter\/Newsletter_IfPuK_2020.pdf<\/a><\/li>\n<\/ul>\n<\/div>\n<\/div>\n","protected":false},"excerpt":{"rendered":"<p>Projektleitung: Prof. Dr. Maria L\u00f6blich (FU)Bearbeitung: Elisa Pollack In der Mediennutzung von Berlinerinnen und Berlinern finden sich bis heute Spuren der Teilung, wie auch in der gesamtdeutschen Mediennutzung. Das wird&#8230; <a href=\"https:\/\/medienerbe-ddr.de\/index.php\/projekte-2\/mediennutzung-im-lebenslauf-medienbiographien-in-ost-und-west-berlin\/\">Read more &raquo;<\/a><\/p>\n","protected":false},"author":4,"featured_media":0,"parent":6,"menu_order":200,"comment_status":"closed","ping_status":"closed","template":"page-templates\/full-width.php","meta":{"_acf_changed":false,"footnotes":""},"class_list":["post-903","page","type-page","status-publish","hentry"],"acf":[],"yoast_head":"<!-- This site is optimized with the Yoast SEO plugin v27.2 - https:\/\/yoast.com\/product\/yoast-seo-wordpress\/ -->\n<title>Mediennutzung im Lebenslauf. Medienbiographien in Ost- und West-Berlin - Das mediale Erbe der DDR<\/title>\n<meta name=\"robots\" content=\"index, follow, max-snippet:-1, max-image-preview:large, max-video-preview:-1\" \/>\n<link rel=\"canonical\" href=\"https:\/\/medienerbe-ddr.de\/index.php\/projekte-2\/mediennutzung-im-lebenslauf-medienbiographien-in-ost-und-west-berlin\/\" \/>\n<meta property=\"og:locale\" content=\"de_DE\" \/>\n<meta property=\"og:type\" content=\"article\" \/>\n<meta property=\"og:title\" content=\"Mediennutzung im Lebenslauf. Medienbiographien in Ost- und West-Berlin - Das mediale Erbe der DDR\" \/>\n<meta property=\"og:description\" content=\"Projektleitung: Prof. Dr. Maria L\u00f6blich (FU)Bearbeitung: Elisa Pollack In der Mediennutzung von Berlinerinnen und Berlinern finden sich bis heute Spuren der Teilung, wie auch in der gesamtdeutschen Mediennutzung. Das wird... Read more &raquo;\" \/>\n<meta property=\"og:url\" content=\"https:\/\/medienerbe-ddr.de\/index.php\/projekte-2\/mediennutzung-im-lebenslauf-medienbiographien-in-ost-und-west-berlin\/\" \/>\n<meta property=\"og:site_name\" content=\"Das mediale Erbe der DDR\" \/>\n<meta property=\"article:modified_time\" content=\"2025-10-01T06:50:37+00:00\" \/>\n<meta property=\"og:image\" content=\"https:\/\/medienerbe-ddr.de\/wp-content\/uploads\/2019\/02\/B1.jpg\" \/>\n\t<meta property=\"og:image:width\" content=\"640\" \/>\n\t<meta property=\"og:image:height\" content=\"429\" \/>\n\t<meta property=\"og:image:type\" content=\"image\/jpeg\" \/>\n<meta name=\"twitter:card\" content=\"summary_large_image\" \/>\n<meta name=\"twitter:label1\" content=\"Gesch\u00e4tzte Lesezeit\" \/>\n\t<meta name=\"twitter:data1\" content=\"3\u00a0Minuten\" \/>\n<script type=\"application\/ld+json\" class=\"yoast-schema-graph\">{\"@context\":\"https:\/\/schema.org\",\"@graph\":[{\"@type\":\"WebPage\",\"@id\":\"https:\/\/medienerbe-ddr.de\/index.php\/projekte-2\/mediennutzung-im-lebenslauf-medienbiographien-in-ost-und-west-berlin\/\",\"url\":\"https:\/\/medienerbe-ddr.de\/index.php\/projekte-2\/mediennutzung-im-lebenslauf-medienbiographien-in-ost-und-west-berlin\/\",\"name\":\"Mediennutzung im Lebenslauf. Medienbiographien in Ost- und West-Berlin - Das mediale Erbe der DDR\",\"isPartOf\":{\"@id\":\"https:\/\/medienerbe-ddr.de\/#website\"},\"primaryImageOfPage\":{\"@id\":\"https:\/\/medienerbe-ddr.de\/index.php\/projekte-2\/mediennutzung-im-lebenslauf-medienbiographien-in-ost-und-west-berlin\/#primaryimage\"},\"image\":{\"@id\":\"https:\/\/medienerbe-ddr.de\/index.php\/projekte-2\/mediennutzung-im-lebenslauf-medienbiographien-in-ost-und-west-berlin\/#primaryimage\"},\"thumbnailUrl\":\"https:\/\/medienerbe-ddr.de\/wp-content\/uploads\/2019\/02\/B1.jpg\",\"datePublished\":\"2019-04-03T08:30:04+00:00\",\"dateModified\":\"2025-10-01T06:50:37+00:00\",\"breadcrumb\":{\"@id\":\"https:\/\/medienerbe-ddr.de\/index.php\/projekte-2\/mediennutzung-im-lebenslauf-medienbiographien-in-ost-und-west-berlin\/#breadcrumb\"},\"inLanguage\":\"de\",\"potentialAction\":[{\"@type\":\"ReadAction\",\"target\":[\"https:\/\/medienerbe-ddr.de\/index.php\/projekte-2\/mediennutzung-im-lebenslauf-medienbiographien-in-ost-und-west-berlin\/\"]}]},{\"@type\":\"ImageObject\",\"inLanguage\":\"de\",\"@id\":\"https:\/\/medienerbe-ddr.de\/index.php\/projekte-2\/mediennutzung-im-lebenslauf-medienbiographien-in-ost-und-west-berlin\/#primaryimage\",\"url\":\"https:\/\/medienerbe-ddr.de\/wp-content\/uploads\/2019\/02\/B1.jpg\",\"contentUrl\":\"https:\/\/medienerbe-ddr.de\/wp-content\/uploads\/2019\/02\/B1.jpg\",\"width\":640,\"height\":429,\"caption\":\"Medienbiographien\"},{\"@type\":\"BreadcrumbList\",\"@id\":\"https:\/\/medienerbe-ddr.de\/index.php\/projekte-2\/mediennutzung-im-lebenslauf-medienbiographien-in-ost-und-west-berlin\/#breadcrumb\",\"itemListElement\":[{\"@type\":\"ListItem\",\"position\":1,\"name\":\"Startseite\",\"item\":\"https:\/\/medienerbe-ddr.de\/\"},{\"@type\":\"ListItem\",\"position\":2,\"name\":\"Projekte 2019 \u2013 2023\",\"item\":\"https:\/\/medienerbe-ddr.de\/index.php\/projekte-2\/\"},{\"@type\":\"ListItem\",\"position\":3,\"name\":\"Mediennutzung im Lebenslauf. Medienbiographien in Ost- und West-Berlin\"}]},{\"@type\":\"WebSite\",\"@id\":\"https:\/\/medienerbe-ddr.de\/#website\",\"url\":\"https:\/\/medienerbe-ddr.de\/\",\"name\":\"Das mediale Erbe der DDR\",\"description\":\"Akteure, Aneignung, Tradierung\",\"publisher\":{\"@id\":\"https:\/\/medienerbe-ddr.de\/#organization\"},\"potentialAction\":[{\"@type\":\"SearchAction\",\"target\":{\"@type\":\"EntryPoint\",\"urlTemplate\":\"https:\/\/medienerbe-ddr.de\/?s={search_term_string}\"},\"query-input\":{\"@type\":\"PropertyValueSpecification\",\"valueRequired\":true,\"valueName\":\"search_term_string\"}}],\"inLanguage\":\"de\"},{\"@type\":\"Organization\",\"@id\":\"https:\/\/medienerbe-ddr.de\/#organization\",\"name\":\"Forschungsverbund Das mediale Erbe der DDR\",\"url\":\"https:\/\/medienerbe-ddr.de\/\",\"logo\":{\"@type\":\"ImageObject\",\"inLanguage\":\"de\",\"@id\":\"https:\/\/medienerbe-ddr.de\/#\/schema\/logo\/image\/\",\"url\":\"https:\/\/medienerbe-ddr.de\/wp-content\/uploads\/2019\/03\/LogoDDR_27mm-hg-weiss.png\",\"contentUrl\":\"https:\/\/medienerbe-ddr.de\/wp-content\/uploads\/2019\/03\/LogoDDR_27mm-hg-weiss.png\",\"width\":319,\"height\":305,\"caption\":\"Forschungsverbund Das mediale Erbe der DDR\"},\"image\":{\"@id\":\"https:\/\/medienerbe-ddr.de\/#\/schema\/logo\/image\/\"}}]}<\/script>\n<!-- \/ Yoast SEO plugin. -->","yoast_head_json":{"title":"Mediennutzung im Lebenslauf. Medienbiographien in Ost- und West-Berlin - Das mediale Erbe der DDR","robots":{"index":"index","follow":"follow","max-snippet":"max-snippet:-1","max-image-preview":"max-image-preview:large","max-video-preview":"max-video-preview:-1"},"canonical":"https:\/\/medienerbe-ddr.de\/index.php\/projekte-2\/mediennutzung-im-lebenslauf-medienbiographien-in-ost-und-west-berlin\/","og_locale":"de_DE","og_type":"article","og_title":"Mediennutzung im Lebenslauf. Medienbiographien in Ost- und West-Berlin - Das mediale Erbe der DDR","og_description":"Projektleitung: Prof. Dr. Maria L\u00f6blich (FU)Bearbeitung: Elisa Pollack In der Mediennutzung von Berlinerinnen und Berlinern finden sich bis heute Spuren der Teilung, wie auch in der gesamtdeutschen Mediennutzung. Das wird... Read more &raquo;","og_url":"https:\/\/medienerbe-ddr.de\/index.php\/projekte-2\/mediennutzung-im-lebenslauf-medienbiographien-in-ost-und-west-berlin\/","og_site_name":"Das mediale Erbe der DDR","article_modified_time":"2025-10-01T06:50:37+00:00","og_image":[{"width":640,"height":429,"url":"https:\/\/medienerbe-ddr.de\/wp-content\/uploads\/2019\/02\/B1.jpg","type":"image\/jpeg"}],"twitter_card":"summary_large_image","twitter_misc":{"Gesch\u00e4tzte Lesezeit":"3\u00a0Minuten"},"schema":{"@context":"https:\/\/schema.org","@graph":[{"@type":"WebPage","@id":"https:\/\/medienerbe-ddr.de\/index.php\/projekte-2\/mediennutzung-im-lebenslauf-medienbiographien-in-ost-und-west-berlin\/","url":"https:\/\/medienerbe-ddr.de\/index.php\/projekte-2\/mediennutzung-im-lebenslauf-medienbiographien-in-ost-und-west-berlin\/","name":"Mediennutzung im Lebenslauf. Medienbiographien in Ost- und West-Berlin - Das mediale Erbe der DDR","isPartOf":{"@id":"https:\/\/medienerbe-ddr.de\/#website"},"primaryImageOfPage":{"@id":"https:\/\/medienerbe-ddr.de\/index.php\/projekte-2\/mediennutzung-im-lebenslauf-medienbiographien-in-ost-und-west-berlin\/#primaryimage"},"image":{"@id":"https:\/\/medienerbe-ddr.de\/index.php\/projekte-2\/mediennutzung-im-lebenslauf-medienbiographien-in-ost-und-west-berlin\/#primaryimage"},"thumbnailUrl":"https:\/\/medienerbe-ddr.de\/wp-content\/uploads\/2019\/02\/B1.jpg","datePublished":"2019-04-03T08:30:04+00:00","dateModified":"2025-10-01T06:50:37+00:00","breadcrumb":{"@id":"https:\/\/medienerbe-ddr.de\/index.php\/projekte-2\/mediennutzung-im-lebenslauf-medienbiographien-in-ost-und-west-berlin\/#breadcrumb"},"inLanguage":"de","potentialAction":[{"@type":"ReadAction","target":["https:\/\/medienerbe-ddr.de\/index.php\/projekte-2\/mediennutzung-im-lebenslauf-medienbiographien-in-ost-und-west-berlin\/"]}]},{"@type":"ImageObject","inLanguage":"de","@id":"https:\/\/medienerbe-ddr.de\/index.php\/projekte-2\/mediennutzung-im-lebenslauf-medienbiographien-in-ost-und-west-berlin\/#primaryimage","url":"https:\/\/medienerbe-ddr.de\/wp-content\/uploads\/2019\/02\/B1.jpg","contentUrl":"https:\/\/medienerbe-ddr.de\/wp-content\/uploads\/2019\/02\/B1.jpg","width":640,"height":429,"caption":"Medienbiographien"},{"@type":"BreadcrumbList","@id":"https:\/\/medienerbe-ddr.de\/index.php\/projekte-2\/mediennutzung-im-lebenslauf-medienbiographien-in-ost-und-west-berlin\/#breadcrumb","itemListElement":[{"@type":"ListItem","position":1,"name":"Startseite","item":"https:\/\/medienerbe-ddr.de\/"},{"@type":"ListItem","position":2,"name":"Projekte 2019 \u2013 2023","item":"https:\/\/medienerbe-ddr.de\/index.php\/projekte-2\/"},{"@type":"ListItem","position":3,"name":"Mediennutzung im Lebenslauf. Medienbiographien in Ost- und West-Berlin"}]},{"@type":"WebSite","@id":"https:\/\/medienerbe-ddr.de\/#website","url":"https:\/\/medienerbe-ddr.de\/","name":"Das mediale Erbe der DDR","description":"Akteure, Aneignung, Tradierung","publisher":{"@id":"https:\/\/medienerbe-ddr.de\/#organization"},"potentialAction":[{"@type":"SearchAction","target":{"@type":"EntryPoint","urlTemplate":"https:\/\/medienerbe-ddr.de\/?s={search_term_string}"},"query-input":{"@type":"PropertyValueSpecification","valueRequired":true,"valueName":"search_term_string"}}],"inLanguage":"de"},{"@type":"Organization","@id":"https:\/\/medienerbe-ddr.de\/#organization","name":"Forschungsverbund Das mediale Erbe der DDR","url":"https:\/\/medienerbe-ddr.de\/","logo":{"@type":"ImageObject","inLanguage":"de","@id":"https:\/\/medienerbe-ddr.de\/#\/schema\/logo\/image\/","url":"https:\/\/medienerbe-ddr.de\/wp-content\/uploads\/2019\/03\/LogoDDR_27mm-hg-weiss.png","contentUrl":"https:\/\/medienerbe-ddr.de\/wp-content\/uploads\/2019\/03\/LogoDDR_27mm-hg-weiss.png","width":319,"height":305,"caption":"Forschungsverbund Das mediale Erbe der DDR"},"image":{"@id":"https:\/\/medienerbe-ddr.de\/#\/schema\/logo\/image\/"}}]}},"_links":{"self":[{"href":"https:\/\/medienerbe-ddr.de\/index.php\/wp-json\/wp\/v2\/pages\/903","targetHints":{"allow":["GET"]}}],"collection":[{"href":"https:\/\/medienerbe-ddr.de\/index.php\/wp-json\/wp\/v2\/pages"}],"about":[{"href":"https:\/\/medienerbe-ddr.de\/index.php\/wp-json\/wp\/v2\/types\/page"}],"author":[{"embeddable":true,"href":"https:\/\/medienerbe-ddr.de\/index.php\/wp-json\/wp\/v2\/users\/4"}],"replies":[{"embeddable":true,"href":"https:\/\/medienerbe-ddr.de\/index.php\/wp-json\/wp\/v2\/comments?post=903"}],"version-history":[{"count":12,"href":"https:\/\/medienerbe-ddr.de\/index.php\/wp-json\/wp\/v2\/pages\/903\/revisions"}],"predecessor-version":[{"id":1728,"href":"https:\/\/medienerbe-ddr.de\/index.php\/wp-json\/wp\/v2\/pages\/903\/revisions\/1728"}],"up":[{"embeddable":true,"href":"https:\/\/medienerbe-ddr.de\/index.php\/wp-json\/wp\/v2\/pages\/6"}],"wp:attachment":[{"href":"https:\/\/medienerbe-ddr.de\/index.php\/wp-json\/wp\/v2\/media?parent=903"}],"curies":[{"name":"wp","href":"https:\/\/api.w.org\/{rel}","templated":true}]}}