{"id":892,"date":"2019-04-03T09:12:48","date_gmt":"2019-04-03T08:12:48","guid":{"rendered":"http:\/\/medienerbe-ddr.de\/?page_id=892"},"modified":"2025-10-13T12:56:45","modified_gmt":"2025-10-13T11:56:45","slug":"umbrueche-aufbrueche-zusammenbrueche-der-defa-dokumentarfilm-und-seine-filmemacher-innen-seit-den-1980er-jahren","status":"publish","type":"page","link":"https:\/\/medienerbe-ddr.de\/index.php\/projekte-2\/umbrueche-aufbrueche-zusammenbrueche-der-defa-dokumentarfilm-und-seine-filmemacher-innen-seit-den-1980er-jahren\/","title":{"rendered":"Umbr\u00fcche, Aufbr\u00fcche, Zusammenbr\u00fcche. Der DEFA-Dokumentarfilm und seine Filmemacher\/innen seit den 1980er Jahren"},"content":{"rendered":"\n<p><em>Projektleitung: Prof. Dr. Margit Sz\u00f6ll\u00f6si-Janze (LMU)<br>Bearbeitung: Sinja Gerdes<\/em><\/p>\n\n\n\n<div class=\"wp-block-columns has-2-columns is-layout-flex wp-container-core-columns-is-layout-9d6595d7 wp-block-columns-is-layout-flex\">\n<div class=\"wp-block-column is-layout-flow wp-block-column-is-layout-flow\">\n<div class=\"wp-block-cover aligncenter has-custom-content-position is-position-bottom-right\"><img loading=\"lazy\" decoding=\"async\" width=\"2651\" height=\"1767\" class=\"wp-block-cover__image-background wp-image-264\" alt=\"\" src=\"https:\/\/medienerbe-ddr.de\/wp-content\/uploads\/2019\/02\/A3_Bild.jpg\" data-object-fit=\"cover\" srcset=\"https:\/\/medienerbe-ddr.de\/wp-content\/uploads\/2019\/02\/A3_Bild.jpg 2651w, https:\/\/medienerbe-ddr.de\/wp-content\/uploads\/2019\/02\/A3_Bild-300x200.jpg 300w, https:\/\/medienerbe-ddr.de\/wp-content\/uploads\/2019\/02\/A3_Bild-768x512.jpg 768w, https:\/\/medienerbe-ddr.de\/wp-content\/uploads\/2019\/02\/A3_Bild-1024x683.jpg 1024w, https:\/\/medienerbe-ddr.de\/wp-content\/uploads\/2019\/02\/A3_Bild-624x416.jpg 624w\" sizes=\"auto, (max-width: 2651px) 100vw, 2651px\" \/><span aria-hidden=\"true\" class=\"wp-block-cover__background has-background-dim-0 has-background-dim\"><\/span><div class=\"wp-block-cover__inner-container is-layout-flow wp-block-cover-is-layout-flow\">\n<p class=\"has-text-align-center has-large-font-size\">\u00a9&nbsp;<a href=\"https:\/\/www.pexels.com\/@tookapic\" target=\"_blank\" rel=\"noreferrer noopener\">Tookapic<\/a>&nbsp;\/&nbsp;<a href=\"https:\/\/www.pexels.com\/photo\/night-television-tv-video-8158\/\" target=\"_blank\" rel=\"noreferrer noopener\">Pexels<\/a><\/p>\n<\/div><\/div>\n\n\n\n<p>Dokumentarfilme haben viele\nFunktionen. Sie k\u00f6nnen als historische Quellen zur Rekonstruktion vergangener\nDenkweisen und Sinnzuschreibungen genutzt werden. Gleichzeitig spielen sie eine\nwichtige Rolle bei der Herausbildung eines kulturellen Ged\u00e4chtnisses und eines\nmedial transportierten Erinnerns. Diese Doppelfunktion von Dokumentarfilmen ist\nzentral f\u00fcr das Projekt, welches das mediale Erbe der DEFA-Dokumentarfilme seit\nden 1980er Jahren untersucht. <\/p>\n\n\n\n<p>Hierbei sollen gruppenbiographisch\ndie Lebenswege j\u00fcngerer, an der Filmhochschule in Babelsberg ausgebildeter\nDokumentarfilmer\/innen und ihre Arbeiten analysiert werden. In der DDR\nsozialisiert, galten sie in der DEFA als filmerz\u00e4hlerische Erneuerer und waren\nschlie\u00dflich beim Mauerfall zwischen 30 und 40 Jahre alt. Das Projekt untersucht\ndrei Gruppen: die, die als Regisseure in der neuen Bundesrepublik Anerkennung fanden,\njene, die nach gelungenen Starts an erste Erfolge nicht mehr ankn\u00fcpfen konnten,\nund schlie\u00dflich diejenigen, die ihren Beruf aufgeben mussten. <\/p>\n\n\n\n<p>Kernfragen sind, inwieweit es diese\nFilmemacher\/innen schafften, sich innerhalb der staatlich zensierten\nAuftragsproduktion inhaltliche Freiheiten zu erarbeiten, und wie dies ihr sp\u00e4teres\nfilmisches Schaffen pr\u00e4gte. Welches Bild der DDR, aber auch welches Bild vom\nWesten zeichnen die Filme dieser letzten Generation von DEFA-Regisseur\/innen,\ndie in Deutschland nach 1990 entstanden? Welche Erz\u00e4hlweisen, \u00c4sthetiken und\nTechniken wurden als in der DEFA erworbenes Wissen in das bundesdeutsche\nFilmschaffen hin\u00fcbergetragen? Wie werden die Filme jener Generation von\nDDR-Dokumentarist\/innen heute wahrgenommen, wiedergegeben und bewertet?<\/p>\n\n\n\n<p>Quellen sind zun\u00e4chst die\nDokumentarfilme selbst. F\u00fcr die Gruppenbiographie wird auch auf archivalische\nQuellen und Zeitzeugeninterviews zur\u00fcckgegriffen.<\/p>\n\n\n\n<p><strong>Publikationen<\/strong><\/p>\n\n\n\n<figure class=\"wp-block-image size-full is-resized\"><img loading=\"lazy\" decoding=\"async\" width=\"425\" height=\"648\" src=\"https:\/\/medienerbe-ddr.de\/wp-content\/uploads\/2025\/10\/Gerdes-NEU.jpeg\" alt=\"\" class=\"wp-image-1769\" style=\"width:140px\" srcset=\"https:\/\/medienerbe-ddr.de\/wp-content\/uploads\/2025\/10\/Gerdes-NEU.jpeg 425w, https:\/\/medienerbe-ddr.de\/wp-content\/uploads\/2025\/10\/Gerdes-NEU-197x300.jpeg 197w\" sizes=\"auto, (max-width: 425px) 100vw, 425px\" \/><\/figure>\n\n\n\n<ul class=\"wp-block-list\">\n<li>Sinja Gerdes: <em><a href=\"https:\/\/www.beck-shop.de\/gerdes-struktur-umbruch\/product\/39455592?srsltid=AfmBOopq-SnbbGO3jYd-nInD4sTXky9E1biE3LbDf-2wyjosSOR9lHrB\" target=\"_blank\" rel=\"noreferrer noopener\">Struktur und Umbruch. DEFA-Dokumentarfilme in den 1980er und 1990er Jahren. <\/a><\/em>M\u00fcnchen 2025.<\/li>\n\n\n\n<li>Sinja Gerdes: Umbr\u00fcche Aufbr\u00fcche Zusammenbr\u00fcche: Der DEFA-Dokumentarfilm und seine Filmemacher*innen seit den 1980er Jahren. Rundfunk und Geschichte 3-4\/2021, URL: <a href=\"https:\/\/rundfunkundgeschichte.de\/artikel\/heft-3-4-2021\/\">https:\/\/rundfunkundgeschichte.de\/artikel\/heft-3-4-2021\/<\/a><\/li>\n<\/ul>\n<\/div>\n<\/div>\n","protected":false},"excerpt":{"rendered":"<p>Projektleitung: Prof. Dr. Margit Sz\u00f6ll\u00f6si-Janze (LMU)Bearbeitung: Sinja Gerdes Dokumentarfilme haben viele Funktionen. Sie k\u00f6nnen als historische Quellen zur Rekonstruktion vergangener Denkweisen und Sinnzuschreibungen genutzt werden. Gleichzeitig spielen sie eine wichtige&#8230; <a href=\"https:\/\/medienerbe-ddr.de\/index.php\/projekte-2\/umbrueche-aufbrueche-zusammenbrueche-der-defa-dokumentarfilm-und-seine-filmemacher-innen-seit-den-1980er-jahren\/\">Read more &raquo;<\/a><\/p>\n","protected":false},"author":4,"featured_media":0,"parent":6,"menu_order":200,"comment_status":"closed","ping_status":"closed","template":"page-templates\/full-width.php","meta":{"_acf_changed":false,"footnotes":""},"class_list":["post-892","page","type-page","status-publish","hentry"],"acf":[],"yoast_head":"<!-- This site is optimized with the Yoast SEO plugin v27.2 - https:\/\/yoast.com\/product\/yoast-seo-wordpress\/ -->\n<title>Umbr\u00fcche, Aufbr\u00fcche, Zusammenbr\u00fcche. Der DEFA-Dokumentarfilm und seine Filmemacher\/innen seit den 1980er Jahren - Das mediale Erbe der DDR<\/title>\n<meta name=\"robots\" content=\"index, follow, max-snippet:-1, max-image-preview:large, max-video-preview:-1\" \/>\n<link rel=\"canonical\" href=\"https:\/\/medienerbe-ddr.de\/index.php\/projekte-2\/umbrueche-aufbrueche-zusammenbrueche-der-defa-dokumentarfilm-und-seine-filmemacher-innen-seit-den-1980er-jahren\/\" \/>\n<meta property=\"og:locale\" content=\"de_DE\" \/>\n<meta property=\"og:type\" content=\"article\" \/>\n<meta property=\"og:title\" content=\"Umbr\u00fcche, Aufbr\u00fcche, Zusammenbr\u00fcche. Der DEFA-Dokumentarfilm und seine Filmemacher\/innen seit den 1980er Jahren - Das mediale Erbe der DDR\" \/>\n<meta property=\"og:description\" content=\"Projektleitung: Prof. Dr. Margit Sz\u00f6ll\u00f6si-Janze (LMU)Bearbeitung: Sinja Gerdes Dokumentarfilme haben viele Funktionen. Sie k\u00f6nnen als historische Quellen zur Rekonstruktion vergangener Denkweisen und Sinnzuschreibungen genutzt werden. Gleichzeitig spielen sie eine wichtige... Read more &raquo;\" \/>\n<meta property=\"og:url\" content=\"https:\/\/medienerbe-ddr.de\/index.php\/projekte-2\/umbrueche-aufbrueche-zusammenbrueche-der-defa-dokumentarfilm-und-seine-filmemacher-innen-seit-den-1980er-jahren\/\" \/>\n<meta property=\"og:site_name\" content=\"Das mediale Erbe der DDR\" \/>\n<meta property=\"article:modified_time\" content=\"2025-10-13T11:56:45+00:00\" \/>\n<meta property=\"og:image\" content=\"https:\/\/medienerbe-ddr.de\/wp-content\/uploads\/2019\/02\/A3_Bild.jpg\" \/>\n\t<meta property=\"og:image:width\" content=\"2651\" \/>\n\t<meta property=\"og:image:height\" content=\"1767\" \/>\n\t<meta property=\"og:image:type\" content=\"image\/jpeg\" \/>\n<meta name=\"twitter:card\" content=\"summary_large_image\" \/>\n<meta name=\"twitter:label1\" content=\"Gesch\u00e4tzte Lesezeit\" \/>\n\t<meta name=\"twitter:data1\" content=\"2\u00a0Minuten\" \/>\n<script type=\"application\/ld+json\" class=\"yoast-schema-graph\">{\"@context\":\"https:\/\/schema.org\",\"@graph\":[{\"@type\":\"WebPage\",\"@id\":\"https:\/\/medienerbe-ddr.de\/index.php\/projekte-2\/umbrueche-aufbrueche-zusammenbrueche-der-defa-dokumentarfilm-und-seine-filmemacher-innen-seit-den-1980er-jahren\/\",\"url\":\"https:\/\/medienerbe-ddr.de\/index.php\/projekte-2\/umbrueche-aufbrueche-zusammenbrueche-der-defa-dokumentarfilm-und-seine-filmemacher-innen-seit-den-1980er-jahren\/\",\"name\":\"Umbr\u00fcche, Aufbr\u00fcche, Zusammenbr\u00fcche. Der DEFA-Dokumentarfilm und seine Filmemacher\/innen seit den 1980er Jahren - Das mediale Erbe der DDR\",\"isPartOf\":{\"@id\":\"https:\/\/medienerbe-ddr.de\/#website\"},\"primaryImageOfPage\":{\"@id\":\"https:\/\/medienerbe-ddr.de\/index.php\/projekte-2\/umbrueche-aufbrueche-zusammenbrueche-der-defa-dokumentarfilm-und-seine-filmemacher-innen-seit-den-1980er-jahren\/#primaryimage\"},\"image\":{\"@id\":\"https:\/\/medienerbe-ddr.de\/index.php\/projekte-2\/umbrueche-aufbrueche-zusammenbrueche-der-defa-dokumentarfilm-und-seine-filmemacher-innen-seit-den-1980er-jahren\/#primaryimage\"},\"thumbnailUrl\":\"https:\/\/medienerbe-ddr.de\/wp-content\/uploads\/2019\/02\/A3_Bild.jpg\",\"datePublished\":\"2019-04-03T08:12:48+00:00\",\"dateModified\":\"2025-10-13T11:56:45+00:00\",\"breadcrumb\":{\"@id\":\"https:\/\/medienerbe-ddr.de\/index.php\/projekte-2\/umbrueche-aufbrueche-zusammenbrueche-der-defa-dokumentarfilm-und-seine-filmemacher-innen-seit-den-1980er-jahren\/#breadcrumb\"},\"inLanguage\":\"de\",\"potentialAction\":[{\"@type\":\"ReadAction\",\"target\":[\"https:\/\/medienerbe-ddr.de\/index.php\/projekte-2\/umbrueche-aufbrueche-zusammenbrueche-der-defa-dokumentarfilm-und-seine-filmemacher-innen-seit-den-1980er-jahren\/\"]}]},{\"@type\":\"ImageObject\",\"inLanguage\":\"de\",\"@id\":\"https:\/\/medienerbe-ddr.de\/index.php\/projekte-2\/umbrueche-aufbrueche-zusammenbrueche-der-defa-dokumentarfilm-und-seine-filmemacher-innen-seit-den-1980er-jahren\/#primaryimage\",\"url\":\"https:\/\/medienerbe-ddr.de\/wp-content\/uploads\/2019\/02\/A3_Bild.jpg\",\"contentUrl\":\"https:\/\/medienerbe-ddr.de\/wp-content\/uploads\/2019\/02\/A3_Bild.jpg\",\"width\":2651,\"height\":1767,\"caption\":\"DEFA-Dokumentarfilm seit den 1980ern\"},{\"@type\":\"BreadcrumbList\",\"@id\":\"https:\/\/medienerbe-ddr.de\/index.php\/projekte-2\/umbrueche-aufbrueche-zusammenbrueche-der-defa-dokumentarfilm-und-seine-filmemacher-innen-seit-den-1980er-jahren\/#breadcrumb\",\"itemListElement\":[{\"@type\":\"ListItem\",\"position\":1,\"name\":\"Startseite\",\"item\":\"https:\/\/medienerbe-ddr.de\/\"},{\"@type\":\"ListItem\",\"position\":2,\"name\":\"Projekte 2019 \u2013 2023\",\"item\":\"https:\/\/medienerbe-ddr.de\/index.php\/projekte-2\/\"},{\"@type\":\"ListItem\",\"position\":3,\"name\":\"Umbr\u00fcche, Aufbr\u00fcche, Zusammenbr\u00fcche. Der DEFA-Dokumentarfilm und seine Filmemacher\/innen seit den 1980er Jahren\"}]},{\"@type\":\"WebSite\",\"@id\":\"https:\/\/medienerbe-ddr.de\/#website\",\"url\":\"https:\/\/medienerbe-ddr.de\/\",\"name\":\"Das mediale Erbe der DDR\",\"description\":\"Akteure, Aneignung, Tradierung\",\"publisher\":{\"@id\":\"https:\/\/medienerbe-ddr.de\/#organization\"},\"potentialAction\":[{\"@type\":\"SearchAction\",\"target\":{\"@type\":\"EntryPoint\",\"urlTemplate\":\"https:\/\/medienerbe-ddr.de\/?s={search_term_string}\"},\"query-input\":{\"@type\":\"PropertyValueSpecification\",\"valueRequired\":true,\"valueName\":\"search_term_string\"}}],\"inLanguage\":\"de\"},{\"@type\":\"Organization\",\"@id\":\"https:\/\/medienerbe-ddr.de\/#organization\",\"name\":\"Forschungsverbund Das mediale Erbe der DDR\",\"url\":\"https:\/\/medienerbe-ddr.de\/\",\"logo\":{\"@type\":\"ImageObject\",\"inLanguage\":\"de\",\"@id\":\"https:\/\/medienerbe-ddr.de\/#\/schema\/logo\/image\/\",\"url\":\"https:\/\/medienerbe-ddr.de\/wp-content\/uploads\/2019\/03\/LogoDDR_27mm-hg-weiss.png\",\"contentUrl\":\"https:\/\/medienerbe-ddr.de\/wp-content\/uploads\/2019\/03\/LogoDDR_27mm-hg-weiss.png\",\"width\":319,\"height\":305,\"caption\":\"Forschungsverbund Das mediale Erbe der DDR\"},\"image\":{\"@id\":\"https:\/\/medienerbe-ddr.de\/#\/schema\/logo\/image\/\"}}]}<\/script>\n<!-- \/ Yoast SEO plugin. -->","yoast_head_json":{"title":"Umbr\u00fcche, Aufbr\u00fcche, Zusammenbr\u00fcche. Der DEFA-Dokumentarfilm und seine Filmemacher\/innen seit den 1980er Jahren - Das mediale Erbe der DDR","robots":{"index":"index","follow":"follow","max-snippet":"max-snippet:-1","max-image-preview":"max-image-preview:large","max-video-preview":"max-video-preview:-1"},"canonical":"https:\/\/medienerbe-ddr.de\/index.php\/projekte-2\/umbrueche-aufbrueche-zusammenbrueche-der-defa-dokumentarfilm-und-seine-filmemacher-innen-seit-den-1980er-jahren\/","og_locale":"de_DE","og_type":"article","og_title":"Umbr\u00fcche, Aufbr\u00fcche, Zusammenbr\u00fcche. Der DEFA-Dokumentarfilm und seine Filmemacher\/innen seit den 1980er Jahren - Das mediale Erbe der DDR","og_description":"Projektleitung: Prof. Dr. Margit Sz\u00f6ll\u00f6si-Janze (LMU)Bearbeitung: Sinja Gerdes Dokumentarfilme haben viele Funktionen. Sie k\u00f6nnen als historische Quellen zur Rekonstruktion vergangener Denkweisen und Sinnzuschreibungen genutzt werden. Gleichzeitig spielen sie eine wichtige... Read more &raquo;","og_url":"https:\/\/medienerbe-ddr.de\/index.php\/projekte-2\/umbrueche-aufbrueche-zusammenbrueche-der-defa-dokumentarfilm-und-seine-filmemacher-innen-seit-den-1980er-jahren\/","og_site_name":"Das mediale Erbe der DDR","article_modified_time":"2025-10-13T11:56:45+00:00","og_image":[{"width":2651,"height":1767,"url":"https:\/\/medienerbe-ddr.de\/wp-content\/uploads\/2019\/02\/A3_Bild.jpg","type":"image\/jpeg"}],"twitter_card":"summary_large_image","twitter_misc":{"Gesch\u00e4tzte Lesezeit":"2\u00a0Minuten"},"schema":{"@context":"https:\/\/schema.org","@graph":[{"@type":"WebPage","@id":"https:\/\/medienerbe-ddr.de\/index.php\/projekte-2\/umbrueche-aufbrueche-zusammenbrueche-der-defa-dokumentarfilm-und-seine-filmemacher-innen-seit-den-1980er-jahren\/","url":"https:\/\/medienerbe-ddr.de\/index.php\/projekte-2\/umbrueche-aufbrueche-zusammenbrueche-der-defa-dokumentarfilm-und-seine-filmemacher-innen-seit-den-1980er-jahren\/","name":"Umbr\u00fcche, Aufbr\u00fcche, Zusammenbr\u00fcche. Der DEFA-Dokumentarfilm und seine Filmemacher\/innen seit den 1980er Jahren - Das mediale Erbe der DDR","isPartOf":{"@id":"https:\/\/medienerbe-ddr.de\/#website"},"primaryImageOfPage":{"@id":"https:\/\/medienerbe-ddr.de\/index.php\/projekte-2\/umbrueche-aufbrueche-zusammenbrueche-der-defa-dokumentarfilm-und-seine-filmemacher-innen-seit-den-1980er-jahren\/#primaryimage"},"image":{"@id":"https:\/\/medienerbe-ddr.de\/index.php\/projekte-2\/umbrueche-aufbrueche-zusammenbrueche-der-defa-dokumentarfilm-und-seine-filmemacher-innen-seit-den-1980er-jahren\/#primaryimage"},"thumbnailUrl":"https:\/\/medienerbe-ddr.de\/wp-content\/uploads\/2019\/02\/A3_Bild.jpg","datePublished":"2019-04-03T08:12:48+00:00","dateModified":"2025-10-13T11:56:45+00:00","breadcrumb":{"@id":"https:\/\/medienerbe-ddr.de\/index.php\/projekte-2\/umbrueche-aufbrueche-zusammenbrueche-der-defa-dokumentarfilm-und-seine-filmemacher-innen-seit-den-1980er-jahren\/#breadcrumb"},"inLanguage":"de","potentialAction":[{"@type":"ReadAction","target":["https:\/\/medienerbe-ddr.de\/index.php\/projekte-2\/umbrueche-aufbrueche-zusammenbrueche-der-defa-dokumentarfilm-und-seine-filmemacher-innen-seit-den-1980er-jahren\/"]}]},{"@type":"ImageObject","inLanguage":"de","@id":"https:\/\/medienerbe-ddr.de\/index.php\/projekte-2\/umbrueche-aufbrueche-zusammenbrueche-der-defa-dokumentarfilm-und-seine-filmemacher-innen-seit-den-1980er-jahren\/#primaryimage","url":"https:\/\/medienerbe-ddr.de\/wp-content\/uploads\/2019\/02\/A3_Bild.jpg","contentUrl":"https:\/\/medienerbe-ddr.de\/wp-content\/uploads\/2019\/02\/A3_Bild.jpg","width":2651,"height":1767,"caption":"DEFA-Dokumentarfilm seit den 1980ern"},{"@type":"BreadcrumbList","@id":"https:\/\/medienerbe-ddr.de\/index.php\/projekte-2\/umbrueche-aufbrueche-zusammenbrueche-der-defa-dokumentarfilm-und-seine-filmemacher-innen-seit-den-1980er-jahren\/#breadcrumb","itemListElement":[{"@type":"ListItem","position":1,"name":"Startseite","item":"https:\/\/medienerbe-ddr.de\/"},{"@type":"ListItem","position":2,"name":"Projekte 2019 \u2013 2023","item":"https:\/\/medienerbe-ddr.de\/index.php\/projekte-2\/"},{"@type":"ListItem","position":3,"name":"Umbr\u00fcche, Aufbr\u00fcche, Zusammenbr\u00fcche. Der DEFA-Dokumentarfilm und seine Filmemacher\/innen seit den 1980er Jahren"}]},{"@type":"WebSite","@id":"https:\/\/medienerbe-ddr.de\/#website","url":"https:\/\/medienerbe-ddr.de\/","name":"Das mediale Erbe der DDR","description":"Akteure, Aneignung, Tradierung","publisher":{"@id":"https:\/\/medienerbe-ddr.de\/#organization"},"potentialAction":[{"@type":"SearchAction","target":{"@type":"EntryPoint","urlTemplate":"https:\/\/medienerbe-ddr.de\/?s={search_term_string}"},"query-input":{"@type":"PropertyValueSpecification","valueRequired":true,"valueName":"search_term_string"}}],"inLanguage":"de"},{"@type":"Organization","@id":"https:\/\/medienerbe-ddr.de\/#organization","name":"Forschungsverbund Das mediale Erbe der DDR","url":"https:\/\/medienerbe-ddr.de\/","logo":{"@type":"ImageObject","inLanguage":"de","@id":"https:\/\/medienerbe-ddr.de\/#\/schema\/logo\/image\/","url":"https:\/\/medienerbe-ddr.de\/wp-content\/uploads\/2019\/03\/LogoDDR_27mm-hg-weiss.png","contentUrl":"https:\/\/medienerbe-ddr.de\/wp-content\/uploads\/2019\/03\/LogoDDR_27mm-hg-weiss.png","width":319,"height":305,"caption":"Forschungsverbund Das mediale Erbe der DDR"},"image":{"@id":"https:\/\/medienerbe-ddr.de\/#\/schema\/logo\/image\/"}}]}},"_links":{"self":[{"href":"https:\/\/medienerbe-ddr.de\/index.php\/wp-json\/wp\/v2\/pages\/892","targetHints":{"allow":["GET"]}}],"collection":[{"href":"https:\/\/medienerbe-ddr.de\/index.php\/wp-json\/wp\/v2\/pages"}],"about":[{"href":"https:\/\/medienerbe-ddr.de\/index.php\/wp-json\/wp\/v2\/types\/page"}],"author":[{"embeddable":true,"href":"https:\/\/medienerbe-ddr.de\/index.php\/wp-json\/wp\/v2\/users\/4"}],"replies":[{"embeddable":true,"href":"https:\/\/medienerbe-ddr.de\/index.php\/wp-json\/wp\/v2\/comments?post=892"}],"version-history":[{"count":7,"href":"https:\/\/medienerbe-ddr.de\/index.php\/wp-json\/wp\/v2\/pages\/892\/revisions"}],"predecessor-version":[{"id":1771,"href":"https:\/\/medienerbe-ddr.de\/index.php\/wp-json\/wp\/v2\/pages\/892\/revisions\/1771"}],"up":[{"embeddable":true,"href":"https:\/\/medienerbe-ddr.de\/index.php\/wp-json\/wp\/v2\/pages\/6"}],"wp:attachment":[{"href":"https:\/\/medienerbe-ddr.de\/index.php\/wp-json\/wp\/v2\/media?parent=892"}],"curies":[{"name":"wp","href":"https:\/\/api.w.org\/{rel}","templated":true}]}}