{"id":879,"date":"2019-04-03T09:15:33","date_gmt":"2019-04-03T08:15:33","guid":{"rendered":"http:\/\/medienerbe-ddr.de\/?page_id=879"},"modified":"2025-10-13T11:21:45","modified_gmt":"2025-10-13T10:21:45","slug":"ostrock-rollen-und-funktionswandel-der-ostdeutschen-rockmusik-seit-den-1980er-jahren","status":"publish","type":"page","link":"https:\/\/medienerbe-ddr.de\/index.php\/projekte-2\/ostrock-rollen-und-funktionswandel-der-ostdeutschen-rockmusik-seit-den-1980er-jahren\/","title":{"rendered":"Ostrock. Rollen- und Funktionswandel der ostdeutschen Rockmusik"},"content":{"rendered":"\n<p><em>Projektleitung: Prof. Dr. Frank B\u00f6sch, Dr. J\u00fcrgen Danyel (ZZF)<br>Bearbeitung: Tom Koltermann<\/em><\/p>\n\n\n\n<div class=\"wp-block-columns has-2-columns is-layout-flex wp-container-core-columns-is-layout-9d6595d7 wp-block-columns-is-layout-flex\">\n<div class=\"wp-block-column is-layout-flow wp-block-column-is-layout-flow\">\n<div class=\"wp-block-cover aligncenter has-custom-content-position is-position-bottom-right\"><img loading=\"lazy\" decoding=\"async\" width=\"814\" height=\"631\" class=\"wp-block-cover__image-background wp-image-138\" alt=\"\" src=\"https:\/\/medienerbe-ddr.de\/wp-content\/uploads\/2019\/02\/A4_Bild-3.jpg\" data-object-fit=\"cover\" srcset=\"https:\/\/medienerbe-ddr.de\/wp-content\/uploads\/2019\/02\/A4_Bild-3.jpg 814w, https:\/\/medienerbe-ddr.de\/wp-content\/uploads\/2019\/02\/A4_Bild-3-300x233.jpg 300w, https:\/\/medienerbe-ddr.de\/wp-content\/uploads\/2019\/02\/A4_Bild-3-768x595.jpg 768w\" sizes=\"auto, (max-width: 814px) 100vw, 814px\" \/><span aria-hidden=\"true\" class=\"wp-block-cover__background has-background-dim-0 has-background-dim\"><\/span><div class=\"wp-block-cover__inner-container is-layout-flow wp-block-cover-is-layout-flow\">\n<p class=\"has-text-align-center has-large-font-size\">\u00a9&nbsp;<a href=\"https:\/\/www.wikidata.org\/wiki\/Q15080600\">Ralf Roletschek<\/a>&nbsp;\/&nbsp;<a href=\"https:\/\/commons.wikimedia.org\/wiki\/File:Puhdys-2992-eberswalde_01.jpg\" target=\"_blank\" rel=\"noreferrer noopener\">Wikimedia Commons<\/a><\/p>\n<\/div><\/div>\n\n\n\n<p>Die zur Wendezeit verschm\u00e4hte Popmusik der DDR erlebte ab Mitte der 1990er Jahre eine bemerkenswerte Renaissance. Unter der Genrebezeichnung \u201eOstrock\u201c wurden nun sehr verschiedene MusikerInnen mit ostdeutschem Hintergrund mit unterschiedlichem Erfolg vermarktet. In diesem Projekt wird die Integration der ostdeutschen Rockmusik in den kapitalistischen bundesdeutschen Musikbetrieb untersucht. Mit dem Ende der DDR war auch ein Gro\u00dfteil der Infrastruktur der Musikszene, wie beispielsweise Vertriebswege, Auftrittsorte sowie staatliche F\u00f6rderung, verloren gegangen. Diesen erzwungenen Wandel zeichnet das Projekt nach. Gleichzeitig wird die erinnerungskulturelle Dimension des \u201eOstrocks\u201c in dieser Arbeit erstmalig analysiert. Welche Funktion nahm\/nimmt die Musik f\u00fcr die ehemaligen DDR-B\u00fcrgerInnen ein? Als Quellenmaterial dienen vor allem Unternehmensakten, Musikzeitschriften und Medien mit spezifisch ostdeutschem Bezug wie der <em>Superillu<\/em> oder Regionalzeitungen. Erg\u00e4nzend dazu werden ZeitzeugInnen-Interviews gef\u00fchrt. <\/p>\n\n\n\n<h2 class=\"wp-block-heading\"><strong>Publikationen<\/strong><\/h2>\n\n\n\n<figure class=\"wp-block-image size-full is-resized\"><img loading=\"lazy\" decoding=\"async\" width=\"435\" height=\"620\" src=\"https:\/\/medienerbe-ddr.de\/wp-content\/uploads\/2025\/10\/9783962892364__cover.jpeg\" alt=\"\" class=\"wp-image-1762\" style=\"width:140px\" srcset=\"https:\/\/medienerbe-ddr.de\/wp-content\/uploads\/2025\/10\/9783962892364__cover.jpeg 435w, https:\/\/medienerbe-ddr.de\/wp-content\/uploads\/2025\/10\/9783962892364__cover-210x300.jpeg 210w\" sizes=\"auto, (max-width: 435px) 100vw, 435px\" \/><\/figure>\n\n\n\n<ul class=\"wp-block-list\">\n<li>Tom Koltermann:&nbsp;<em><a href=\"https:\/\/www.aufbau-verlage.de\/ch-links-verlag\/rock-im-osten\/978-3-96289-236-4\" target=\"_blank\" rel=\"noreferrer noopener\">Rock im Osten. Die Erfindung der DDR-Rockmusik und ihr Weg in das vereinte Deutschland<\/a><\/em>. Berlin 2025.<\/li>\n\n\n\n<li>Tom Koltermann: Rezension zu: Marco Swiniartzki: Heavy Metal und gesellschaftlicher Wandel. Sozialgeschichte einer Musikkultur in den langen 1980er Jahren, Bielefeld 2023. In:&nbsp;<em>Archiv f\u00fcr Sozialgeschichte (online) 65<\/em>, 2025,&nbsp;<a href=\"https:\/\/library.fes.de\/pdf-files\/afs\/82039.pdf\">https:\/\/library.fes.de\/pdf-files\/afs\/82039.pdf<\/a><\/li>\n\n\n\n<li>Tom Koltermann: Ausverkauf des Ost-Erbes? Spurensuche zur Privatisierung des VEB Deutsche Schallplatten nach 1989. In: <em>Zeitgeschichte Online <\/em>(26.05.2020), URL: <a href=\"https:\/\/zeitgeschichte-online.de\/themen\/ausverkauf-des-ost-erbes\">https:\/\/zeitgeschichte-online.de\/themen\/ausverkauf-des-ost-erbes<\/a><\/li>\n<\/ul>\n\n\n\n<p><\/p>\n<\/div>\n<\/div>\n","protected":false},"excerpt":{"rendered":"<p>Projektleitung: Prof. Dr. Frank B\u00f6sch, Dr. J\u00fcrgen Danyel (ZZF)Bearbeitung: Tom Koltermann Die zur Wendezeit verschm\u00e4hte Popmusik der DDR erlebte ab Mitte der 1990er Jahre eine bemerkenswerte Renaissance. Unter der Genrebezeichnung&#8230; <a href=\"https:\/\/medienerbe-ddr.de\/index.php\/projekte-2\/ostrock-rollen-und-funktionswandel-der-ostdeutschen-rockmusik-seit-den-1980er-jahren\/\">Read more &raquo;<\/a><\/p>\n","protected":false},"author":2,"featured_media":0,"parent":6,"menu_order":200,"comment_status":"closed","ping_status":"closed","template":"page-templates\/full-width.php","meta":{"_acf_changed":false,"footnotes":""},"class_list":["post-879","page","type-page","status-publish","hentry"],"acf":[],"yoast_head":"<!-- This site is optimized with the Yoast SEO plugin v27.2 - https:\/\/yoast.com\/product\/yoast-seo-wordpress\/ -->\n<title>Ostrock. Rollen- und Funktionswandel der ostdeutschen Rockmusik - Das mediale Erbe der DDR<\/title>\n<meta name=\"robots\" content=\"index, follow, max-snippet:-1, max-image-preview:large, max-video-preview:-1\" \/>\n<link rel=\"canonical\" href=\"https:\/\/medienerbe-ddr.de\/index.php\/projekte-2\/ostrock-rollen-und-funktionswandel-der-ostdeutschen-rockmusik-seit-den-1980er-jahren\/\" \/>\n<meta property=\"og:locale\" content=\"de_DE\" \/>\n<meta property=\"og:type\" content=\"article\" \/>\n<meta property=\"og:title\" content=\"Ostrock. Rollen- und Funktionswandel der ostdeutschen Rockmusik - Das mediale Erbe der DDR\" \/>\n<meta property=\"og:description\" content=\"Projektleitung: Prof. Dr. Frank B\u00f6sch, Dr. J\u00fcrgen Danyel (ZZF)Bearbeitung: Tom Koltermann Die zur Wendezeit verschm\u00e4hte Popmusik der DDR erlebte ab Mitte der 1990er Jahre eine bemerkenswerte Renaissance. Unter der Genrebezeichnung... Read more &raquo;\" \/>\n<meta property=\"og:url\" content=\"https:\/\/medienerbe-ddr.de\/index.php\/projekte-2\/ostrock-rollen-und-funktionswandel-der-ostdeutschen-rockmusik-seit-den-1980er-jahren\/\" \/>\n<meta property=\"og:site_name\" content=\"Das mediale Erbe der DDR\" \/>\n<meta property=\"article:modified_time\" content=\"2025-10-13T10:21:45+00:00\" \/>\n<meta property=\"og:image\" content=\"https:\/\/medienerbe-ddr.de\/wp-content\/uploads\/2019\/02\/A4_Bild-3.jpg\" \/>\n\t<meta property=\"og:image:width\" content=\"814\" \/>\n\t<meta property=\"og:image:height\" content=\"631\" \/>\n\t<meta property=\"og:image:type\" content=\"image\/jpeg\" \/>\n<meta name=\"twitter:card\" content=\"summary_large_image\" \/>\n<meta name=\"twitter:label1\" content=\"Gesch\u00e4tzte Lesezeit\" \/>\n\t<meta name=\"twitter:data1\" content=\"2\u00a0Minuten\" \/>\n<script type=\"application\/ld+json\" class=\"yoast-schema-graph\">{\"@context\":\"https:\/\/schema.org\",\"@graph\":[{\"@type\":\"WebPage\",\"@id\":\"https:\/\/medienerbe-ddr.de\/index.php\/projekte-2\/ostrock-rollen-und-funktionswandel-der-ostdeutschen-rockmusik-seit-den-1980er-jahren\/\",\"url\":\"https:\/\/medienerbe-ddr.de\/index.php\/projekte-2\/ostrock-rollen-und-funktionswandel-der-ostdeutschen-rockmusik-seit-den-1980er-jahren\/\",\"name\":\"Ostrock. Rollen- und Funktionswandel der ostdeutschen Rockmusik - Das mediale Erbe der DDR\",\"isPartOf\":{\"@id\":\"https:\/\/medienerbe-ddr.de\/#website\"},\"primaryImageOfPage\":{\"@id\":\"https:\/\/medienerbe-ddr.de\/index.php\/projekte-2\/ostrock-rollen-und-funktionswandel-der-ostdeutschen-rockmusik-seit-den-1980er-jahren\/#primaryimage\"},\"image\":{\"@id\":\"https:\/\/medienerbe-ddr.de\/index.php\/projekte-2\/ostrock-rollen-und-funktionswandel-der-ostdeutschen-rockmusik-seit-den-1980er-jahren\/#primaryimage\"},\"thumbnailUrl\":\"https:\/\/medienerbe-ddr.de\/wp-content\/uploads\/2019\/02\/A4_Bild-3.jpg\",\"datePublished\":\"2019-04-03T08:15:33+00:00\",\"dateModified\":\"2025-10-13T10:21:45+00:00\",\"breadcrumb\":{\"@id\":\"https:\/\/medienerbe-ddr.de\/index.php\/projekte-2\/ostrock-rollen-und-funktionswandel-der-ostdeutschen-rockmusik-seit-den-1980er-jahren\/#breadcrumb\"},\"inLanguage\":\"de\",\"potentialAction\":[{\"@type\":\"ReadAction\",\"target\":[\"https:\/\/medienerbe-ddr.de\/index.php\/projekte-2\/ostrock-rollen-und-funktionswandel-der-ostdeutschen-rockmusik-seit-den-1980er-jahren\/\"]}]},{\"@type\":\"ImageObject\",\"inLanguage\":\"de\",\"@id\":\"https:\/\/medienerbe-ddr.de\/index.php\/projekte-2\/ostrock-rollen-und-funktionswandel-der-ostdeutschen-rockmusik-seit-den-1980er-jahren\/#primaryimage\",\"url\":\"https:\/\/medienerbe-ddr.de\/wp-content\/uploads\/2019\/02\/A4_Bild-3.jpg\",\"contentUrl\":\"https:\/\/medienerbe-ddr.de\/wp-content\/uploads\/2019\/02\/A4_Bild-3.jpg\",\"width\":814,\"height\":631},{\"@type\":\"BreadcrumbList\",\"@id\":\"https:\/\/medienerbe-ddr.de\/index.php\/projekte-2\/ostrock-rollen-und-funktionswandel-der-ostdeutschen-rockmusik-seit-den-1980er-jahren\/#breadcrumb\",\"itemListElement\":[{\"@type\":\"ListItem\",\"position\":1,\"name\":\"Startseite\",\"item\":\"https:\/\/medienerbe-ddr.de\/\"},{\"@type\":\"ListItem\",\"position\":2,\"name\":\"Projekte 2019 \u2013 2023\",\"item\":\"https:\/\/medienerbe-ddr.de\/index.php\/projekte-2\/\"},{\"@type\":\"ListItem\",\"position\":3,\"name\":\"Ostrock. Rollen- und Funktionswandel der ostdeutschen Rockmusik\"}]},{\"@type\":\"WebSite\",\"@id\":\"https:\/\/medienerbe-ddr.de\/#website\",\"url\":\"https:\/\/medienerbe-ddr.de\/\",\"name\":\"Das mediale Erbe der DDR\",\"description\":\"Akteure, Aneignung, Tradierung\",\"publisher\":{\"@id\":\"https:\/\/medienerbe-ddr.de\/#organization\"},\"potentialAction\":[{\"@type\":\"SearchAction\",\"target\":{\"@type\":\"EntryPoint\",\"urlTemplate\":\"https:\/\/medienerbe-ddr.de\/?s={search_term_string}\"},\"query-input\":{\"@type\":\"PropertyValueSpecification\",\"valueRequired\":true,\"valueName\":\"search_term_string\"}}],\"inLanguage\":\"de\"},{\"@type\":\"Organization\",\"@id\":\"https:\/\/medienerbe-ddr.de\/#organization\",\"name\":\"Forschungsverbund Das mediale Erbe der DDR\",\"url\":\"https:\/\/medienerbe-ddr.de\/\",\"logo\":{\"@type\":\"ImageObject\",\"inLanguage\":\"de\",\"@id\":\"https:\/\/medienerbe-ddr.de\/#\/schema\/logo\/image\/\",\"url\":\"https:\/\/medienerbe-ddr.de\/wp-content\/uploads\/2019\/03\/LogoDDR_27mm-hg-weiss.png\",\"contentUrl\":\"https:\/\/medienerbe-ddr.de\/wp-content\/uploads\/2019\/03\/LogoDDR_27mm-hg-weiss.png\",\"width\":319,\"height\":305,\"caption\":\"Forschungsverbund Das mediale Erbe der DDR\"},\"image\":{\"@id\":\"https:\/\/medienerbe-ddr.de\/#\/schema\/logo\/image\/\"}}]}<\/script>\n<!-- \/ Yoast SEO plugin. -->","yoast_head_json":{"title":"Ostrock. Rollen- und Funktionswandel der ostdeutschen Rockmusik - Das mediale Erbe der DDR","robots":{"index":"index","follow":"follow","max-snippet":"max-snippet:-1","max-image-preview":"max-image-preview:large","max-video-preview":"max-video-preview:-1"},"canonical":"https:\/\/medienerbe-ddr.de\/index.php\/projekte-2\/ostrock-rollen-und-funktionswandel-der-ostdeutschen-rockmusik-seit-den-1980er-jahren\/","og_locale":"de_DE","og_type":"article","og_title":"Ostrock. Rollen- und Funktionswandel der ostdeutschen Rockmusik - Das mediale Erbe der DDR","og_description":"Projektleitung: Prof. Dr. Frank B\u00f6sch, Dr. J\u00fcrgen Danyel (ZZF)Bearbeitung: Tom Koltermann Die zur Wendezeit verschm\u00e4hte Popmusik der DDR erlebte ab Mitte der 1990er Jahre eine bemerkenswerte Renaissance. Unter der Genrebezeichnung... Read more &raquo;","og_url":"https:\/\/medienerbe-ddr.de\/index.php\/projekte-2\/ostrock-rollen-und-funktionswandel-der-ostdeutschen-rockmusik-seit-den-1980er-jahren\/","og_site_name":"Das mediale Erbe der DDR","article_modified_time":"2025-10-13T10:21:45+00:00","og_image":[{"width":814,"height":631,"url":"https:\/\/medienerbe-ddr.de\/wp-content\/uploads\/2019\/02\/A4_Bild-3.jpg","type":"image\/jpeg"}],"twitter_card":"summary_large_image","twitter_misc":{"Gesch\u00e4tzte Lesezeit":"2\u00a0Minuten"},"schema":{"@context":"https:\/\/schema.org","@graph":[{"@type":"WebPage","@id":"https:\/\/medienerbe-ddr.de\/index.php\/projekte-2\/ostrock-rollen-und-funktionswandel-der-ostdeutschen-rockmusik-seit-den-1980er-jahren\/","url":"https:\/\/medienerbe-ddr.de\/index.php\/projekte-2\/ostrock-rollen-und-funktionswandel-der-ostdeutschen-rockmusik-seit-den-1980er-jahren\/","name":"Ostrock. Rollen- und Funktionswandel der ostdeutschen Rockmusik - Das mediale Erbe der DDR","isPartOf":{"@id":"https:\/\/medienerbe-ddr.de\/#website"},"primaryImageOfPage":{"@id":"https:\/\/medienerbe-ddr.de\/index.php\/projekte-2\/ostrock-rollen-und-funktionswandel-der-ostdeutschen-rockmusik-seit-den-1980er-jahren\/#primaryimage"},"image":{"@id":"https:\/\/medienerbe-ddr.de\/index.php\/projekte-2\/ostrock-rollen-und-funktionswandel-der-ostdeutschen-rockmusik-seit-den-1980er-jahren\/#primaryimage"},"thumbnailUrl":"https:\/\/medienerbe-ddr.de\/wp-content\/uploads\/2019\/02\/A4_Bild-3.jpg","datePublished":"2019-04-03T08:15:33+00:00","dateModified":"2025-10-13T10:21:45+00:00","breadcrumb":{"@id":"https:\/\/medienerbe-ddr.de\/index.php\/projekte-2\/ostrock-rollen-und-funktionswandel-der-ostdeutschen-rockmusik-seit-den-1980er-jahren\/#breadcrumb"},"inLanguage":"de","potentialAction":[{"@type":"ReadAction","target":["https:\/\/medienerbe-ddr.de\/index.php\/projekte-2\/ostrock-rollen-und-funktionswandel-der-ostdeutschen-rockmusik-seit-den-1980er-jahren\/"]}]},{"@type":"ImageObject","inLanguage":"de","@id":"https:\/\/medienerbe-ddr.de\/index.php\/projekte-2\/ostrock-rollen-und-funktionswandel-der-ostdeutschen-rockmusik-seit-den-1980er-jahren\/#primaryimage","url":"https:\/\/medienerbe-ddr.de\/wp-content\/uploads\/2019\/02\/A4_Bild-3.jpg","contentUrl":"https:\/\/medienerbe-ddr.de\/wp-content\/uploads\/2019\/02\/A4_Bild-3.jpg","width":814,"height":631},{"@type":"BreadcrumbList","@id":"https:\/\/medienerbe-ddr.de\/index.php\/projekte-2\/ostrock-rollen-und-funktionswandel-der-ostdeutschen-rockmusik-seit-den-1980er-jahren\/#breadcrumb","itemListElement":[{"@type":"ListItem","position":1,"name":"Startseite","item":"https:\/\/medienerbe-ddr.de\/"},{"@type":"ListItem","position":2,"name":"Projekte 2019 \u2013 2023","item":"https:\/\/medienerbe-ddr.de\/index.php\/projekte-2\/"},{"@type":"ListItem","position":3,"name":"Ostrock. Rollen- und Funktionswandel der ostdeutschen Rockmusik"}]},{"@type":"WebSite","@id":"https:\/\/medienerbe-ddr.de\/#website","url":"https:\/\/medienerbe-ddr.de\/","name":"Das mediale Erbe der DDR","description":"Akteure, Aneignung, Tradierung","publisher":{"@id":"https:\/\/medienerbe-ddr.de\/#organization"},"potentialAction":[{"@type":"SearchAction","target":{"@type":"EntryPoint","urlTemplate":"https:\/\/medienerbe-ddr.de\/?s={search_term_string}"},"query-input":{"@type":"PropertyValueSpecification","valueRequired":true,"valueName":"search_term_string"}}],"inLanguage":"de"},{"@type":"Organization","@id":"https:\/\/medienerbe-ddr.de\/#organization","name":"Forschungsverbund Das mediale Erbe der DDR","url":"https:\/\/medienerbe-ddr.de\/","logo":{"@type":"ImageObject","inLanguage":"de","@id":"https:\/\/medienerbe-ddr.de\/#\/schema\/logo\/image\/","url":"https:\/\/medienerbe-ddr.de\/wp-content\/uploads\/2019\/03\/LogoDDR_27mm-hg-weiss.png","contentUrl":"https:\/\/medienerbe-ddr.de\/wp-content\/uploads\/2019\/03\/LogoDDR_27mm-hg-weiss.png","width":319,"height":305,"caption":"Forschungsverbund Das mediale Erbe der DDR"},"image":{"@id":"https:\/\/medienerbe-ddr.de\/#\/schema\/logo\/image\/"}}]}},"_links":{"self":[{"href":"https:\/\/medienerbe-ddr.de\/index.php\/wp-json\/wp\/v2\/pages\/879","targetHints":{"allow":["GET"]}}],"collection":[{"href":"https:\/\/medienerbe-ddr.de\/index.php\/wp-json\/wp\/v2\/pages"}],"about":[{"href":"https:\/\/medienerbe-ddr.de\/index.php\/wp-json\/wp\/v2\/types\/page"}],"author":[{"embeddable":true,"href":"https:\/\/medienerbe-ddr.de\/index.php\/wp-json\/wp\/v2\/users\/2"}],"replies":[{"embeddable":true,"href":"https:\/\/medienerbe-ddr.de\/index.php\/wp-json\/wp\/v2\/comments?post=879"}],"version-history":[{"count":7,"href":"https:\/\/medienerbe-ddr.de\/index.php\/wp-json\/wp\/v2\/pages\/879\/revisions"}],"predecessor-version":[{"id":1766,"href":"https:\/\/medienerbe-ddr.de\/index.php\/wp-json\/wp\/v2\/pages\/879\/revisions\/1766"}],"up":[{"embeddable":true,"href":"https:\/\/medienerbe-ddr.de\/index.php\/wp-json\/wp\/v2\/pages\/6"}],"wp:attachment":[{"href":"https:\/\/medienerbe-ddr.de\/index.php\/wp-json\/wp\/v2\/media?parent=879"}],"curies":[{"name":"wp","href":"https:\/\/api.w.org\/{rel}","templated":true}]}}