{"id":6,"date":"2019-01-18T13:11:44","date_gmt":"2019-01-18T13:11:44","guid":{"rendered":"http:\/\/medienerbe-ddr.de\/?page_id=6"},"modified":"2023-10-10T11:54:44","modified_gmt":"2023-10-10T10:54:44","slug":"projekte-2","status":"publish","type":"page","link":"https:\/\/medienerbe-ddr.de\/index.php\/projekte-2\/","title":{"rendered":"Projekte 2019 \u2013 2023"},"content":{"rendered":"\n<p>Die  heutigen Vorstellungen \u00fcber die DDR sind in starkem Ma\u00dfe durch Medien  gepr\u00e4gt. Massenmedien, Medienquellen in Bildungskontexten oder auch  private Fotos, Filme und Musik formen ma\u00dfgeblich Erinnerungen und das  Wissen \u00fcber den Alltag und politische Repression in der DDR. Der Forschungsverbund &#8222;Das mediale Erbe der DDR.  Akteure, Aneignung, Tradierung&#8220; setzt sich deshalb zum Ziel, die Entstehung, Transformation und Nutzung von Medien mit DDR-Bezug zu analysieren. Er entwickelt dabei Expertisen f\u00fcr einzelne Medienumgebungen und Online-Portale f\u00fcr eine reflektiert-kritische Nutzung.Untersucht und aufbereitet werden sowohl \u201eMassenmedien\u201c  (Fernsehen, Filme, Internet), private Medien (Fotos, Schmalfilme) als  auch Nutzungsumgebungen (Schule, Museum, individueller Medienkonsum).  Dabei vereint der Verbund interdisziplin\u00e4re Ans\u00e4tze der Geschichtswissenschaft, der Kommunikationswissenschaft und der  Geschichtsdidaktik, um die Ausbildung von Lehrern und Journalisten im  Hinblick auf DDR-Geschichte zu verbessern. Die Partner bringen  vielf\u00e4ltige Erfahrungen in diesem Forschungsfeld mit und vereinen ost- und westdeutsche Standorte sowie universit\u00e4re und au\u00dferuniversit\u00e4re  Forschung und Forschungsvermittlung.<\/p>\n\n\n\n<p>Die Einzelprojekte des Forschungsverbunds sind in drei Module aufgeteilt:<\/p>\n\n\n\n<h2 class=\"wp-block-heading\">Modul A:  Ostdeutsche Medienakteure vor und nach 1989 <\/h2>\n\n\n\n<p><img loading=\"lazy\" decoding=\"async\" width=\"150\" height=\"100\" class=\"wp-image-393\" style=\"width: 150px;\" src=\"http:\/\/medienerbe-ddr.de\/wp-content\/uploads\/2019\/02\/A1-1-thumb.png\" alt=\"Medienmenschen\"><img loading=\"lazy\" decoding=\"async\" width=\"150\" height=\"100\" class=\"wp-image-327\" style=\"width: 150px;\" src=\"http:\/\/medienerbe-ddr.de\/wp-content\/uploads\/2019\/02\/A3-e1552488216425.jpg\" alt=\"\"><img loading=\"lazy\" decoding=\"async\" width=\"150\" height=\"100\" class=\"wp-image-743\" style=\"width: 150px;\" src=\"http:\/\/medienerbe-ddr.de\/wp-content\/uploads\/2019\/03\/A2_thumb.jpg\" alt=\"\"><img loading=\"lazy\" decoding=\"async\" width=\"150\" height=\"100\" class=\"wp-image-423\" style=\"width: 150px;\" src=\"http:\/\/medienerbe-ddr.de\/wp-content\/uploads\/2019\/02\/A4_Bild-3-thumb-1.jpg\" alt=\"\"><\/p>\n\n\n\n<ul class=\"wp-block-list\">\n<li><a href=\"http:\/\/medienerbe-ddr.de\/index.php\/projekte-2\/medienmenschen\/\">Medienmenschen<\/a><\/li>\n\n\n\n<li><a href=\"http:\/\/medienerbe-ddr.de\/index.php\/projekte-2\/die-transformation-von-fernsehen-und-lebenswelt-in-ostdeutschland\/\">Die Transformation von Fernsehen und Lebenswelt in Ostdeutschland<\/a><\/li>\n\n\n\n<li><a href=\"http:\/\/medienerbe-ddr.de\/index.php\/projekte-2\/umbrueche-aufbrueche-zusammenbrueche-der-defa-dokumentarfilm-und-seine-filmemacher-innen-seit-den-1980er-jahren\/\">Umbr\u00fcche, Aufbr\u00fcche, Zusammenbr\u00fcche. Der DEFA-Dokumentarfilm und seine Filmemacher\/innen seit den 1980er Jahren<\/a><\/li>\n\n\n\n<li><a href=\"http:\/\/medienerbe-ddr.de\/index.php\/projekte-2\/ostrock-rollen-und-funktionswandel-der-ostdeutschen-rockmusik-seit-den-1980er-jahren\/\">Ostrock. Rollen- und Funktionswandel der ostdeutschen Rockmusik seit den 1980er Jahren<\/a><\/li>\n<\/ul>\n\n\n\n<h2 class=\"wp-block-heading\">Modul  B: Die Aneignung der ostdeutschen Medien <\/h2>\n\n\n\n<p><img loading=\"lazy\" decoding=\"async\" width=\"150\" height=\"100\" class=\"wp-image-744\" style=\"width: 150px;\" src=\"http:\/\/medienerbe-ddr.de\/wp-content\/uploads\/2019\/03\/B1_thumb.jpg\" alt=\"Medienbiographien in Ost- und Westberlin\"><img loading=\"lazy\" decoding=\"async\" width=\"150\" height=\"100\" class=\"wp-image-428\" style=\"width: 150px;\" src=\"http:\/\/medienerbe-ddr.de\/wp-content\/uploads\/2019\/02\/B2_Bild-thumb.jpg\" alt=\"\"><img loading=\"lazy\" decoding=\"async\" width=\"150\" height=\"100\" class=\"wp-image-745\" style=\"width: 150px;\" src=\"http:\/\/medienerbe-ddr.de\/wp-content\/uploads\/2019\/03\/B3_thumb.jpg\" alt=\"\"><img loading=\"lazy\" decoding=\"async\" width=\"150\" height=\"100\" class=\"wp-image-432\" style=\"width: 150px;\" src=\"http:\/\/medienerbe-ddr.de\/wp-content\/uploads\/2019\/02\/B4.1_Bild-thumb.jpg\" alt=\"\"><img loading=\"lazy\" decoding=\"async\" width=\"150\" height=\"100\" class=\"wp-image-433\" style=\"width: 150px;\" src=\"http:\/\/medienerbe-ddr.de\/wp-content\/uploads\/2019\/02\/B4.2_Bild-thumb.jpg\" alt=\"\"><img loading=\"lazy\" decoding=\"async\" width=\"150\" height=\"100\" class=\"wp-image-429\" style=\"width: 150px;\" src=\"http:\/\/medienerbe-ddr.de\/wp-content\/uploads\/2019\/02\/B5_Bild-1-thumb.jpg\" alt=\"\"><\/p>\n\n\n\n<ul class=\"wp-block-list\">\n<li><a href=\"http:\/\/medienerbe-ddr.de\/index.php\/projekte-2\/mediennutzung-im-lebenslauf-medienbiographien-in-ost-und-west-berlin\/\">Mediennutzung im Lebenslauf. Ost- und West-Berlin in der Nachwendezeit<\/a><\/li>\n\n\n\n<li><a href=\"http:\/\/medienerbe-ddr.de\/index.php\/projekte-2\/die-ddr-in-privaten-fotoalben\/\">Die DDR in privaten Fotoalben<\/a><\/li>\n\n\n\n<li><a href=\"http:\/\/medienerbe-ddr.de\/index.php\/projekte-2\/mediale-vermittlungen-und-aneignungen-von-ddr-geschichte-in-der-schule-2\/\">Mediale Vermittlungen und Aneignungen von DDR-Geschichte in der Schule<\/a><\/li>\n\n\n\n<li><a href=\"http:\/\/medienerbe-ddr.de\/index.php\/projekte-2\/medienaneignungen-in-museen-zur-ddr-geschichte\/\">Medienaneignungen in Museen zur DDR-Geschichte<\/a><\/li>\n\n\n\n<li><a href=\"http:\/\/medienerbe-ddr.de\/index.php\/projekte-2\/mediale-ueberlieferungen-aus-der-ddr-in-museen-und-ausstellungen\/\">Mediale \u00dcberlieferungen aus der DDR in Museen und Ausstellungen<\/a><\/li>\n\n\n\n<li><a href=\"http:\/\/medienerbe-ddr.de\/index.php\/projekte-2\/medialisierte-erinnerungen-zwischen-diktatur-und-alltag-die-ddr-in-sozialen-medien\/\">Medialisierte Erinnerungen zwischen Diktatur und Alltag. Die DDR in sozialen Medien<\/a><\/li>\n<\/ul>\n\n\n\n<h2 class=\"wp-block-heading\">Modul  C: Online-Portale der DDR Geschichte <\/h2>\n\n\n\n<p><img loading=\"lazy\" decoding=\"async\" width=\"150\" height=\"100\" class=\"wp-image-637\" style=\"width: 150px;\" src=\"http:\/\/medienerbe-ddr.de\/wp-content\/uploads\/2019\/02\/C-archiv-image1b-thumb.jpg\" alt=\"Digitale Portale zum medialen Erbe der DDR.\"><img loading=\"lazy\" decoding=\"async\" width=\"150\" height=\"100\" class=\"wp-image-430\" style=\"width: 150px;\" src=\"http:\/\/medienerbe-ddr.de\/wp-content\/uploads\/2019\/02\/C1_Bild-1-thumb.jpg\" alt=\"Online Handbuch DDR im Film\"><img loading=\"lazy\" decoding=\"async\" width=\"150\" height=\"100\" class=\"wp-image-431\" style=\"width: 150px;\" src=\"http:\/\/medienerbe-ddr.de\/wp-content\/uploads\/2019\/02\/C2-thumb.png\" alt=\"\"><img loading=\"lazy\" decoding=\"async\" width=\"150\" height=\"100\" class=\"wp-image-626\" style=\"width: 150px;\" src=\"http:\/\/medienerbe-ddr.de\/wp-content\/uploads\/2019\/03\/Oral-History-ZZFthumb.jpg\" alt=\"Foto: Janine Funke \/ ZZF\"><img loading=\"lazy\" decoding=\"async\" width=\"150\" height=\"100\" class=\"wp-image-640\" style=\"width: 150px;\" src=\"http:\/\/medienerbe-ddr.de\/wp-content\/uploads\/2019\/03\/C4-thumb.jpg\" alt=\"\"><\/p>\n\n\n\n<ul class=\"wp-block-list\">\n<li><a href=\"http:\/\/medienerbe-ddr.de\/index.php\/projekte-2\/digitale-portale-zum-medialen-erbe-der-ddr\/\">Digitale Portale zum medialen Erbe der DDR<\/a><\/li>\n\n\n\n<li><a href=\"http:\/\/medienerbe-ddr.de\/index.php\/projekte-2\/online-handbuch-ddr-im-film\/\">Online-Handbuch: DDR im Film<\/a><\/li>\n\n\n\n<li><a href=\"http:\/\/medienerbe-ddr.de\/index.php\/projekte-2\/open-memory-box-2\/\">Open Memory Box<\/a><\/li>\n\n\n\n<li><a href=\"http:\/\/medienerbe-ddr.de\/index.php\/projekte-2\/digitales-archiv-fuer-oral-history\/\">Digitales Archiv f\u00fcr Oral History<\/a><\/li>\n\n\n\n<li><a href=\"http:\/\/medienerbe-ddr.de\/index.php\/projekte-2\/moving-history-2-festival-des-historischen-films-potsdam-2019\/\">moving history\/2 \u2013 Festival des historischen Films Potsdam 2019<\/a><\/li>\n<\/ul>\n\n\n\n<hr class=\"wp-block-separator has-css-opacity\"\/>\n","protected":false},"excerpt":{"rendered":"<p>Die heutigen Vorstellungen \u00fcber die DDR sind in starkem Ma\u00dfe durch Medien gepr\u00e4gt. Massenmedien, Medienquellen in Bildungskontexten oder auch private Fotos, Filme und Musik formen ma\u00dfgeblich Erinnerungen und das Wissen&#8230; <a href=\"https:\/\/medienerbe-ddr.de\/index.php\/projekte-2\/\">Read more &raquo;<\/a><\/p>\n","protected":false},"author":2,"featured_media":0,"parent":0,"menu_order":0,"comment_status":"closed","ping_status":"closed","template":"page-templates\/full-width.php","meta":{"_acf_changed":false,"footnotes":""},"class_list":["post-6","page","type-page","status-publish","hentry"],"acf":[],"yoast_head":"<!-- This site is optimized with the Yoast SEO plugin v27.4 - https:\/\/yoast.com\/product\/yoast-seo-wordpress\/ -->\n<title>Projekte 2019 \u2013 2023 - Das mediale Erbe der DDR<\/title>\n<meta name=\"robots\" content=\"index, follow, max-snippet:-1, max-image-preview:large, max-video-preview:-1\" \/>\n<link rel=\"canonical\" href=\"https:\/\/medienerbe-ddr.de\/index.php\/projekte-2\/\" \/>\n<meta property=\"og:locale\" content=\"de_DE\" \/>\n<meta property=\"og:type\" content=\"article\" \/>\n<meta property=\"og:title\" content=\"Projekte 2019 \u2013 2023 - Das mediale Erbe der DDR\" \/>\n<meta property=\"og:description\" content=\"Die heutigen Vorstellungen \u00fcber die DDR sind in starkem Ma\u00dfe durch Medien gepr\u00e4gt. Massenmedien, Medienquellen in Bildungskontexten oder auch private Fotos, Filme und Musik formen ma\u00dfgeblich Erinnerungen und das Wissen... Read more &raquo;\" \/>\n<meta property=\"og:url\" content=\"https:\/\/medienerbe-ddr.de\/index.php\/projekte-2\/\" \/>\n<meta property=\"og:site_name\" content=\"Das mediale Erbe der DDR\" \/>\n<meta property=\"article:modified_time\" content=\"2023-10-10T10:54:44+00:00\" \/>\n<meta property=\"og:image\" content=\"http:\/\/medienerbe-ddr.de\/wp-content\/uploads\/2019\/02\/A1-1-thumb.png\" \/>\n<meta name=\"twitter:card\" content=\"summary_large_image\" \/>\n<meta name=\"twitter:label1\" content=\"Gesch\u00e4tzte Lesezeit\" \/>\n\t<meta name=\"twitter:data1\" content=\"5\u00a0Minuten\" \/>\n<script type=\"application\/ld+json\" class=\"yoast-schema-graph\">{\"@context\":\"https:\\\/\\\/schema.org\",\"@graph\":[{\"@type\":\"WebPage\",\"@id\":\"https:\\\/\\\/medienerbe-ddr.de\\\/index.php\\\/projekte-2\\\/\",\"url\":\"https:\\\/\\\/medienerbe-ddr.de\\\/index.php\\\/projekte-2\\\/\",\"name\":\"Projekte 2019 \u2013 2023 - Das mediale Erbe der DDR\",\"isPartOf\":{\"@id\":\"https:\\\/\\\/medienerbe-ddr.de\\\/#website\"},\"primaryImageOfPage\":{\"@id\":\"https:\\\/\\\/medienerbe-ddr.de\\\/index.php\\\/projekte-2\\\/#primaryimage\"},\"image\":{\"@id\":\"https:\\\/\\\/medienerbe-ddr.de\\\/index.php\\\/projekte-2\\\/#primaryimage\"},\"thumbnailUrl\":\"http:\\\/\\\/medienerbe-ddr.de\\\/wp-content\\\/uploads\\\/2019\\\/02\\\/A1-1-thumb.png\",\"datePublished\":\"2019-01-18T13:11:44+00:00\",\"dateModified\":\"2023-10-10T10:54:44+00:00\",\"breadcrumb\":{\"@id\":\"https:\\\/\\\/medienerbe-ddr.de\\\/index.php\\\/projekte-2\\\/#breadcrumb\"},\"inLanguage\":\"de\",\"potentialAction\":[{\"@type\":\"ReadAction\",\"target\":[\"https:\\\/\\\/medienerbe-ddr.de\\\/index.php\\\/projekte-2\\\/\"]}]},{\"@type\":\"ImageObject\",\"inLanguage\":\"de\",\"@id\":\"https:\\\/\\\/medienerbe-ddr.de\\\/index.php\\\/projekte-2\\\/#primaryimage\",\"url\":\"https:\\\/\\\/medienerbe-ddr.de\\\/wp-content\\\/uploads\\\/2019\\\/02\\\/A1-1-thumb.png\",\"contentUrl\":\"https:\\\/\\\/medienerbe-ddr.de\\\/wp-content\\\/uploads\\\/2019\\\/02\\\/A1-1-thumb.png\",\"width\":246,\"height\":164,\"caption\":\"Medienmenschen\"},{\"@type\":\"BreadcrumbList\",\"@id\":\"https:\\\/\\\/medienerbe-ddr.de\\\/index.php\\\/projekte-2\\\/#breadcrumb\",\"itemListElement\":[{\"@type\":\"ListItem\",\"position\":1,\"name\":\"Startseite\",\"item\":\"https:\\\/\\\/medienerbe-ddr.de\\\/\"},{\"@type\":\"ListItem\",\"position\":2,\"name\":\"Projekte 2019 \u2013 2023\"}]},{\"@type\":\"WebSite\",\"@id\":\"https:\\\/\\\/medienerbe-ddr.de\\\/#website\",\"url\":\"https:\\\/\\\/medienerbe-ddr.de\\\/\",\"name\":\"Das mediale Erbe der DDR\",\"description\":\"Akteure, Aneignung, Tradierung\",\"publisher\":{\"@id\":\"https:\\\/\\\/medienerbe-ddr.de\\\/#organization\"},\"potentialAction\":[{\"@type\":\"SearchAction\",\"target\":{\"@type\":\"EntryPoint\",\"urlTemplate\":\"https:\\\/\\\/medienerbe-ddr.de\\\/?s={search_term_string}\"},\"query-input\":{\"@type\":\"PropertyValueSpecification\",\"valueRequired\":true,\"valueName\":\"search_term_string\"}}],\"inLanguage\":\"de\"},{\"@type\":\"Organization\",\"@id\":\"https:\\\/\\\/medienerbe-ddr.de\\\/#organization\",\"name\":\"Forschungsverbund Das mediale Erbe der DDR\",\"url\":\"https:\\\/\\\/medienerbe-ddr.de\\\/\",\"logo\":{\"@type\":\"ImageObject\",\"inLanguage\":\"de\",\"@id\":\"https:\\\/\\\/medienerbe-ddr.de\\\/#\\\/schema\\\/logo\\\/image\\\/\",\"url\":\"https:\\\/\\\/medienerbe-ddr.de\\\/wp-content\\\/uploads\\\/2019\\\/03\\\/LogoDDR_27mm-hg-weiss.png\",\"contentUrl\":\"https:\\\/\\\/medienerbe-ddr.de\\\/wp-content\\\/uploads\\\/2019\\\/03\\\/LogoDDR_27mm-hg-weiss.png\",\"width\":319,\"height\":305,\"caption\":\"Forschungsverbund Das mediale Erbe der DDR\"},\"image\":{\"@id\":\"https:\\\/\\\/medienerbe-ddr.de\\\/#\\\/schema\\\/logo\\\/image\\\/\"}}]}<\/script>\n<!-- \/ Yoast SEO plugin. -->","yoast_head_json":{"title":"Projekte 2019 \u2013 2023 - Das mediale Erbe der DDR","robots":{"index":"index","follow":"follow","max-snippet":"max-snippet:-1","max-image-preview":"max-image-preview:large","max-video-preview":"max-video-preview:-1"},"canonical":"https:\/\/medienerbe-ddr.de\/index.php\/projekte-2\/","og_locale":"de_DE","og_type":"article","og_title":"Projekte 2019 \u2013 2023 - Das mediale Erbe der DDR","og_description":"Die heutigen Vorstellungen \u00fcber die DDR sind in starkem Ma\u00dfe durch Medien gepr\u00e4gt. Massenmedien, Medienquellen in Bildungskontexten oder auch private Fotos, Filme und Musik formen ma\u00dfgeblich Erinnerungen und das Wissen... Read more &raquo;","og_url":"https:\/\/medienerbe-ddr.de\/index.php\/projekte-2\/","og_site_name":"Das mediale Erbe der DDR","article_modified_time":"2023-10-10T10:54:44+00:00","og_image":[{"url":"http:\/\/medienerbe-ddr.de\/wp-content\/uploads\/2019\/02\/A1-1-thumb.png","type":"","width":"","height":""}],"twitter_card":"summary_large_image","twitter_misc":{"Gesch\u00e4tzte Lesezeit":"5\u00a0Minuten"},"schema":{"@context":"https:\/\/schema.org","@graph":[{"@type":"WebPage","@id":"https:\/\/medienerbe-ddr.de\/index.php\/projekte-2\/","url":"https:\/\/medienerbe-ddr.de\/index.php\/projekte-2\/","name":"Projekte 2019 \u2013 2023 - Das mediale Erbe der DDR","isPartOf":{"@id":"https:\/\/medienerbe-ddr.de\/#website"},"primaryImageOfPage":{"@id":"https:\/\/medienerbe-ddr.de\/index.php\/projekte-2\/#primaryimage"},"image":{"@id":"https:\/\/medienerbe-ddr.de\/index.php\/projekte-2\/#primaryimage"},"thumbnailUrl":"http:\/\/medienerbe-ddr.de\/wp-content\/uploads\/2019\/02\/A1-1-thumb.png","datePublished":"2019-01-18T13:11:44+00:00","dateModified":"2023-10-10T10:54:44+00:00","breadcrumb":{"@id":"https:\/\/medienerbe-ddr.de\/index.php\/projekte-2\/#breadcrumb"},"inLanguage":"de","potentialAction":[{"@type":"ReadAction","target":["https:\/\/medienerbe-ddr.de\/index.php\/projekte-2\/"]}]},{"@type":"ImageObject","inLanguage":"de","@id":"https:\/\/medienerbe-ddr.de\/index.php\/projekte-2\/#primaryimage","url":"https:\/\/medienerbe-ddr.de\/wp-content\/uploads\/2019\/02\/A1-1-thumb.png","contentUrl":"https:\/\/medienerbe-ddr.de\/wp-content\/uploads\/2019\/02\/A1-1-thumb.png","width":246,"height":164,"caption":"Medienmenschen"},{"@type":"BreadcrumbList","@id":"https:\/\/medienerbe-ddr.de\/index.php\/projekte-2\/#breadcrumb","itemListElement":[{"@type":"ListItem","position":1,"name":"Startseite","item":"https:\/\/medienerbe-ddr.de\/"},{"@type":"ListItem","position":2,"name":"Projekte 2019 \u2013 2023"}]},{"@type":"WebSite","@id":"https:\/\/medienerbe-ddr.de\/#website","url":"https:\/\/medienerbe-ddr.de\/","name":"Das mediale Erbe der DDR","description":"Akteure, Aneignung, Tradierung","publisher":{"@id":"https:\/\/medienerbe-ddr.de\/#organization"},"potentialAction":[{"@type":"SearchAction","target":{"@type":"EntryPoint","urlTemplate":"https:\/\/medienerbe-ddr.de\/?s={search_term_string}"},"query-input":{"@type":"PropertyValueSpecification","valueRequired":true,"valueName":"search_term_string"}}],"inLanguage":"de"},{"@type":"Organization","@id":"https:\/\/medienerbe-ddr.de\/#organization","name":"Forschungsverbund Das mediale Erbe der DDR","url":"https:\/\/medienerbe-ddr.de\/","logo":{"@type":"ImageObject","inLanguage":"de","@id":"https:\/\/medienerbe-ddr.de\/#\/schema\/logo\/image\/","url":"https:\/\/medienerbe-ddr.de\/wp-content\/uploads\/2019\/03\/LogoDDR_27mm-hg-weiss.png","contentUrl":"https:\/\/medienerbe-ddr.de\/wp-content\/uploads\/2019\/03\/LogoDDR_27mm-hg-weiss.png","width":319,"height":305,"caption":"Forschungsverbund Das mediale Erbe der DDR"},"image":{"@id":"https:\/\/medienerbe-ddr.de\/#\/schema\/logo\/image\/"}}]}},"_links":{"self":[{"href":"https:\/\/medienerbe-ddr.de\/index.php\/wp-json\/wp\/v2\/pages\/6","targetHints":{"allow":["GET"]}}],"collection":[{"href":"https:\/\/medienerbe-ddr.de\/index.php\/wp-json\/wp\/v2\/pages"}],"about":[{"href":"https:\/\/medienerbe-ddr.de\/index.php\/wp-json\/wp\/v2\/types\/page"}],"author":[{"embeddable":true,"href":"https:\/\/medienerbe-ddr.de\/index.php\/wp-json\/wp\/v2\/users\/2"}],"replies":[{"embeddable":true,"href":"https:\/\/medienerbe-ddr.de\/index.php\/wp-json\/wp\/v2\/comments?post=6"}],"version-history":[{"count":65,"href":"https:\/\/medienerbe-ddr.de\/index.php\/wp-json\/wp\/v2\/pages\/6\/revisions"}],"predecessor-version":[{"id":1396,"href":"https:\/\/medienerbe-ddr.de\/index.php\/wp-json\/wp\/v2\/pages\/6\/revisions\/1396"}],"wp:attachment":[{"href":"https:\/\/medienerbe-ddr.de\/index.php\/wp-json\/wp\/v2\/media?parent=6"}],"curies":[{"name":"wp","href":"https:\/\/api.w.org\/{rel}","templated":true}]}}