{"id":347,"date":"2019-02-20T14:30:47","date_gmt":"2019-02-20T14:30:47","guid":{"rendered":"http:\/\/medienerbe-ddr.de\/?page_id=347"},"modified":"2025-10-13T12:56:10","modified_gmt":"2025-10-13T11:56:10","slug":"publikationen","status":"publish","type":"page","link":"https:\/\/medienerbe-ddr.de\/index.php\/publikationen\/","title":{"rendered":"Publikationen"},"content":{"rendered":"\n<h2 class=\"wp-block-heading\">Monografien aus den Projekten<\/h2>\n\n\n\n<div class=\"wp-block-media-text is-stacked-on-mobile\" style=\"grid-template-columns:15% auto\"><figure class=\"wp-block-media-text__media\"><img loading=\"lazy\" decoding=\"async\" width=\"674\" height=\"1024\" src=\"https:\/\/medienerbe-ddr.de\/wp-content\/uploads\/2025\/10\/9783837669251MMJZEG4o3ZHoA_1280x1280-674x1024.jpg\" alt=\"\" class=\"wp-image-1760 size-full\" srcset=\"https:\/\/medienerbe-ddr.de\/wp-content\/uploads\/2025\/10\/9783837669251MMJZEG4o3ZHoA_1280x1280-674x1024.jpg 674w, https:\/\/medienerbe-ddr.de\/wp-content\/uploads\/2025\/10\/9783837669251MMJZEG4o3ZHoA_1280x1280-197x300.jpg 197w, https:\/\/medienerbe-ddr.de\/wp-content\/uploads\/2025\/10\/9783837669251MMJZEG4o3ZHoA_1280x1280-768x1168.jpg 768w, https:\/\/medienerbe-ddr.de\/wp-content\/uploads\/2025\/10\/9783837669251MMJZEG4o3ZHoA_1280x1280-624x949.jpg 624w, https:\/\/medienerbe-ddr.de\/wp-content\/uploads\/2025\/10\/9783837669251MMJZEG4o3ZHoA_1280x1280.jpg 842w\" sizes=\"auto, (max-width: 674px) 100vw, 674px\" \/><\/figure><div class=\"wp-block-media-text__content\">\n<p>Julian Genten: <em><a href=\"https:\/\/www.transcript-verlag.de\/978-3-8376-6925-1\/ddr-im-museum\/\" target=\"_blank\" rel=\"noreferrer noopener\">DDR im Museum. Wie Besucher*innen sich Ausstellungen zur ostdeutschen Geschichte aneignen.<\/a><\/em> Bielefeld 2024.<\/p>\n<\/div><\/div>\n\n\n\n<div class=\"wp-block-media-text is-stacked-on-mobile\" style=\"grid-template-columns:15% auto\"><figure class=\"wp-block-media-text__media\"><img loading=\"lazy\" decoding=\"async\" width=\"425\" height=\"648\" src=\"https:\/\/medienerbe-ddr.de\/wp-content\/uploads\/2025\/10\/Gerdes-NEU.jpeg\" alt=\"\" class=\"wp-image-1769 size-full\" srcset=\"https:\/\/medienerbe-ddr.de\/wp-content\/uploads\/2025\/10\/Gerdes-NEU.jpeg 425w, https:\/\/medienerbe-ddr.de\/wp-content\/uploads\/2025\/10\/Gerdes-NEU-197x300.jpeg 197w\" sizes=\"auto, (max-width: 425px) 100vw, 425px\" \/><\/figure><div class=\"wp-block-media-text__content\">\n<p>Sinja Gerdes: <em><a href=\"https:\/\/www.beck-shop.de\/gerdes-struktur-umbruch\/product\/39455592?srsltid=AfmBOopq-SnbbGO3jYd-nInD4sTXky9E1biE3LbDf-2wyjosSOR9lHrB\" target=\"_blank\" rel=\"noreferrer noopener\">Struktur und Umbruch. DEFA-Dokumentarfilme in den 1980er und 1990er Jahren. <\/a><\/em>M\u00fcnchen 2025.<\/p>\n<\/div><\/div>\n\n\n\n<div class=\"wp-block-media-text is-stacked-on-mobile\" style=\"grid-template-columns:15% auto\"><figure class=\"wp-block-media-text__media\"><img loading=\"lazy\" decoding=\"async\" width=\"789\" height=\"1200\" src=\"https:\/\/medienerbe-ddr.de\/wp-content\/uploads\/2024\/12\/9783837673562GIACIxPRF70yo_600x600@2x.jpg\" alt=\"\" class=\"wp-image-1626 size-full\" srcset=\"https:\/\/medienerbe-ddr.de\/wp-content\/uploads\/2024\/12\/9783837673562GIACIxPRF70yo_600x600@2x.jpg 789w, https:\/\/medienerbe-ddr.de\/wp-content\/uploads\/2024\/12\/9783837673562GIACIxPRF70yo_600x600@2x-197x300.jpg 197w, https:\/\/medienerbe-ddr.de\/wp-content\/uploads\/2024\/12\/9783837673562GIACIxPRF70yo_600x600@2x-673x1024.jpg 673w, https:\/\/medienerbe-ddr.de\/wp-content\/uploads\/2024\/12\/9783837673562GIACIxPRF70yo_600x600@2x-768x1168.jpg 768w, https:\/\/medienerbe-ddr.de\/wp-content\/uploads\/2024\/12\/9783837673562GIACIxPRF70yo_600x600@2x-624x949.jpg 624w\" sizes=\"auto, (max-width: 789px) 100vw, 789px\" \/><\/figure><div class=\"wp-block-media-text__content\">\n<p>Daria Gordeeva: <em><a href=\"https:\/\/www.transcript-verlag.de\/978-3-8376-7356-2\/sozialismus-im-kino\/\" target=\"_blank\" rel=\"noreferrer noopener\">Sozialismus im Kino. Filmische Erinnerungen an die DDR und die Sowjetunion zwischen Politik, Kunst und Kommerz. <\/a><\/em>Bielefeld 2024.<\/p>\n<\/div><\/div>\n\n\n\n<div class=\"wp-block-media-text is-stacked-on-mobile\" style=\"grid-template-columns:15% auto\"><figure class=\"wp-block-media-text__media\"><img loading=\"lazy\" decoding=\"async\" width=\"683\" height=\"1024\" src=\"https:\/\/medienerbe-ddr.de\/wp-content\/uploads\/2023\/10\/Wir-sind-die-anderen_Cover-683x1024.jpg\" alt=\"\" class=\"wp-image-1416 size-full\" srcset=\"https:\/\/medienerbe-ddr.de\/wp-content\/uploads\/2023\/10\/Wir-sind-die-anderen_Cover-683x1024.jpg 683w, https:\/\/medienerbe-ddr.de\/wp-content\/uploads\/2023\/10\/Wir-sind-die-anderen_Cover-200x300.jpg 200w, https:\/\/medienerbe-ddr.de\/wp-content\/uploads\/2023\/10\/Wir-sind-die-anderen_Cover-624x936.jpg 624w, https:\/\/medienerbe-ddr.de\/wp-content\/uploads\/2023\/10\/Wir-sind-die-anderen_Cover.jpg 750w\" sizes=\"auto, (max-width: 683px) 100vw, 683px\" \/><\/figure><div class=\"wp-block-media-text__content\">\n<p>Bianca Kellner-Zotz,&nbsp;Michael Meyen: <em><a href=\"https:\/\/www.halem-verlag.de\/produkt\/wir-sind-die-anderen\/\" target=\"_blank\" rel=\"noreferrer noopener\">Wir sind die anderen. Ostdeutsche Medienmenschen und das Erbe der DDR<\/a><\/em>. K\u00f6ln 2023.<\/p>\n<\/div><\/div>\n\n\n\n<div class=\"wp-block-media-text is-stacked-on-mobile\" style=\"grid-template-columns:15% auto\"><figure class=\"wp-block-media-text__media\"><img loading=\"lazy\" decoding=\"async\" width=\"683\" height=\"1024\" src=\"https:\/\/medienerbe-ddr.de\/wp-content\/uploads\/2025\/10\/9783869627229_hp-683x1024.jpg\" alt=\"\" class=\"wp-image-1761 size-full\" srcset=\"https:\/\/medienerbe-ddr.de\/wp-content\/uploads\/2025\/10\/9783869627229_hp-683x1024.jpg 683w, https:\/\/medienerbe-ddr.de\/wp-content\/uploads\/2025\/10\/9783869627229_hp-200x300.jpg 200w, https:\/\/medienerbe-ddr.de\/wp-content\/uploads\/2025\/10\/9783869627229_hp-624x936.jpg 624w, https:\/\/medienerbe-ddr.de\/wp-content\/uploads\/2025\/10\/9783869627229_hp.jpg 750w\" sizes=\"auto, (max-width: 683px) 100vw, 683px\" \/><\/figure><div class=\"wp-block-media-text__content\">\n<p>Maria L\u00f6blich, Elisa Pollack: <em><a href=\"https:\/\/www.halem-verlag.de\/produkt\/ein-ost-west-labor\/\" target=\"_blank\" rel=\"noreferrer noopener\">Ein Ost-West-Labor? Die Redaktion der Berliner Zeitung zwischen 1989 und 2020.<\/a><\/em> K\u00f6ln 2025.<\/p>\n<\/div><\/div>\n\n\n\n<div class=\"wp-block-media-text is-stacked-on-mobile\" style=\"grid-template-columns:15% auto\"><figure class=\"wp-block-media-text__media\"><img loading=\"lazy\" decoding=\"async\" width=\"435\" height=\"620\" src=\"https:\/\/medienerbe-ddr.de\/wp-content\/uploads\/2025\/10\/9783962892364__cover.jpeg\" alt=\"\" class=\"wp-image-1762 size-full\" srcset=\"https:\/\/medienerbe-ddr.de\/wp-content\/uploads\/2025\/10\/9783962892364__cover.jpeg 435w, https:\/\/medienerbe-ddr.de\/wp-content\/uploads\/2025\/10\/9783962892364__cover-210x300.jpeg 210w\" sizes=\"auto, (max-width: 435px) 100vw, 435px\" \/><\/figure><div class=\"wp-block-media-text__content\">\n<p>Tom Koltermann: <em><a href=\"https:\/\/www.aufbau-verlage.de\/ch-links-verlag\/rock-im-osten\/978-3-96289-236-4\" target=\"_blank\" rel=\"noreferrer noopener\">Rock im Osten. Die Erfindung der DDR-Rockmusik und ihr Weg in das vereinte Deutschland. <\/a><\/em>Berlin 2025.<\/p>\n<\/div><\/div>\n\n\n\n<div class=\"wp-block-media-text alignwide is-stacked-on-mobile\" style=\"grid-template-columns:16% auto\"><figure class=\"wp-block-media-text__media\"><img loading=\"lazy\" decoding=\"async\" width=\"643\" height=\"1024\" src=\"https:\/\/medienerbe-ddr.de\/wp-content\/uploads\/2020\/11\/9783869625706-e1596034294210-643x1024.jpg\" alt=\"\" class=\"wp-image-1240 size-full\" srcset=\"https:\/\/medienerbe-ddr.de\/wp-content\/uploads\/2020\/11\/9783869625706-e1596034294210-643x1024.jpg 643w, https:\/\/medienerbe-ddr.de\/wp-content\/uploads\/2020\/11\/9783869625706-e1596034294210-188x300.jpg 188w, https:\/\/medienerbe-ddr.de\/wp-content\/uploads\/2020\/11\/9783869625706-e1596034294210-624x994.jpg 624w, https:\/\/medienerbe-ddr.de\/wp-content\/uploads\/2020\/11\/9783869625706-e1596034294210.jpg 750w\" sizes=\"auto, (max-width: 643px) 100vw, 643px\" \/><\/figure><div class=\"wp-block-media-text__content\">\n<p class=\"has-normal-font-size\">Michael Meyen: <a href=\"https:\/\/www.halem-verlag.de\/das-erbe-sind-wir\/\" target=\"_blank\" rel=\"noreferrer noopener\"><em>Das Erbe sind wir. Warum die DDR-Journalistik zu fr\u00fch beerdigt wurde. Meine Geschichte<\/em>.<\/a> K\u00f6ln 2020.<\/p>\n<\/div><\/div>\n\n\n\n<div class=\"wp-block-media-text alignwide is-stacked-on-mobile\" style=\"grid-template-columns:16% auto\"><figure class=\"wp-block-media-text__media\"><img loading=\"lazy\" decoding=\"async\" width=\"161\" height=\"230\" src=\"https:\/\/medienerbe-ddr.de\/wp-content\/uploads\/2022\/01\/Red-Metal_klein.jpg\" alt=\"\" class=\"wp-image-1286 size-full\"\/><\/figure><div class=\"wp-block-media-text__content\">\n<p class=\"has-normal-font-size\">Nikolai Okunew:<em> <a href=\"https:\/\/www.aufbau-verlage.de\/ch-links-verlag\/red-metal\/978-3-86284-507-1\" target=\"_blank\" rel=\"noreferrer noopener\">Red Metal. Die Heavy-Metal-Subkultur der DDR.<\/a><\/em> Berlin 2021.<\/p>\n<\/div><\/div>\n\n\n\n<div class=\"wp-block-media-text is-stacked-on-mobile\" style=\"grid-template-columns:15% auto\"><figure class=\"wp-block-media-text__media\"><img loading=\"lazy\" decoding=\"async\" width=\"683\" height=\"1024\" src=\"https:\/\/medienerbe-ddr.de\/wp-content\/uploads\/2024\/12\/9783869626819_hp-683x1024.webp\" alt=\"\" class=\"wp-image-1625 size-full\" srcset=\"https:\/\/medienerbe-ddr.de\/wp-content\/uploads\/2024\/12\/9783869626819_hp-683x1024.webp 683w, https:\/\/medienerbe-ddr.de\/wp-content\/uploads\/2024\/12\/9783869626819_hp-200x300.webp 200w, https:\/\/medienerbe-ddr.de\/wp-content\/uploads\/2024\/12\/9783869626819_hp-624x936.webp 624w, https:\/\/medienerbe-ddr.de\/wp-content\/uploads\/2024\/12\/9783869626819_hp.webp 750w\" sizes=\"auto, (max-width: 683px) 100vw, 683px\" \/><\/figure><div class=\"wp-block-media-text__content\">\n<p>Elisa Pollack: <em><a href=\"https:\/\/www.halem-verlag.de\/produkt\/getrennte-medienwelten\/\" target=\"_blank\" rel=\"noreferrer noopener\">Getrennte Medienwelten. Mediennutzung in Ost- und Westberlin nach der Wende.<\/a><\/em> K\u00f6ln 2024.<\/p>\n<\/div><\/div>\n\n\n\n<h2 class=\"wp-block-heading\">Sammelb\u00e4nde<\/h2>\n\n\n\n<div class=\"wp-block-media-text alignwide is-stacked-on-mobile\" style=\"grid-template-columns:15% auto\"><figure class=\"wp-block-media-text__media\"><img loading=\"lazy\" decoding=\"async\" width=\"719\" height=\"1024\" src=\"https:\/\/medienerbe-ddr.de\/wp-content\/uploads\/2020\/11\/9783962891022-719x1024.jpg\" alt=\"\" class=\"wp-image-1238 size-full\" srcset=\"https:\/\/medienerbe-ddr.de\/wp-content\/uploads\/2020\/11\/9783962891022-719x1024.jpg 719w, https:\/\/medienerbe-ddr.de\/wp-content\/uploads\/2020\/11\/9783962891022-211x300.jpg 211w, https:\/\/medienerbe-ddr.de\/wp-content\/uploads\/2020\/11\/9783962891022-768x1093.jpg 768w, https:\/\/medienerbe-ddr.de\/wp-content\/uploads\/2020\/11\/9783962891022-1079x1536.jpg 1079w, https:\/\/medienerbe-ddr.de\/wp-content\/uploads\/2020\/11\/9783962891022-1438x2048.jpg 1438w, https:\/\/medienerbe-ddr.de\/wp-content\/uploads\/2020\/11\/9783962891022-624x888.jpg 624w, https:\/\/medienerbe-ddr.de\/wp-content\/uploads\/2020\/11\/9783962891022-scaled.jpg 1798w\" sizes=\"auto, (max-width: 719px) 100vw, 719px\" \/><\/figure><div class=\"wp-block-media-text__content\">\n<p class=\"has-normal-font-size\">Frank B\u00f6sch: Ostdeutsche Medien im gesellschaftlichen Wandel. Presse, Musikkultur und regionale Identit\u00e4t nach 1990. In: Marcus B\u00f6ick\/Constantin Goschler\/Ralph Jessen (Hrsg.): <em><a href=\"https:\/\/www.aufbau-verlage.de\/ch-links-verlag\/jahrbuch-deutsche-einheit-2020\/978-3-96289-102-2\" target=\"_blank\" rel=\"noreferrer noopener\">Jahrbuch Deutsche Einheit 2020<\/a><\/em>, Berlin 2020, S. 333-349.<\/p>\n<\/div><\/div>\n\n\n\n<div class=\"wp-block-media-text alignwide is-stacked-on-mobile\" style=\"grid-template-columns:16% auto\"><figure class=\"wp-block-media-text__media\"><img loading=\"lazy\" decoding=\"async\" width=\"350\" height=\"552\" src=\"https:\/\/medienerbe-ddr.de\/wp-content\/uploads\/2022\/01\/1989_Cover.png\" alt=\"\" class=\"wp-image-1287 size-full\" srcset=\"https:\/\/medienerbe-ddr.de\/wp-content\/uploads\/2022\/01\/1989_Cover.png 350w, https:\/\/medienerbe-ddr.de\/wp-content\/uploads\/2022\/01\/1989_Cover-190x300.png 190w\" sizes=\"auto, (max-width: 350px) 100vw, 350px\" \/><\/figure><div class=\"wp-block-media-text__content\">\n<p class=\"has-normal-font-size\">Martin Sabrow, Tilmann Siebeneichner, Peter Ulrich Wei\u00df (Hrsg.): <em><a href=\"https:\/\/www.wallstein-verlag.de\/9783835350212-1989-eine-epochenzaesur.html\" target=\"_blank\" rel=\"noreferrer noopener\">1989 \u2013 Eine Epochenz\u00e4sur?<\/a><\/em> G\u00f6ttingen 2021.<\/p>\n<\/div><\/div>\n\n\n\n<p>Weitere Aufs\u00e4tze, Beitr\u00e4ge in Sammelb\u00e4nden sowie Rezensionen sind auf den Seiten der jeweiligen Forschungsprojekte unter &#8222;Publikationen&#8220; zu finden.<\/p>\n\n\n\n<p><\/p>\n\n\n\n<p><\/p>\n\n\n\n<p><\/p>\n\n\n\n<p><\/p>\n\n\n\n<p><\/p>\n\n\n\n<p><\/p>\n\n\n\n<p><\/p>\n\n\n\n<p><\/p>\n","protected":false},"excerpt":{"rendered":"<p>Monografien aus den Projekten Julian Genten: DDR im Museum. Wie Besucher*innen sich Ausstellungen zur ostdeutschen Geschichte aneignen. Bielefeld 2024. Sinja Gerdes: Struktur und Umbruch. DEFA-Dokumentarfilme in den 1980er und 1990er&#8230; <a href=\"https:\/\/medienerbe-ddr.de\/index.php\/publikationen\/\">Read more &raquo;<\/a><\/p>\n","protected":false},"author":2,"featured_media":0,"parent":0,"menu_order":0,"comment_status":"closed","ping_status":"closed","template":"","meta":{"_acf_changed":false,"footnotes":""},"class_list":["post-347","page","type-page","status-publish","hentry"],"acf":[],"yoast_head":"<!-- This site is optimized with the Yoast SEO plugin v27.4 - https:\/\/yoast.com\/product\/yoast-seo-wordpress\/ -->\n<title>Publikationen - Das mediale Erbe der DDR<\/title>\n<meta name=\"robots\" content=\"index, follow, max-snippet:-1, max-image-preview:large, max-video-preview:-1\" \/>\n<link rel=\"canonical\" href=\"https:\/\/medienerbe-ddr.de\/index.php\/publikationen\/\" \/>\n<meta property=\"og:locale\" content=\"de_DE\" \/>\n<meta property=\"og:type\" content=\"article\" \/>\n<meta property=\"og:title\" content=\"Publikationen - Das mediale Erbe der DDR\" \/>\n<meta property=\"og:description\" content=\"Monografien aus den Projekten Julian Genten: DDR im Museum. Wie Besucher*innen sich Ausstellungen zur ostdeutschen Geschichte aneignen. Bielefeld 2024. Sinja Gerdes: Struktur und Umbruch. DEFA-Dokumentarfilme in den 1980er und 1990er... Read more &raquo;\" \/>\n<meta property=\"og:url\" content=\"https:\/\/medienerbe-ddr.de\/index.php\/publikationen\/\" \/>\n<meta property=\"og:site_name\" content=\"Das mediale Erbe der DDR\" \/>\n<meta property=\"article:modified_time\" content=\"2025-10-13T11:56:10+00:00\" \/>\n<meta property=\"og:image\" content=\"https:\/\/medienerbe-ddr.de\/wp-content\/uploads\/2025\/10\/9783837669251MMJZEG4o3ZHoA_1280x1280.jpg\" \/>\n\t<meta property=\"og:image:width\" content=\"842\" \/>\n\t<meta property=\"og:image:height\" content=\"1280\" \/>\n\t<meta property=\"og:image:type\" content=\"image\/jpeg\" \/>\n<meta name=\"twitter:card\" content=\"summary_large_image\" \/>\n<meta name=\"twitter:label1\" content=\"Gesch\u00e4tzte Lesezeit\" \/>\n\t<meta name=\"twitter:data1\" content=\"4\u00a0Minuten\" \/>\n<script type=\"application\/ld+json\" class=\"yoast-schema-graph\">{\"@context\":\"https:\\\/\\\/schema.org\",\"@graph\":[{\"@type\":\"WebPage\",\"@id\":\"https:\\\/\\\/medienerbe-ddr.de\\\/index.php\\\/publikationen\\\/\",\"url\":\"https:\\\/\\\/medienerbe-ddr.de\\\/index.php\\\/publikationen\\\/\",\"name\":\"Publikationen - Das mediale Erbe der DDR\",\"isPartOf\":{\"@id\":\"https:\\\/\\\/medienerbe-ddr.de\\\/#website\"},\"primaryImageOfPage\":{\"@id\":\"https:\\\/\\\/medienerbe-ddr.de\\\/index.php\\\/publikationen\\\/#primaryimage\"},\"image\":{\"@id\":\"https:\\\/\\\/medienerbe-ddr.de\\\/index.php\\\/publikationen\\\/#primaryimage\"},\"thumbnailUrl\":\"https:\\\/\\\/medienerbe-ddr.de\\\/wp-content\\\/uploads\\\/2025\\\/10\\\/9783837669251MMJZEG4o3ZHoA_1280x1280-674x1024.jpg\",\"datePublished\":\"2019-02-20T14:30:47+00:00\",\"dateModified\":\"2025-10-13T11:56:10+00:00\",\"breadcrumb\":{\"@id\":\"https:\\\/\\\/medienerbe-ddr.de\\\/index.php\\\/publikationen\\\/#breadcrumb\"},\"inLanguage\":\"de\",\"potentialAction\":[{\"@type\":\"ReadAction\",\"target\":[\"https:\\\/\\\/medienerbe-ddr.de\\\/index.php\\\/publikationen\\\/\"]}]},{\"@type\":\"ImageObject\",\"inLanguage\":\"de\",\"@id\":\"https:\\\/\\\/medienerbe-ddr.de\\\/index.php\\\/publikationen\\\/#primaryimage\",\"url\":\"https:\\\/\\\/medienerbe-ddr.de\\\/wp-content\\\/uploads\\\/2025\\\/10\\\/9783837669251MMJZEG4o3ZHoA_1280x1280.jpg\",\"contentUrl\":\"https:\\\/\\\/medienerbe-ddr.de\\\/wp-content\\\/uploads\\\/2025\\\/10\\\/9783837669251MMJZEG4o3ZHoA_1280x1280.jpg\",\"width\":842,\"height\":1280},{\"@type\":\"BreadcrumbList\",\"@id\":\"https:\\\/\\\/medienerbe-ddr.de\\\/index.php\\\/publikationen\\\/#breadcrumb\",\"itemListElement\":[{\"@type\":\"ListItem\",\"position\":1,\"name\":\"Startseite\",\"item\":\"https:\\\/\\\/medienerbe-ddr.de\\\/\"},{\"@type\":\"ListItem\",\"position\":2,\"name\":\"Publikationen\"}]},{\"@type\":\"WebSite\",\"@id\":\"https:\\\/\\\/medienerbe-ddr.de\\\/#website\",\"url\":\"https:\\\/\\\/medienerbe-ddr.de\\\/\",\"name\":\"Das mediale Erbe der DDR\",\"description\":\"Akteure, Aneignung, Tradierung\",\"publisher\":{\"@id\":\"https:\\\/\\\/medienerbe-ddr.de\\\/#organization\"},\"potentialAction\":[{\"@type\":\"SearchAction\",\"target\":{\"@type\":\"EntryPoint\",\"urlTemplate\":\"https:\\\/\\\/medienerbe-ddr.de\\\/?s={search_term_string}\"},\"query-input\":{\"@type\":\"PropertyValueSpecification\",\"valueRequired\":true,\"valueName\":\"search_term_string\"}}],\"inLanguage\":\"de\"},{\"@type\":\"Organization\",\"@id\":\"https:\\\/\\\/medienerbe-ddr.de\\\/#organization\",\"name\":\"Forschungsverbund Das mediale Erbe der DDR\",\"url\":\"https:\\\/\\\/medienerbe-ddr.de\\\/\",\"logo\":{\"@type\":\"ImageObject\",\"inLanguage\":\"de\",\"@id\":\"https:\\\/\\\/medienerbe-ddr.de\\\/#\\\/schema\\\/logo\\\/image\\\/\",\"url\":\"https:\\\/\\\/medienerbe-ddr.de\\\/wp-content\\\/uploads\\\/2019\\\/03\\\/LogoDDR_27mm-hg-weiss.png\",\"contentUrl\":\"https:\\\/\\\/medienerbe-ddr.de\\\/wp-content\\\/uploads\\\/2019\\\/03\\\/LogoDDR_27mm-hg-weiss.png\",\"width\":319,\"height\":305,\"caption\":\"Forschungsverbund Das mediale Erbe der DDR\"},\"image\":{\"@id\":\"https:\\\/\\\/medienerbe-ddr.de\\\/#\\\/schema\\\/logo\\\/image\\\/\"}}]}<\/script>\n<!-- \/ Yoast SEO plugin. -->","yoast_head_json":{"title":"Publikationen - Das mediale Erbe der DDR","robots":{"index":"index","follow":"follow","max-snippet":"max-snippet:-1","max-image-preview":"max-image-preview:large","max-video-preview":"max-video-preview:-1"},"canonical":"https:\/\/medienerbe-ddr.de\/index.php\/publikationen\/","og_locale":"de_DE","og_type":"article","og_title":"Publikationen - Das mediale Erbe der DDR","og_description":"Monografien aus den Projekten Julian Genten: DDR im Museum. Wie Besucher*innen sich Ausstellungen zur ostdeutschen Geschichte aneignen. Bielefeld 2024. Sinja Gerdes: Struktur und Umbruch. DEFA-Dokumentarfilme in den 1980er und 1990er... Read more &raquo;","og_url":"https:\/\/medienerbe-ddr.de\/index.php\/publikationen\/","og_site_name":"Das mediale Erbe der DDR","article_modified_time":"2025-10-13T11:56:10+00:00","og_image":[{"width":842,"height":1280,"url":"https:\/\/medienerbe-ddr.de\/wp-content\/uploads\/2025\/10\/9783837669251MMJZEG4o3ZHoA_1280x1280.jpg","type":"image\/jpeg"}],"twitter_card":"summary_large_image","twitter_misc":{"Gesch\u00e4tzte Lesezeit":"4\u00a0Minuten"},"schema":{"@context":"https:\/\/schema.org","@graph":[{"@type":"WebPage","@id":"https:\/\/medienerbe-ddr.de\/index.php\/publikationen\/","url":"https:\/\/medienerbe-ddr.de\/index.php\/publikationen\/","name":"Publikationen - Das mediale Erbe der DDR","isPartOf":{"@id":"https:\/\/medienerbe-ddr.de\/#website"},"primaryImageOfPage":{"@id":"https:\/\/medienerbe-ddr.de\/index.php\/publikationen\/#primaryimage"},"image":{"@id":"https:\/\/medienerbe-ddr.de\/index.php\/publikationen\/#primaryimage"},"thumbnailUrl":"https:\/\/medienerbe-ddr.de\/wp-content\/uploads\/2025\/10\/9783837669251MMJZEG4o3ZHoA_1280x1280-674x1024.jpg","datePublished":"2019-02-20T14:30:47+00:00","dateModified":"2025-10-13T11:56:10+00:00","breadcrumb":{"@id":"https:\/\/medienerbe-ddr.de\/index.php\/publikationen\/#breadcrumb"},"inLanguage":"de","potentialAction":[{"@type":"ReadAction","target":["https:\/\/medienerbe-ddr.de\/index.php\/publikationen\/"]}]},{"@type":"ImageObject","inLanguage":"de","@id":"https:\/\/medienerbe-ddr.de\/index.php\/publikationen\/#primaryimage","url":"https:\/\/medienerbe-ddr.de\/wp-content\/uploads\/2025\/10\/9783837669251MMJZEG4o3ZHoA_1280x1280.jpg","contentUrl":"https:\/\/medienerbe-ddr.de\/wp-content\/uploads\/2025\/10\/9783837669251MMJZEG4o3ZHoA_1280x1280.jpg","width":842,"height":1280},{"@type":"BreadcrumbList","@id":"https:\/\/medienerbe-ddr.de\/index.php\/publikationen\/#breadcrumb","itemListElement":[{"@type":"ListItem","position":1,"name":"Startseite","item":"https:\/\/medienerbe-ddr.de\/"},{"@type":"ListItem","position":2,"name":"Publikationen"}]},{"@type":"WebSite","@id":"https:\/\/medienerbe-ddr.de\/#website","url":"https:\/\/medienerbe-ddr.de\/","name":"Das mediale Erbe der DDR","description":"Akteure, Aneignung, Tradierung","publisher":{"@id":"https:\/\/medienerbe-ddr.de\/#organization"},"potentialAction":[{"@type":"SearchAction","target":{"@type":"EntryPoint","urlTemplate":"https:\/\/medienerbe-ddr.de\/?s={search_term_string}"},"query-input":{"@type":"PropertyValueSpecification","valueRequired":true,"valueName":"search_term_string"}}],"inLanguage":"de"},{"@type":"Organization","@id":"https:\/\/medienerbe-ddr.de\/#organization","name":"Forschungsverbund Das mediale Erbe der DDR","url":"https:\/\/medienerbe-ddr.de\/","logo":{"@type":"ImageObject","inLanguage":"de","@id":"https:\/\/medienerbe-ddr.de\/#\/schema\/logo\/image\/","url":"https:\/\/medienerbe-ddr.de\/wp-content\/uploads\/2019\/03\/LogoDDR_27mm-hg-weiss.png","contentUrl":"https:\/\/medienerbe-ddr.de\/wp-content\/uploads\/2019\/03\/LogoDDR_27mm-hg-weiss.png","width":319,"height":305,"caption":"Forschungsverbund Das mediale Erbe der DDR"},"image":{"@id":"https:\/\/medienerbe-ddr.de\/#\/schema\/logo\/image\/"}}]}},"_links":{"self":[{"href":"https:\/\/medienerbe-ddr.de\/index.php\/wp-json\/wp\/v2\/pages\/347","targetHints":{"allow":["GET"]}}],"collection":[{"href":"https:\/\/medienerbe-ddr.de\/index.php\/wp-json\/wp\/v2\/pages"}],"about":[{"href":"https:\/\/medienerbe-ddr.de\/index.php\/wp-json\/wp\/v2\/types\/page"}],"author":[{"embeddable":true,"href":"https:\/\/medienerbe-ddr.de\/index.php\/wp-json\/wp\/v2\/users\/2"}],"replies":[{"embeddable":true,"href":"https:\/\/medienerbe-ddr.de\/index.php\/wp-json\/wp\/v2\/comments?post=347"}],"version-history":[{"count":35,"href":"https:\/\/medienerbe-ddr.de\/index.php\/wp-json\/wp\/v2\/pages\/347\/revisions"}],"predecessor-version":[{"id":1770,"href":"https:\/\/medienerbe-ddr.de\/index.php\/wp-json\/wp\/v2\/pages\/347\/revisions\/1770"}],"wp:attachment":[{"href":"https:\/\/medienerbe-ddr.de\/index.php\/wp-json\/wp\/v2\/media?parent=347"}],"curies":[{"name":"wp","href":"https:\/\/api.w.org\/{rel}","templated":true}]}}