{"id":1574,"date":"2023-12-11T18:20:37","date_gmt":"2023-12-11T17:20:37","guid":{"rendered":"https:\/\/medienerbe-ddr.de\/?page_id=1574"},"modified":"2023-12-11T18:20:38","modified_gmt":"2023-12-11T17:20:38","slug":"retro-spezial-ddr-auf-ard-retro-ddr-medien-im-historischen-kontext","status":"publish","type":"page","link":"https:\/\/medienerbe-ddr.de\/index.php\/retro-spezial-ddr-auf-ard-retro-ddr-medien-im-historischen-kontext\/","title":{"rendered":"\u201eRetro Spezial DDR\u201c auf\u00a0ARD Retro. DDR-Medien im historischen Kontext"},"content":{"rendered":"\n<p><em><em>Kooperationsprojekt ZZF\/ Stiftung Deutsches Rundfunkarchiv (DRA)<\/em><\/em><\/p>\n\n\n\n<div class=\"wp-block-cover aligncenter is-light has-custom-content-position is-position-bottom-right\"><span aria-hidden=\"true\" class=\"wp-block-cover__background has-background-dim-0 has-background-dim\"><\/span><img loading=\"lazy\" decoding=\"async\" width=\"6000\" height=\"4500\" class=\"wp-block-cover__image-background wp-image-1171\" alt=\"\" src=\"https:\/\/medienerbe-ddr.de\/wp-content\/uploads\/2019\/10\/OMB_138-13.jpg\" data-object-fit=\"cover\" srcset=\"https:\/\/medienerbe-ddr.de\/wp-content\/uploads\/2019\/10\/OMB_138-13.jpg 6000w, https:\/\/medienerbe-ddr.de\/wp-content\/uploads\/2019\/10\/OMB_138-13-300x225.jpg 300w, https:\/\/medienerbe-ddr.de\/wp-content\/uploads\/2019\/10\/OMB_138-13-768x576.jpg 768w, https:\/\/medienerbe-ddr.de\/wp-content\/uploads\/2019\/10\/OMB_138-13-1024x768.jpg 1024w, https:\/\/medienerbe-ddr.de\/wp-content\/uploads\/2019\/10\/OMB_138-13-624x468.jpg 624w, https:\/\/medienerbe-ddr.de\/wp-content\/uploads\/2019\/10\/OMB_138-13-240x180.jpg 240w\" sizes=\"auto, (max-width: 6000px) 100vw, 6000px\" \/><div class=\"wp-block-cover__inner-container is-layout-flow wp-block-cover-is-layout-flow\">\n<p class=\"has-text-align-right has-white-color has-text-color has-link-color has-normal-font-size wp-elements-a16544b6801d431c279426f0185026bf\">Quelle: Open Memory Box<\/p>\n<\/div><\/div>\n\n\n\n<p>Im Oktober 2020 hat die ARD das Angebot&nbsp;<em>ARD Retro<\/em>&nbsp;gestartet. \u00dcber die ARD-Mediathek k\u00f6nnen seitdem einzelne Beitr\u00e4ge aus Fernsehsendungen der Jahre 1952 bis 1965 abgerufen werden. Geboten wird ein breites thematisches Spektrum mit einem Schwerpunkt im Bereich von Informations- und Service-Formaten. Da es sich bei \u201eRetro Spezial DDR\u201c um ein reines Archiv\u00f6ffnungsprojekt handelt, fehlt bisher eine zeit- und medienhistorische Einbettung. Dies kann zu Fehlschl\u00fcssen f\u00fchren, weil die Bedingungen der parteilichen Berichterstattung im Realsozialismus j\u00fcngeren Nutzer*innen kaum vertraut sind.<\/p>\n\n\n\n<p>An dieser Stelle setzt die geplante Kooperation zwischen ZZF und DRA an. F\u00fcr die vom Deutschen Rundfunkarchiv in Kooperation mit der ARD-Mediathek im\u00a0<em>ARD Retro<\/em>-Teilangebot \u201eRetro Spezial DDR\u201c zug\u00e4nglich gemachten DDR-Fernsehbeitr\u00e4ge soll eine Plattform entstehen, auf der die eingebetteten Beitr\u00e4ge zeit- und medienhistorisch kontextualisiert und quellenkritisch eingeordnet werden. Anhand von ausgew\u00e4hlten Beitr\u00e4gen wird dort f\u00fcr die breite \u00d6ffentlichkeit Hintergrundwissen zur Verf\u00fcgung gestellt und das mediale und programmliche Umfeld erl\u00e4utert.<\/p>\n\n\n\n<p>Im aktuellen Rahmen ist ein gemeinsames Pilotprojekt vorgesehen, das zur Ausarbeitung eines umfassenden Drittmittelantrags dient. Die Arbeitsergebnisse des Verbundes werden so \u00fcber die Laufzeit des Projekts hinaus verstetigt und k\u00f6nnen zur Entwicklung von historischer Medienkompetenz und kritischem Geschichtsbewusstsein gerade auch bei einer j\u00fcngeren, Online- und AV-Medien-affinen Klientel beitragen.<\/p>\n","protected":false},"excerpt":{"rendered":"<p>Kooperationsprojekt ZZF\/ Stiftung Deutsches Rundfunkarchiv (DRA) Im Oktober 2020 hat die ARD das Angebot&nbsp;ARD Retro&nbsp;gestartet. \u00dcber die ARD-Mediathek k\u00f6nnen seitdem einzelne Beitr\u00e4ge aus Fernsehsendungen der Jahre 1952 bis 1965 abgerufen&#8230; <a href=\"https:\/\/medienerbe-ddr.de\/index.php\/retro-spezial-ddr-auf-ard-retro-ddr-medien-im-historischen-kontext\/\">Read more &raquo;<\/a><\/p>\n","protected":false},"author":4,"featured_media":0,"parent":0,"menu_order":0,"comment_status":"closed","ping_status":"closed","template":"page-templates\/full-width.php","meta":{"_acf_changed":false,"footnotes":""},"class_list":["post-1574","page","type-page","status-publish","hentry"],"acf":[],"yoast_head":"<!-- This site is optimized with the Yoast SEO plugin v27.2 - https:\/\/yoast.com\/product\/yoast-seo-wordpress\/ -->\n<title>\u201eRetro Spezial DDR\u201c auf\u00a0ARD Retro. DDR-Medien im historischen Kontext - Das mediale Erbe der DDR<\/title>\n<meta name=\"robots\" content=\"index, follow, max-snippet:-1, max-image-preview:large, max-video-preview:-1\" \/>\n<link rel=\"canonical\" href=\"https:\/\/medienerbe-ddr.de\/index.php\/retro-spezial-ddr-auf-ard-retro-ddr-medien-im-historischen-kontext\/\" \/>\n<meta property=\"og:locale\" content=\"de_DE\" \/>\n<meta property=\"og:type\" content=\"article\" \/>\n<meta property=\"og:title\" content=\"\u201eRetro Spezial DDR\u201c auf\u00a0ARD Retro. DDR-Medien im historischen Kontext - Das mediale Erbe der DDR\" \/>\n<meta property=\"og:description\" content=\"Kooperationsprojekt ZZF\/ Stiftung Deutsches Rundfunkarchiv (DRA) Im Oktober 2020 hat die ARD das Angebot&nbsp;ARD Retro&nbsp;gestartet. \u00dcber die ARD-Mediathek k\u00f6nnen seitdem einzelne Beitr\u00e4ge aus Fernsehsendungen der Jahre 1952 bis 1965 abgerufen... Read more &raquo;\" \/>\n<meta property=\"og:url\" content=\"https:\/\/medienerbe-ddr.de\/index.php\/retro-spezial-ddr-auf-ard-retro-ddr-medien-im-historischen-kontext\/\" \/>\n<meta property=\"og:site_name\" content=\"Das mediale Erbe der DDR\" \/>\n<meta property=\"article:modified_time\" content=\"2023-12-11T17:20:38+00:00\" \/>\n<meta property=\"og:image\" content=\"https:\/\/medienerbe-ddr.de\/wp-content\/uploads\/2019\/10\/OMB_138-13.jpg\" \/>\n<meta name=\"twitter:card\" content=\"summary_large_image\" \/>\n<meta name=\"twitter:label1\" content=\"Gesch\u00e4tzte Lesezeit\" \/>\n\t<meta name=\"twitter:data1\" content=\"2\u00a0Minuten\" \/>\n<script type=\"application\/ld+json\" class=\"yoast-schema-graph\">{\"@context\":\"https:\/\/schema.org\",\"@graph\":[{\"@type\":\"WebPage\",\"@id\":\"https:\/\/medienerbe-ddr.de\/index.php\/retro-spezial-ddr-auf-ard-retro-ddr-medien-im-historischen-kontext\/\",\"url\":\"https:\/\/medienerbe-ddr.de\/index.php\/retro-spezial-ddr-auf-ard-retro-ddr-medien-im-historischen-kontext\/\",\"name\":\"\u201eRetro Spezial DDR\u201c auf\u00a0ARD Retro. DDR-Medien im historischen Kontext - Das mediale Erbe der DDR\",\"isPartOf\":{\"@id\":\"https:\/\/medienerbe-ddr.de\/#website\"},\"primaryImageOfPage\":{\"@id\":\"https:\/\/medienerbe-ddr.de\/index.php\/retro-spezial-ddr-auf-ard-retro-ddr-medien-im-historischen-kontext\/#primaryimage\"},\"image\":{\"@id\":\"https:\/\/medienerbe-ddr.de\/index.php\/retro-spezial-ddr-auf-ard-retro-ddr-medien-im-historischen-kontext\/#primaryimage\"},\"thumbnailUrl\":\"https:\/\/medienerbe-ddr.de\/wp-content\/uploads\/2019\/10\/OMB_138-13.jpg\",\"datePublished\":\"2023-12-11T17:20:37+00:00\",\"dateModified\":\"2023-12-11T17:20:38+00:00\",\"breadcrumb\":{\"@id\":\"https:\/\/medienerbe-ddr.de\/index.php\/retro-spezial-ddr-auf-ard-retro-ddr-medien-im-historischen-kontext\/#breadcrumb\"},\"inLanguage\":\"de\",\"potentialAction\":[{\"@type\":\"ReadAction\",\"target\":[\"https:\/\/medienerbe-ddr.de\/index.php\/retro-spezial-ddr-auf-ard-retro-ddr-medien-im-historischen-kontext\/\"]}]},{\"@type\":\"ImageObject\",\"inLanguage\":\"de\",\"@id\":\"https:\/\/medienerbe-ddr.de\/index.php\/retro-spezial-ddr-auf-ard-retro-ddr-medien-im-historischen-kontext\/#primaryimage\",\"url\":\"https:\/\/medienerbe-ddr.de\/wp-content\/uploads\/2019\/10\/OMB_138-13.jpg\",\"contentUrl\":\"https:\/\/medienerbe-ddr.de\/wp-content\/uploads\/2019\/10\/OMB_138-13.jpg\",\"width\":6000,\"height\":4500},{\"@type\":\"BreadcrumbList\",\"@id\":\"https:\/\/medienerbe-ddr.de\/index.php\/retro-spezial-ddr-auf-ard-retro-ddr-medien-im-historischen-kontext\/#breadcrumb\",\"itemListElement\":[{\"@type\":\"ListItem\",\"position\":1,\"name\":\"Startseite\",\"item\":\"https:\/\/medienerbe-ddr.de\/\"},{\"@type\":\"ListItem\",\"position\":2,\"name\":\"\u201eRetro Spezial DDR\u201c auf\u00a0ARD Retro. DDR-Medien im historischen Kontext\"}]},{\"@type\":\"WebSite\",\"@id\":\"https:\/\/medienerbe-ddr.de\/#website\",\"url\":\"https:\/\/medienerbe-ddr.de\/\",\"name\":\"Das mediale Erbe der DDR\",\"description\":\"Akteure, Aneignung, Tradierung\",\"publisher\":{\"@id\":\"https:\/\/medienerbe-ddr.de\/#organization\"},\"potentialAction\":[{\"@type\":\"SearchAction\",\"target\":{\"@type\":\"EntryPoint\",\"urlTemplate\":\"https:\/\/medienerbe-ddr.de\/?s={search_term_string}\"},\"query-input\":{\"@type\":\"PropertyValueSpecification\",\"valueRequired\":true,\"valueName\":\"search_term_string\"}}],\"inLanguage\":\"de\"},{\"@type\":\"Organization\",\"@id\":\"https:\/\/medienerbe-ddr.de\/#organization\",\"name\":\"Forschungsverbund Das mediale Erbe der DDR\",\"url\":\"https:\/\/medienerbe-ddr.de\/\",\"logo\":{\"@type\":\"ImageObject\",\"inLanguage\":\"de\",\"@id\":\"https:\/\/medienerbe-ddr.de\/#\/schema\/logo\/image\/\",\"url\":\"https:\/\/medienerbe-ddr.de\/wp-content\/uploads\/2019\/03\/LogoDDR_27mm-hg-weiss.png\",\"contentUrl\":\"https:\/\/medienerbe-ddr.de\/wp-content\/uploads\/2019\/03\/LogoDDR_27mm-hg-weiss.png\",\"width\":319,\"height\":305,\"caption\":\"Forschungsverbund Das mediale Erbe der DDR\"},\"image\":{\"@id\":\"https:\/\/medienerbe-ddr.de\/#\/schema\/logo\/image\/\"}}]}<\/script>\n<!-- \/ Yoast SEO plugin. -->","yoast_head_json":{"title":"\u201eRetro Spezial DDR\u201c auf\u00a0ARD Retro. DDR-Medien im historischen Kontext - Das mediale Erbe der DDR","robots":{"index":"index","follow":"follow","max-snippet":"max-snippet:-1","max-image-preview":"max-image-preview:large","max-video-preview":"max-video-preview:-1"},"canonical":"https:\/\/medienerbe-ddr.de\/index.php\/retro-spezial-ddr-auf-ard-retro-ddr-medien-im-historischen-kontext\/","og_locale":"de_DE","og_type":"article","og_title":"\u201eRetro Spezial DDR\u201c auf\u00a0ARD Retro. DDR-Medien im historischen Kontext - Das mediale Erbe der DDR","og_description":"Kooperationsprojekt ZZF\/ Stiftung Deutsches Rundfunkarchiv (DRA) Im Oktober 2020 hat die ARD das Angebot&nbsp;ARD Retro&nbsp;gestartet. \u00dcber die ARD-Mediathek k\u00f6nnen seitdem einzelne Beitr\u00e4ge aus Fernsehsendungen der Jahre 1952 bis 1965 abgerufen... Read more &raquo;","og_url":"https:\/\/medienerbe-ddr.de\/index.php\/retro-spezial-ddr-auf-ard-retro-ddr-medien-im-historischen-kontext\/","og_site_name":"Das mediale Erbe der DDR","article_modified_time":"2023-12-11T17:20:38+00:00","og_image":[{"url":"https:\/\/medienerbe-ddr.de\/wp-content\/uploads\/2019\/10\/OMB_138-13.jpg","type":"","width":"","height":""}],"twitter_card":"summary_large_image","twitter_misc":{"Gesch\u00e4tzte Lesezeit":"2\u00a0Minuten"},"schema":{"@context":"https:\/\/schema.org","@graph":[{"@type":"WebPage","@id":"https:\/\/medienerbe-ddr.de\/index.php\/retro-spezial-ddr-auf-ard-retro-ddr-medien-im-historischen-kontext\/","url":"https:\/\/medienerbe-ddr.de\/index.php\/retro-spezial-ddr-auf-ard-retro-ddr-medien-im-historischen-kontext\/","name":"\u201eRetro Spezial DDR\u201c auf\u00a0ARD Retro. DDR-Medien im historischen Kontext - Das mediale Erbe der DDR","isPartOf":{"@id":"https:\/\/medienerbe-ddr.de\/#website"},"primaryImageOfPage":{"@id":"https:\/\/medienerbe-ddr.de\/index.php\/retro-spezial-ddr-auf-ard-retro-ddr-medien-im-historischen-kontext\/#primaryimage"},"image":{"@id":"https:\/\/medienerbe-ddr.de\/index.php\/retro-spezial-ddr-auf-ard-retro-ddr-medien-im-historischen-kontext\/#primaryimage"},"thumbnailUrl":"https:\/\/medienerbe-ddr.de\/wp-content\/uploads\/2019\/10\/OMB_138-13.jpg","datePublished":"2023-12-11T17:20:37+00:00","dateModified":"2023-12-11T17:20:38+00:00","breadcrumb":{"@id":"https:\/\/medienerbe-ddr.de\/index.php\/retro-spezial-ddr-auf-ard-retro-ddr-medien-im-historischen-kontext\/#breadcrumb"},"inLanguage":"de","potentialAction":[{"@type":"ReadAction","target":["https:\/\/medienerbe-ddr.de\/index.php\/retro-spezial-ddr-auf-ard-retro-ddr-medien-im-historischen-kontext\/"]}]},{"@type":"ImageObject","inLanguage":"de","@id":"https:\/\/medienerbe-ddr.de\/index.php\/retro-spezial-ddr-auf-ard-retro-ddr-medien-im-historischen-kontext\/#primaryimage","url":"https:\/\/medienerbe-ddr.de\/wp-content\/uploads\/2019\/10\/OMB_138-13.jpg","contentUrl":"https:\/\/medienerbe-ddr.de\/wp-content\/uploads\/2019\/10\/OMB_138-13.jpg","width":6000,"height":4500},{"@type":"BreadcrumbList","@id":"https:\/\/medienerbe-ddr.de\/index.php\/retro-spezial-ddr-auf-ard-retro-ddr-medien-im-historischen-kontext\/#breadcrumb","itemListElement":[{"@type":"ListItem","position":1,"name":"Startseite","item":"https:\/\/medienerbe-ddr.de\/"},{"@type":"ListItem","position":2,"name":"\u201eRetro Spezial DDR\u201c auf\u00a0ARD Retro. DDR-Medien im historischen Kontext"}]},{"@type":"WebSite","@id":"https:\/\/medienerbe-ddr.de\/#website","url":"https:\/\/medienerbe-ddr.de\/","name":"Das mediale Erbe der DDR","description":"Akteure, Aneignung, Tradierung","publisher":{"@id":"https:\/\/medienerbe-ddr.de\/#organization"},"potentialAction":[{"@type":"SearchAction","target":{"@type":"EntryPoint","urlTemplate":"https:\/\/medienerbe-ddr.de\/?s={search_term_string}"},"query-input":{"@type":"PropertyValueSpecification","valueRequired":true,"valueName":"search_term_string"}}],"inLanguage":"de"},{"@type":"Organization","@id":"https:\/\/medienerbe-ddr.de\/#organization","name":"Forschungsverbund Das mediale Erbe der DDR","url":"https:\/\/medienerbe-ddr.de\/","logo":{"@type":"ImageObject","inLanguage":"de","@id":"https:\/\/medienerbe-ddr.de\/#\/schema\/logo\/image\/","url":"https:\/\/medienerbe-ddr.de\/wp-content\/uploads\/2019\/03\/LogoDDR_27mm-hg-weiss.png","contentUrl":"https:\/\/medienerbe-ddr.de\/wp-content\/uploads\/2019\/03\/LogoDDR_27mm-hg-weiss.png","width":319,"height":305,"caption":"Forschungsverbund Das mediale Erbe der DDR"},"image":{"@id":"https:\/\/medienerbe-ddr.de\/#\/schema\/logo\/image\/"}}]}},"_links":{"self":[{"href":"https:\/\/medienerbe-ddr.de\/index.php\/wp-json\/wp\/v2\/pages\/1574","targetHints":{"allow":["GET"]}}],"collection":[{"href":"https:\/\/medienerbe-ddr.de\/index.php\/wp-json\/wp\/v2\/pages"}],"about":[{"href":"https:\/\/medienerbe-ddr.de\/index.php\/wp-json\/wp\/v2\/types\/page"}],"author":[{"embeddable":true,"href":"https:\/\/medienerbe-ddr.de\/index.php\/wp-json\/wp\/v2\/users\/4"}],"replies":[{"embeddable":true,"href":"https:\/\/medienerbe-ddr.de\/index.php\/wp-json\/wp\/v2\/comments?post=1574"}],"version-history":[{"count":1,"href":"https:\/\/medienerbe-ddr.de\/index.php\/wp-json\/wp\/v2\/pages\/1574\/revisions"}],"predecessor-version":[{"id":1575,"href":"https:\/\/medienerbe-ddr.de\/index.php\/wp-json\/wp\/v2\/pages\/1574\/revisions\/1575"}],"wp:attachment":[{"href":"https:\/\/medienerbe-ddr.de\/index.php\/wp-json\/wp\/v2\/media?parent=1574"}],"curies":[{"name":"wp","href":"https:\/\/api.w.org\/{rel}","templated":true}]}}