{"id":1566,"date":"2023-12-11T18:04:44","date_gmt":"2023-12-11T17:04:44","guid":{"rendered":"https:\/\/medienerbe-ddr.de\/?page_id=1566"},"modified":"2025-10-01T08:24:19","modified_gmt":"2025-10-01T07:24:19","slug":"schlager","status":"publish","type":"page","link":"https:\/\/medienerbe-ddr.de\/index.php\/schlager\/","title":{"rendered":"Volkst\u00fcmliche Schlager in Ostdeutschland: Erbe \u2013 Identit\u00e4t \u2013 Quote"},"content":{"rendered":"\n<p><em>Projektleitung: <em>Prof. Dr. Frank B\u00f6sch, Dr. Christoph Classen (ZZF)&nbsp;<\/em><br>Bearbeiter: <em>Dr. Nikolai Okunew<\/em><\/em><\/p>\n\n\n\n<div class=\"wp-block-cover aligncenter is-light has-custom-content-position is-position-bottom-right\"><img loading=\"lazy\" decoding=\"async\" width=\"1280\" height=\"960\" class=\"wp-block-cover__image-background wp-image-1567\" alt=\"\" src=\"https:\/\/medienerbe-ddr.de\/wp-content\/uploads\/2023\/12\/vinyl-1595847_1280.jpg\" data-object-fit=\"cover\" srcset=\"https:\/\/medienerbe-ddr.de\/wp-content\/uploads\/2023\/12\/vinyl-1595847_1280.jpg 1280w, https:\/\/medienerbe-ddr.de\/wp-content\/uploads\/2023\/12\/vinyl-1595847_1280-300x225.jpg 300w, https:\/\/medienerbe-ddr.de\/wp-content\/uploads\/2023\/12\/vinyl-1595847_1280-1024x768.jpg 1024w, https:\/\/medienerbe-ddr.de\/wp-content\/uploads\/2023\/12\/vinyl-1595847_1280-768x576.jpg 768w, https:\/\/medienerbe-ddr.de\/wp-content\/uploads\/2023\/12\/vinyl-1595847_1280-624x468.jpg 624w, https:\/\/medienerbe-ddr.de\/wp-content\/uploads\/2023\/12\/vinyl-1595847_1280-240x180.jpg 240w\" sizes=\"auto, (max-width: 1280px) 100vw, 1280px\" \/><span aria-hidden=\"true\" class=\"wp-block-cover__background has-background-dim-0 has-background-dim\"><\/span><div class=\"wp-block-cover__inner-container is-layout-flow wp-block-cover-is-layout-flow\">\n<p class=\"has-text-align-right has-white-color has-text-color has-link-color has-normal-font-size wp-elements-6dc7a45c5209e10faeb3a795e5bff757\">Quelle: <a href=\"https:\/\/pixabay.com\/de\/users\/tiburi-2851152\/\">tiburi<\/a> \/ <a href=\"https:\/\/pixabay.com\/de\/photos\/vinyl-retro-musik-rabatt-1595847\/\">Pixabay<\/a><\/p>\n<\/div><\/div>\n\n\n\n<p>Seit den sp\u00e4ten 1980er Jahren ist Volksmusik im Osten Deutschlands ein Massenph\u00e4nomen. Bereits kurz vor der Wiedervereinigung hatte der <em>Musikantenstadl<\/em> die zweith\u00f6chsten DFF-Sehbeteiligungen, \u00fcbertroffen nur von der <em>Aktuellen Kamera<\/em>. Langfristig sollte aus der nicht-fiktionalen Unterhaltungssparte der DDR-Fernsehlandschaft allein die MDR-Volksmusik in der gesamtdeutschen ARD re\u00fcssieren.<\/p>\n\n\n\n<p>Au\u00dfer als Aufh\u00e4nger f\u00fcr (westdeutsche) Kulturkritik fand der volkst\u00fcmliche Schlager jenseits seiner Anh\u00e4nger bisher kaum Beachtung. Inwiefern in den verschiedenen Formaten inhaltliche Traditionen aus der DDR \u00fcbernommen und transformiert wurden, blieb ebenso kaum erforscht wie die Gr\u00fcnde f\u00fcr die Beliebtheit des Massenph\u00e4nomens. Hypothesenhaft l\u00e4sst sich formulieren, dass auf den Ebenen Text, Bild und Performanz in der Volksmusik (erfundene) Tradition und Identit\u00e4t zentrale Rollen spielen. Was diese ausmacht, musste im Ostdeutschland der 1990er Jahre allerdings neu verhandelt und konfiguriert werden. Regionale Traditionen verschmolzen mit Identit\u00e4tsankern aus der DDR, so dass neue, alte imagined communities im ver\u00e4nderten deutsch-deutschen Kontext entstanden. Was machte sie aus, wie verhielten sich Fans und Kulturschaffende zu westdeutschen Regionalismen und zur unmittelbaren Vergangenheit? Diese Fragen sollen mit den Methoden der Popgeschichte bearbeitet werden und performative und emotionale Aspekte einschlie\u00dfen (Geisth\u00f6vel\/Mrozek 2014). Im Zentrum stehen dabei die mediale Repr\u00e4sentation der Musik, spezielle Magazine und Sampler sowie Volksmusiksendungen des MDR. Der Blick wird au\u00dferdem auf die Lebenswege vor und hinter den Kulissen gerichtet, etwa von Carmen Nebel und Achim Mentzel, die ihre DDR-Karrieren fortsetzten, aber auch westdeutsche \u201eEinheitspraktiker\u201c wie Henning R\u00f6hl, der f\u00fcr den MDR die <em>Feste der Volksmusik<\/em> erfand.<\/p>\n\n\n\n<p>In der Forschung zur \u201eWiedervereinigungsgesellschaft\u201c (Gro\u00dfb\u00f6lting 2020) fehlen kulturhistorische Aspekte meist (Kowalczuk\/Ebert\/Kulick 2021). Die Erforschung ostdeutscher Volksmusik schlie\u00dft diese L\u00fccke, bricht gleichzeitig mit der historiografischen Tradition, Pop-Avantgarden zu erforschen, und richtet den Blick auf Teile des unterforschten \u201eHarmoniemilieus\u201c (Schulze 2005). Untersucht werden so regionale Identit\u00e4ten, politisierbare Vorstellungen von Heimat in einer Transformationsgesellschaft und die Rolle einer sich wandelnden Medienlandschaft (L\u00fccke 2009, Palmowski 2009, Mend\u00edvil 2015).<\/p>\n\n\n\n<h2 class=\"wp-block-heading\">Publikationen<\/h2>\n\n\n\n<ul class=\"wp-block-list\">\n<li>Nikolai Okunew: The rise and fall and rise of Katarina Witt: (Post-)Socalist stardom and the eastern German public. In: J\u00fcrgen Danyel, Florian V\u00f6lker (Hg.):\u00a0<em>Pop after Communism<\/em>\u00a0(i.E.).<\/li>\n\n\n\n<li>Nikolai Okunew: Between GDR and \u201cMitteldeutschland\u201d: Identity and Television in East Germany in the Early 1990s.\u00a0In: Caroline Summers, Anne Saunders (Hg.):\u00a0<em>Wende ohne Wende<\/em>\u00a0(i.E.)<\/li>\n\n\n\n<li>Nikolai Okunew: Ecstatic escapism: Heavy Metal concerts in East Germany. In: Kristoff Kerl, Siegfrid Dietrich (Hg.):\u00a0<em>Pop Cultures and Ecstatic States of the Body, 1950-1980s<\/em>, S. 223\u2013242, London 2025.<\/li>\n\n\n\n<li>Julia L. Behrens, Nikolai Okunew: New voices in a new world \u2013 Media portrayal of the experiences of German reunification in 1990 by Vietnamese contract workers in East Germany. In: Liam Kelly (Hg.):\u00a0<em>Vietnam Over the Long Twentieth Century: Becoming Modern, Going Global<\/em>, S. 163\u2013183, Singapur 2024.<\/li>\n<\/ul>\n","protected":false},"excerpt":{"rendered":"<p>Projektleitung: Prof. Dr. Frank B\u00f6sch, Dr. Christoph Classen (ZZF)&nbsp;Bearbeiter: Dr. Nikolai Okunew Seit den sp\u00e4ten 1980er Jahren ist Volksmusik im Osten Deutschlands ein Massenph\u00e4nomen. Bereits kurz vor der Wiedervereinigung hatte&#8230; <a href=\"https:\/\/medienerbe-ddr.de\/index.php\/schlager\/\">Read more &raquo;<\/a><\/p>\n","protected":false},"author":4,"featured_media":0,"parent":0,"menu_order":0,"comment_status":"closed","ping_status":"closed","template":"page-templates\/full-width.php","meta":{"_acf_changed":false,"footnotes":""},"class_list":["post-1566","page","type-page","status-publish","hentry"],"acf":[],"yoast_head":"<!-- This site is optimized with the Yoast SEO plugin v27.4 - https:\/\/yoast.com\/product\/yoast-seo-wordpress\/ -->\n<title>Volkst\u00fcmliche Schlager in Ostdeutschland: Erbe \u2013 Identit\u00e4t \u2013 Quote - Das mediale Erbe der DDR<\/title>\n<meta name=\"robots\" content=\"index, follow, max-snippet:-1, max-image-preview:large, max-video-preview:-1\" \/>\n<link rel=\"canonical\" href=\"https:\/\/medienerbe-ddr.de\/index.php\/schlager\/\" \/>\n<meta property=\"og:locale\" content=\"de_DE\" \/>\n<meta property=\"og:type\" content=\"article\" \/>\n<meta property=\"og:title\" content=\"Volkst\u00fcmliche Schlager in Ostdeutschland: Erbe \u2013 Identit\u00e4t \u2013 Quote - Das mediale Erbe der DDR\" \/>\n<meta property=\"og:description\" content=\"Projektleitung: Prof. Dr. Frank B\u00f6sch, Dr. Christoph Classen (ZZF)&nbsp;Bearbeiter: Dr. Nikolai Okunew Seit den sp\u00e4ten 1980er Jahren ist Volksmusik im Osten Deutschlands ein Massenph\u00e4nomen. Bereits kurz vor der Wiedervereinigung hatte... Read more &raquo;\" \/>\n<meta property=\"og:url\" content=\"https:\/\/medienerbe-ddr.de\/index.php\/schlager\/\" \/>\n<meta property=\"og:site_name\" content=\"Das mediale Erbe der DDR\" \/>\n<meta property=\"article:modified_time\" content=\"2025-10-01T07:24:19+00:00\" \/>\n<meta property=\"og:image\" content=\"https:\/\/medienerbe-ddr.de\/wp-content\/uploads\/2023\/12\/vinyl-1595847_1280.jpg\" \/>\n\t<meta property=\"og:image:width\" content=\"1280\" \/>\n\t<meta property=\"og:image:height\" content=\"960\" \/>\n\t<meta property=\"og:image:type\" content=\"image\/jpeg\" \/>\n<meta name=\"twitter:card\" content=\"summary_large_image\" \/>\n<meta name=\"twitter:label1\" content=\"Gesch\u00e4tzte Lesezeit\" \/>\n\t<meta name=\"twitter:data1\" content=\"3\u00a0Minuten\" \/>\n<script type=\"application\/ld+json\" class=\"yoast-schema-graph\">{\"@context\":\"https:\\\/\\\/schema.org\",\"@graph\":[{\"@type\":\"WebPage\",\"@id\":\"https:\\\/\\\/medienerbe-ddr.de\\\/index.php\\\/schlager\\\/\",\"url\":\"https:\\\/\\\/medienerbe-ddr.de\\\/index.php\\\/schlager\\\/\",\"name\":\"Volkst\u00fcmliche Schlager in Ostdeutschland: Erbe \u2013 Identit\u00e4t \u2013 Quote - Das mediale Erbe der DDR\",\"isPartOf\":{\"@id\":\"https:\\\/\\\/medienerbe-ddr.de\\\/#website\"},\"primaryImageOfPage\":{\"@id\":\"https:\\\/\\\/medienerbe-ddr.de\\\/index.php\\\/schlager\\\/#primaryimage\"},\"image\":{\"@id\":\"https:\\\/\\\/medienerbe-ddr.de\\\/index.php\\\/schlager\\\/#primaryimage\"},\"thumbnailUrl\":\"https:\\\/\\\/medienerbe-ddr.de\\\/wp-content\\\/uploads\\\/2023\\\/12\\\/vinyl-1595847_1280.jpg\",\"datePublished\":\"2023-12-11T17:04:44+00:00\",\"dateModified\":\"2025-10-01T07:24:19+00:00\",\"breadcrumb\":{\"@id\":\"https:\\\/\\\/medienerbe-ddr.de\\\/index.php\\\/schlager\\\/#breadcrumb\"},\"inLanguage\":\"de\",\"potentialAction\":[{\"@type\":\"ReadAction\",\"target\":[\"https:\\\/\\\/medienerbe-ddr.de\\\/index.php\\\/schlager\\\/\"]}]},{\"@type\":\"ImageObject\",\"inLanguage\":\"de\",\"@id\":\"https:\\\/\\\/medienerbe-ddr.de\\\/index.php\\\/schlager\\\/#primaryimage\",\"url\":\"https:\\\/\\\/medienerbe-ddr.de\\\/wp-content\\\/uploads\\\/2023\\\/12\\\/vinyl-1595847_1280.jpg\",\"contentUrl\":\"https:\\\/\\\/medienerbe-ddr.de\\\/wp-content\\\/uploads\\\/2023\\\/12\\\/vinyl-1595847_1280.jpg\",\"width\":1280,\"height\":960},{\"@type\":\"BreadcrumbList\",\"@id\":\"https:\\\/\\\/medienerbe-ddr.de\\\/index.php\\\/schlager\\\/#breadcrumb\",\"itemListElement\":[{\"@type\":\"ListItem\",\"position\":1,\"name\":\"Startseite\",\"item\":\"https:\\\/\\\/medienerbe-ddr.de\\\/\"},{\"@type\":\"ListItem\",\"position\":2,\"name\":\"Volkst\u00fcmliche Schlager in Ostdeutschland: Erbe \u2013 Identit\u00e4t \u2013 Quote\"}]},{\"@type\":\"WebSite\",\"@id\":\"https:\\\/\\\/medienerbe-ddr.de\\\/#website\",\"url\":\"https:\\\/\\\/medienerbe-ddr.de\\\/\",\"name\":\"Das mediale Erbe der DDR\",\"description\":\"Akteure, Aneignung, Tradierung\",\"publisher\":{\"@id\":\"https:\\\/\\\/medienerbe-ddr.de\\\/#organization\"},\"potentialAction\":[{\"@type\":\"SearchAction\",\"target\":{\"@type\":\"EntryPoint\",\"urlTemplate\":\"https:\\\/\\\/medienerbe-ddr.de\\\/?s={search_term_string}\"},\"query-input\":{\"@type\":\"PropertyValueSpecification\",\"valueRequired\":true,\"valueName\":\"search_term_string\"}}],\"inLanguage\":\"de\"},{\"@type\":\"Organization\",\"@id\":\"https:\\\/\\\/medienerbe-ddr.de\\\/#organization\",\"name\":\"Forschungsverbund Das mediale Erbe der DDR\",\"url\":\"https:\\\/\\\/medienerbe-ddr.de\\\/\",\"logo\":{\"@type\":\"ImageObject\",\"inLanguage\":\"de\",\"@id\":\"https:\\\/\\\/medienerbe-ddr.de\\\/#\\\/schema\\\/logo\\\/image\\\/\",\"url\":\"https:\\\/\\\/medienerbe-ddr.de\\\/wp-content\\\/uploads\\\/2019\\\/03\\\/LogoDDR_27mm-hg-weiss.png\",\"contentUrl\":\"https:\\\/\\\/medienerbe-ddr.de\\\/wp-content\\\/uploads\\\/2019\\\/03\\\/LogoDDR_27mm-hg-weiss.png\",\"width\":319,\"height\":305,\"caption\":\"Forschungsverbund Das mediale Erbe der DDR\"},\"image\":{\"@id\":\"https:\\\/\\\/medienerbe-ddr.de\\\/#\\\/schema\\\/logo\\\/image\\\/\"}}]}<\/script>\n<!-- \/ Yoast SEO plugin. -->","yoast_head_json":{"title":"Volkst\u00fcmliche Schlager in Ostdeutschland: Erbe \u2013 Identit\u00e4t \u2013 Quote - Das mediale Erbe der DDR","robots":{"index":"index","follow":"follow","max-snippet":"max-snippet:-1","max-image-preview":"max-image-preview:large","max-video-preview":"max-video-preview:-1"},"canonical":"https:\/\/medienerbe-ddr.de\/index.php\/schlager\/","og_locale":"de_DE","og_type":"article","og_title":"Volkst\u00fcmliche Schlager in Ostdeutschland: Erbe \u2013 Identit\u00e4t \u2013 Quote - Das mediale Erbe der DDR","og_description":"Projektleitung: Prof. Dr. Frank B\u00f6sch, Dr. Christoph Classen (ZZF)&nbsp;Bearbeiter: Dr. Nikolai Okunew Seit den sp\u00e4ten 1980er Jahren ist Volksmusik im Osten Deutschlands ein Massenph\u00e4nomen. Bereits kurz vor der Wiedervereinigung hatte... Read more &raquo;","og_url":"https:\/\/medienerbe-ddr.de\/index.php\/schlager\/","og_site_name":"Das mediale Erbe der DDR","article_modified_time":"2025-10-01T07:24:19+00:00","og_image":[{"width":1280,"height":960,"url":"https:\/\/medienerbe-ddr.de\/wp-content\/uploads\/2023\/12\/vinyl-1595847_1280.jpg","type":"image\/jpeg"}],"twitter_card":"summary_large_image","twitter_misc":{"Gesch\u00e4tzte Lesezeit":"3\u00a0Minuten"},"schema":{"@context":"https:\/\/schema.org","@graph":[{"@type":"WebPage","@id":"https:\/\/medienerbe-ddr.de\/index.php\/schlager\/","url":"https:\/\/medienerbe-ddr.de\/index.php\/schlager\/","name":"Volkst\u00fcmliche Schlager in Ostdeutschland: Erbe \u2013 Identit\u00e4t \u2013 Quote - Das mediale Erbe der DDR","isPartOf":{"@id":"https:\/\/medienerbe-ddr.de\/#website"},"primaryImageOfPage":{"@id":"https:\/\/medienerbe-ddr.de\/index.php\/schlager\/#primaryimage"},"image":{"@id":"https:\/\/medienerbe-ddr.de\/index.php\/schlager\/#primaryimage"},"thumbnailUrl":"https:\/\/medienerbe-ddr.de\/wp-content\/uploads\/2023\/12\/vinyl-1595847_1280.jpg","datePublished":"2023-12-11T17:04:44+00:00","dateModified":"2025-10-01T07:24:19+00:00","breadcrumb":{"@id":"https:\/\/medienerbe-ddr.de\/index.php\/schlager\/#breadcrumb"},"inLanguage":"de","potentialAction":[{"@type":"ReadAction","target":["https:\/\/medienerbe-ddr.de\/index.php\/schlager\/"]}]},{"@type":"ImageObject","inLanguage":"de","@id":"https:\/\/medienerbe-ddr.de\/index.php\/schlager\/#primaryimage","url":"https:\/\/medienerbe-ddr.de\/wp-content\/uploads\/2023\/12\/vinyl-1595847_1280.jpg","contentUrl":"https:\/\/medienerbe-ddr.de\/wp-content\/uploads\/2023\/12\/vinyl-1595847_1280.jpg","width":1280,"height":960},{"@type":"BreadcrumbList","@id":"https:\/\/medienerbe-ddr.de\/index.php\/schlager\/#breadcrumb","itemListElement":[{"@type":"ListItem","position":1,"name":"Startseite","item":"https:\/\/medienerbe-ddr.de\/"},{"@type":"ListItem","position":2,"name":"Volkst\u00fcmliche Schlager in Ostdeutschland: Erbe \u2013 Identit\u00e4t \u2013 Quote"}]},{"@type":"WebSite","@id":"https:\/\/medienerbe-ddr.de\/#website","url":"https:\/\/medienerbe-ddr.de\/","name":"Das mediale Erbe der DDR","description":"Akteure, Aneignung, Tradierung","publisher":{"@id":"https:\/\/medienerbe-ddr.de\/#organization"},"potentialAction":[{"@type":"SearchAction","target":{"@type":"EntryPoint","urlTemplate":"https:\/\/medienerbe-ddr.de\/?s={search_term_string}"},"query-input":{"@type":"PropertyValueSpecification","valueRequired":true,"valueName":"search_term_string"}}],"inLanguage":"de"},{"@type":"Organization","@id":"https:\/\/medienerbe-ddr.de\/#organization","name":"Forschungsverbund Das mediale Erbe der DDR","url":"https:\/\/medienerbe-ddr.de\/","logo":{"@type":"ImageObject","inLanguage":"de","@id":"https:\/\/medienerbe-ddr.de\/#\/schema\/logo\/image\/","url":"https:\/\/medienerbe-ddr.de\/wp-content\/uploads\/2019\/03\/LogoDDR_27mm-hg-weiss.png","contentUrl":"https:\/\/medienerbe-ddr.de\/wp-content\/uploads\/2019\/03\/LogoDDR_27mm-hg-weiss.png","width":319,"height":305,"caption":"Forschungsverbund Das mediale Erbe der DDR"},"image":{"@id":"https:\/\/medienerbe-ddr.de\/#\/schema\/logo\/image\/"}}]}},"_links":{"self":[{"href":"https:\/\/medienerbe-ddr.de\/index.php\/wp-json\/wp\/v2\/pages\/1566","targetHints":{"allow":["GET"]}}],"collection":[{"href":"https:\/\/medienerbe-ddr.de\/index.php\/wp-json\/wp\/v2\/pages"}],"about":[{"href":"https:\/\/medienerbe-ddr.de\/index.php\/wp-json\/wp\/v2\/types\/page"}],"author":[{"embeddable":true,"href":"https:\/\/medienerbe-ddr.de\/index.php\/wp-json\/wp\/v2\/users\/4"}],"replies":[{"embeddable":true,"href":"https:\/\/medienerbe-ddr.de\/index.php\/wp-json\/wp\/v2\/comments?post=1566"}],"version-history":[{"count":3,"href":"https:\/\/medienerbe-ddr.de\/index.php\/wp-json\/wp\/v2\/pages\/1566\/revisions"}],"predecessor-version":[{"id":1734,"href":"https:\/\/medienerbe-ddr.de\/index.php\/wp-json\/wp\/v2\/pages\/1566\/revisions\/1734"}],"wp:attachment":[{"href":"https:\/\/medienerbe-ddr.de\/index.php\/wp-json\/wp\/v2\/media?parent=1566"}],"curies":[{"name":"wp","href":"https:\/\/api.w.org\/{rel}","templated":true}]}}