{"id":1520,"date":"2023-12-08T11:37:51","date_gmt":"2023-12-08T10:37:51","guid":{"rendered":"https:\/\/medienerbe-ddr.de\/?page_id=1520"},"modified":"2023-12-11T15:20:49","modified_gmt":"2023-12-11T14:20:49","slug":"medienskepsis","status":"publish","type":"page","link":"https:\/\/medienerbe-ddr.de\/index.php\/medienskepsis\/","title":{"rendered":"Ostdeutsche Medienskepsis \u2013 ein mediales Erbe der DDR?"},"content":{"rendered":"\n<p><em>Projektleitung: Prof. Dr. Michael Meyen (LMU)<br>Bearbeiter: Lukas Friedrich<\/em><\/p>\n\n\n\n<div class=\"wp-block-cover aligncenter is-light has-custom-content-position is-position-bottom-right\"><span aria-hidden=\"true\" class=\"wp-block-cover__background has-background-dim-0 has-background-dim\"><\/span><img loading=\"lazy\" decoding=\"async\" width=\"1024\" height=\"768\" class=\"wp-block-cover__image-background wp-image-1525\" alt=\"\" src=\"https:\/\/medienerbe-ddr.de\/wp-content\/uploads\/2023\/12\/news-1172463_1280-1024x768.jpg\" data-object-fit=\"cover\" srcset=\"https:\/\/medienerbe-ddr.de\/wp-content\/uploads\/2023\/12\/news-1172463_1280-1024x768.jpg 1024w, https:\/\/medienerbe-ddr.de\/wp-content\/uploads\/2023\/12\/news-1172463_1280-300x225.jpg 300w, https:\/\/medienerbe-ddr.de\/wp-content\/uploads\/2023\/12\/news-1172463_1280-768x576.jpg 768w, https:\/\/medienerbe-ddr.de\/wp-content\/uploads\/2023\/12\/news-1172463_1280-624x468.jpg 624w, https:\/\/medienerbe-ddr.de\/wp-content\/uploads\/2023\/12\/news-1172463_1280-240x180.jpg 240w, https:\/\/medienerbe-ddr.de\/wp-content\/uploads\/2023\/12\/news-1172463_1280.jpg 1280w\" sizes=\"auto, (max-width: 1024px) 100vw, 1024px\" \/><div class=\"wp-block-cover__inner-container is-layout-flow wp-block-cover-is-layout-flow\">\n<p class=\"has-text-align-right has-white-color has-text-color has-link-color has-normal-font-size wp-elements-4fde5df2657f778e1606cddaa6c77d60\">Quelle: <a href=\"https:\/\/pixabay.com\/de\/users\/652234-652234\/\">652234<\/a> \/ <a href=\"https:\/\/pixabay.com\/de\/photos\/news-tageszeitung-presse-1172463\/\">Pixabay<\/a><\/p>\n<\/div><\/div>\n\n\n\n<p>Immer mehr Menschen vertrauen nicht mehr darauf, dass Medien gesellschaftliche Realit\u00e4ten abbilden, sondern vermuten, dass Nachrichten l\u00fcckenhaft, im Sinne der Regierung oder sogar verf\u00e4lscht wiedergegeben werden, ein wachsender Teil der Bev\u00f6lkerung f\u00fchlt sich nicht mehr repr\u00e4sentiert (infratest dimap 2020, K\u00f6hler 2016, Kr\u00fcger\/Seiffert-Brockmann 2018, Schultz et al. 2017, Teusch 2018). Die &#8222;L\u00fcgenpresse&#8220;-Debatte erreichte in der Fl\u00fcchtlingskrise 2015 einen H\u00f6hepunkt, flachte dann ab und gewann mit Corona wieder an Dynamik. Wie 2015 waren Protest und Medienkritik in Ostdeutschland st\u00e4rker als im Westen (Grande et al. 2021: 11-12). Dabei wurde oft ein direkter Bezug zum Herbst 1989 hergestellt (&#8222;Okkupation des 89-Narrativs&#8220;, Bernhard 2022) und das DDR-Erbe als Vergleichs- und Bezugsgr\u00f6\u00dfe markiert. Ostdeutsche Medienschaffende begr\u00fcnden diese Skepsis mit Erfahrungen aus der DDR, wo die Medien in Herrschaftsstrukturen eingebettet waren (Kellner-Zotz\/Meyen 2022, Gutschke 2021, Conley 2014). Aber auch Ostdeutsche ohne Diktaturerfahrung vertrauen Leitmedien weniger als ihre Landsleute im Westen (Sch\u00fcler\/Niehues\/Diermeier 2021).<\/p>\n\n\n\n<p>In Studien zur Medienskepsis wurde dieser Erfahrungs- und Sozialisationszusammenhang bisher kaum beleuchtet. Vielmehr standen Politikwahrnehmung und populistische Einstellungen im Vordergrund (Baum\/Haberl 2020) oder der Einfluss verschw\u00f6rungstheoretischer Denkmuster auf Medienskepsis und Medienzynismus (Jackob et al. 2019). Das Projekt fragt deshalb, ob die ostdeutsche Medienskepsis mit Einstellungen verbunden ist, die ihren Ursprung in der Bewertung der DDR-Medien haben. Zudem soll erhoben werden, was ostdeutsche Medienskeptiker dem Journalismus konkret vorwerfen, wie sie ihre Kritik kontextualisieren oder begr\u00fcnden und wie es gelingen kann, ostdeutsche Rezipienten zur\u00fcckzugewinnen (etwa \u00fcber Ost-Quoten oder Reformen).<\/p>\n\n\n\n<p>Geplant sind Gruppendiskussionen mit etwa 40 Mediennutzern, die nach dem Prinzip der theoretischen S\u00e4ttigung ausgew\u00e4hlt werden. Kriterien sind Geschlecht, Alter, Milieu, Bildung und Beruf. Aufbauen k\u00f6nnen diese Gespr\u00e4che auf die Studie zu ostdeutschen &#8222;Medienmenschen&#8220;. Das Sample der ersten F\u00f6rderphase wird punktuell um \u00f6ffentlich agierende ostdeutsche Medienkritiker erg\u00e4nzt (etwa um den Blogger Bastian Barucker). Die Ergebnisse werden in einer Monografie und in Fachzeitschriftenaufs\u00e4tzen publiziert.<\/p>\n","protected":false},"excerpt":{"rendered":"<p>Projektleitung: Prof. Dr. Michael Meyen (LMU)Bearbeiter: Lukas Friedrich Immer mehr Menschen vertrauen nicht mehr darauf, dass Medien gesellschaftliche Realit\u00e4ten abbilden, sondern vermuten, dass Nachrichten l\u00fcckenhaft, im Sinne der Regierung oder&#8230; <a href=\"https:\/\/medienerbe-ddr.de\/index.php\/medienskepsis\/\">Read more &raquo;<\/a><\/p>\n","protected":false},"author":4,"featured_media":0,"parent":0,"menu_order":0,"comment_status":"closed","ping_status":"closed","template":"page-templates\/full-width.php","meta":{"_acf_changed":false,"footnotes":""},"class_list":["post-1520","page","type-page","status-publish","hentry"],"acf":[],"yoast_head":"<!-- This site is optimized with the Yoast SEO plugin v27.4 - https:\/\/yoast.com\/product\/yoast-seo-wordpress\/ -->\n<title>Ostdeutsche Medienskepsis \u2013 ein mediales Erbe der DDR? - Das mediale Erbe der DDR<\/title>\n<meta name=\"robots\" content=\"index, follow, max-snippet:-1, max-image-preview:large, max-video-preview:-1\" \/>\n<link rel=\"canonical\" href=\"https:\/\/medienerbe-ddr.de\/index.php\/medienskepsis\/\" \/>\n<meta property=\"og:locale\" content=\"de_DE\" \/>\n<meta property=\"og:type\" content=\"article\" \/>\n<meta property=\"og:title\" content=\"Ostdeutsche Medienskepsis \u2013 ein mediales Erbe der DDR? - Das mediale Erbe der DDR\" \/>\n<meta property=\"og:description\" content=\"Projektleitung: Prof. Dr. Michael Meyen (LMU)Bearbeiter: Lukas Friedrich Immer mehr Menschen vertrauen nicht mehr darauf, dass Medien gesellschaftliche Realit\u00e4ten abbilden, sondern vermuten, dass Nachrichten l\u00fcckenhaft, im Sinne der Regierung oder... Read more &raquo;\" \/>\n<meta property=\"og:url\" content=\"https:\/\/medienerbe-ddr.de\/index.php\/medienskepsis\/\" \/>\n<meta property=\"og:site_name\" content=\"Das mediale Erbe der DDR\" \/>\n<meta property=\"article:modified_time\" content=\"2023-12-11T14:20:49+00:00\" \/>\n<meta property=\"og:image\" content=\"https:\/\/medienerbe-ddr.de\/wp-content\/uploads\/2023\/12\/news-1172463_1280-1024x768.jpg\" \/>\n<meta name=\"twitter:card\" content=\"summary_large_image\" \/>\n<meta name=\"twitter:label1\" content=\"Gesch\u00e4tzte Lesezeit\" \/>\n\t<meta name=\"twitter:data1\" content=\"2\u00a0Minuten\" \/>\n<script type=\"application\/ld+json\" class=\"yoast-schema-graph\">{\"@context\":\"https:\\\/\\\/schema.org\",\"@graph\":[{\"@type\":\"WebPage\",\"@id\":\"https:\\\/\\\/medienerbe-ddr.de\\\/index.php\\\/medienskepsis\\\/\",\"url\":\"https:\\\/\\\/medienerbe-ddr.de\\\/index.php\\\/medienskepsis\\\/\",\"name\":\"Ostdeutsche Medienskepsis \u2013 ein mediales Erbe der DDR? - Das mediale Erbe der DDR\",\"isPartOf\":{\"@id\":\"https:\\\/\\\/medienerbe-ddr.de\\\/#website\"},\"primaryImageOfPage\":{\"@id\":\"https:\\\/\\\/medienerbe-ddr.de\\\/index.php\\\/medienskepsis\\\/#primaryimage\"},\"image\":{\"@id\":\"https:\\\/\\\/medienerbe-ddr.de\\\/index.php\\\/medienskepsis\\\/#primaryimage\"},\"thumbnailUrl\":\"https:\\\/\\\/medienerbe-ddr.de\\\/wp-content\\\/uploads\\\/2023\\\/12\\\/news-1172463_1280-1024x768.jpg\",\"datePublished\":\"2023-12-08T10:37:51+00:00\",\"dateModified\":\"2023-12-11T14:20:49+00:00\",\"breadcrumb\":{\"@id\":\"https:\\\/\\\/medienerbe-ddr.de\\\/index.php\\\/medienskepsis\\\/#breadcrumb\"},\"inLanguage\":\"de\",\"potentialAction\":[{\"@type\":\"ReadAction\",\"target\":[\"https:\\\/\\\/medienerbe-ddr.de\\\/index.php\\\/medienskepsis\\\/\"]}]},{\"@type\":\"ImageObject\",\"inLanguage\":\"de\",\"@id\":\"https:\\\/\\\/medienerbe-ddr.de\\\/index.php\\\/medienskepsis\\\/#primaryimage\",\"url\":\"https:\\\/\\\/medienerbe-ddr.de\\\/wp-content\\\/uploads\\\/2023\\\/12\\\/news-1172463_1280.jpg\",\"contentUrl\":\"https:\\\/\\\/medienerbe-ddr.de\\\/wp-content\\\/uploads\\\/2023\\\/12\\\/news-1172463_1280.jpg\",\"width\":1280,\"height\":960},{\"@type\":\"BreadcrumbList\",\"@id\":\"https:\\\/\\\/medienerbe-ddr.de\\\/index.php\\\/medienskepsis\\\/#breadcrumb\",\"itemListElement\":[{\"@type\":\"ListItem\",\"position\":1,\"name\":\"Startseite\",\"item\":\"https:\\\/\\\/medienerbe-ddr.de\\\/\"},{\"@type\":\"ListItem\",\"position\":2,\"name\":\"Ostdeutsche Medienskepsis \u2013 ein mediales Erbe der DDR?\"}]},{\"@type\":\"WebSite\",\"@id\":\"https:\\\/\\\/medienerbe-ddr.de\\\/#website\",\"url\":\"https:\\\/\\\/medienerbe-ddr.de\\\/\",\"name\":\"Das mediale Erbe der DDR\",\"description\":\"Akteure, Aneignung, Tradierung\",\"publisher\":{\"@id\":\"https:\\\/\\\/medienerbe-ddr.de\\\/#organization\"},\"potentialAction\":[{\"@type\":\"SearchAction\",\"target\":{\"@type\":\"EntryPoint\",\"urlTemplate\":\"https:\\\/\\\/medienerbe-ddr.de\\\/?s={search_term_string}\"},\"query-input\":{\"@type\":\"PropertyValueSpecification\",\"valueRequired\":true,\"valueName\":\"search_term_string\"}}],\"inLanguage\":\"de\"},{\"@type\":\"Organization\",\"@id\":\"https:\\\/\\\/medienerbe-ddr.de\\\/#organization\",\"name\":\"Forschungsverbund Das mediale Erbe der DDR\",\"url\":\"https:\\\/\\\/medienerbe-ddr.de\\\/\",\"logo\":{\"@type\":\"ImageObject\",\"inLanguage\":\"de\",\"@id\":\"https:\\\/\\\/medienerbe-ddr.de\\\/#\\\/schema\\\/logo\\\/image\\\/\",\"url\":\"https:\\\/\\\/medienerbe-ddr.de\\\/wp-content\\\/uploads\\\/2019\\\/03\\\/LogoDDR_27mm-hg-weiss.png\",\"contentUrl\":\"https:\\\/\\\/medienerbe-ddr.de\\\/wp-content\\\/uploads\\\/2019\\\/03\\\/LogoDDR_27mm-hg-weiss.png\",\"width\":319,\"height\":305,\"caption\":\"Forschungsverbund Das mediale Erbe der DDR\"},\"image\":{\"@id\":\"https:\\\/\\\/medienerbe-ddr.de\\\/#\\\/schema\\\/logo\\\/image\\\/\"}}]}<\/script>\n<!-- \/ Yoast SEO plugin. -->","yoast_head_json":{"title":"Ostdeutsche Medienskepsis \u2013 ein mediales Erbe der DDR? - Das mediale Erbe der DDR","robots":{"index":"index","follow":"follow","max-snippet":"max-snippet:-1","max-image-preview":"max-image-preview:large","max-video-preview":"max-video-preview:-1"},"canonical":"https:\/\/medienerbe-ddr.de\/index.php\/medienskepsis\/","og_locale":"de_DE","og_type":"article","og_title":"Ostdeutsche Medienskepsis \u2013 ein mediales Erbe der DDR? - Das mediale Erbe der DDR","og_description":"Projektleitung: Prof. Dr. Michael Meyen (LMU)Bearbeiter: Lukas Friedrich Immer mehr Menschen vertrauen nicht mehr darauf, dass Medien gesellschaftliche Realit\u00e4ten abbilden, sondern vermuten, dass Nachrichten l\u00fcckenhaft, im Sinne der Regierung oder... Read more &raquo;","og_url":"https:\/\/medienerbe-ddr.de\/index.php\/medienskepsis\/","og_site_name":"Das mediale Erbe der DDR","article_modified_time":"2023-12-11T14:20:49+00:00","og_image":[{"url":"https:\/\/medienerbe-ddr.de\/wp-content\/uploads\/2023\/12\/news-1172463_1280-1024x768.jpg","type":"","width":"","height":""}],"twitter_card":"summary_large_image","twitter_misc":{"Gesch\u00e4tzte Lesezeit":"2\u00a0Minuten"},"schema":{"@context":"https:\/\/schema.org","@graph":[{"@type":"WebPage","@id":"https:\/\/medienerbe-ddr.de\/index.php\/medienskepsis\/","url":"https:\/\/medienerbe-ddr.de\/index.php\/medienskepsis\/","name":"Ostdeutsche Medienskepsis \u2013 ein mediales Erbe der DDR? - Das mediale Erbe der DDR","isPartOf":{"@id":"https:\/\/medienerbe-ddr.de\/#website"},"primaryImageOfPage":{"@id":"https:\/\/medienerbe-ddr.de\/index.php\/medienskepsis\/#primaryimage"},"image":{"@id":"https:\/\/medienerbe-ddr.de\/index.php\/medienskepsis\/#primaryimage"},"thumbnailUrl":"https:\/\/medienerbe-ddr.de\/wp-content\/uploads\/2023\/12\/news-1172463_1280-1024x768.jpg","datePublished":"2023-12-08T10:37:51+00:00","dateModified":"2023-12-11T14:20:49+00:00","breadcrumb":{"@id":"https:\/\/medienerbe-ddr.de\/index.php\/medienskepsis\/#breadcrumb"},"inLanguage":"de","potentialAction":[{"@type":"ReadAction","target":["https:\/\/medienerbe-ddr.de\/index.php\/medienskepsis\/"]}]},{"@type":"ImageObject","inLanguage":"de","@id":"https:\/\/medienerbe-ddr.de\/index.php\/medienskepsis\/#primaryimage","url":"https:\/\/medienerbe-ddr.de\/wp-content\/uploads\/2023\/12\/news-1172463_1280.jpg","contentUrl":"https:\/\/medienerbe-ddr.de\/wp-content\/uploads\/2023\/12\/news-1172463_1280.jpg","width":1280,"height":960},{"@type":"BreadcrumbList","@id":"https:\/\/medienerbe-ddr.de\/index.php\/medienskepsis\/#breadcrumb","itemListElement":[{"@type":"ListItem","position":1,"name":"Startseite","item":"https:\/\/medienerbe-ddr.de\/"},{"@type":"ListItem","position":2,"name":"Ostdeutsche Medienskepsis \u2013 ein mediales Erbe der DDR?"}]},{"@type":"WebSite","@id":"https:\/\/medienerbe-ddr.de\/#website","url":"https:\/\/medienerbe-ddr.de\/","name":"Das mediale Erbe der DDR","description":"Akteure, Aneignung, Tradierung","publisher":{"@id":"https:\/\/medienerbe-ddr.de\/#organization"},"potentialAction":[{"@type":"SearchAction","target":{"@type":"EntryPoint","urlTemplate":"https:\/\/medienerbe-ddr.de\/?s={search_term_string}"},"query-input":{"@type":"PropertyValueSpecification","valueRequired":true,"valueName":"search_term_string"}}],"inLanguage":"de"},{"@type":"Organization","@id":"https:\/\/medienerbe-ddr.de\/#organization","name":"Forschungsverbund Das mediale Erbe der DDR","url":"https:\/\/medienerbe-ddr.de\/","logo":{"@type":"ImageObject","inLanguage":"de","@id":"https:\/\/medienerbe-ddr.de\/#\/schema\/logo\/image\/","url":"https:\/\/medienerbe-ddr.de\/wp-content\/uploads\/2019\/03\/LogoDDR_27mm-hg-weiss.png","contentUrl":"https:\/\/medienerbe-ddr.de\/wp-content\/uploads\/2019\/03\/LogoDDR_27mm-hg-weiss.png","width":319,"height":305,"caption":"Forschungsverbund Das mediale Erbe der DDR"},"image":{"@id":"https:\/\/medienerbe-ddr.de\/#\/schema\/logo\/image\/"}}]}},"_links":{"self":[{"href":"https:\/\/medienerbe-ddr.de\/index.php\/wp-json\/wp\/v2\/pages\/1520","targetHints":{"allow":["GET"]}}],"collection":[{"href":"https:\/\/medienerbe-ddr.de\/index.php\/wp-json\/wp\/v2\/pages"}],"about":[{"href":"https:\/\/medienerbe-ddr.de\/index.php\/wp-json\/wp\/v2\/types\/page"}],"author":[{"embeddable":true,"href":"https:\/\/medienerbe-ddr.de\/index.php\/wp-json\/wp\/v2\/users\/4"}],"replies":[{"embeddable":true,"href":"https:\/\/medienerbe-ddr.de\/index.php\/wp-json\/wp\/v2\/comments?post=1520"}],"version-history":[{"count":8,"href":"https:\/\/medienerbe-ddr.de\/index.php\/wp-json\/wp\/v2\/pages\/1520\/revisions"}],"predecessor-version":[{"id":1551,"href":"https:\/\/medienerbe-ddr.de\/index.php\/wp-json\/wp\/v2\/pages\/1520\/revisions\/1551"}],"wp:attachment":[{"href":"https:\/\/medienerbe-ddr.de\/index.php\/wp-json\/wp\/v2\/media?parent=1520"}],"curies":[{"name":"wp","href":"https:\/\/api.w.org\/{rel}","templated":true}]}}