{"id":1486,"date":"2023-10-30T08:33:43","date_gmt":"2023-10-30T07:33:43","guid":{"rendered":"https:\/\/medienerbe-ddr.de\/?page_id=1486"},"modified":"2025-10-01T08:34:06","modified_gmt":"2025-10-01T07:34:06","slug":"bilder-des-umbruchs","status":"publish","type":"page","link":"https:\/\/medienerbe-ddr.de\/index.php\/bilder-des-umbruchs\/","title":{"rendered":"Bilder des Umbruchs 1985 \u2013 1995"},"content":{"rendered":"\n<p><em>Projektleitung: Prof. Dr. Frank B\u00f6sch, Prof. Dr. Annette Vowinckel (ZZF)<br>Bearbeiterinnen: Dr. Isabel Enzenbach, Dr. Anja Tack<\/em><\/p>\n\n\n\n<div class=\"wp-block-cover aligncenter has-custom-content-position is-position-bottom-right\"><img loading=\"lazy\" decoding=\"async\" width=\"1024\" height=\"683\" class=\"wp-block-cover__image-background wp-image-1488\" alt=\"\" src=\"https:\/\/medienerbe-ddr.de\/wp-content\/uploads\/2023\/10\/C2_Umbruchsbilder-1024x683.jpg\" data-object-fit=\"cover\" srcset=\"https:\/\/medienerbe-ddr.de\/wp-content\/uploads\/2023\/10\/C2_Umbruchsbilder-1024x683.jpg 1024w, https:\/\/medienerbe-ddr.de\/wp-content\/uploads\/2023\/10\/C2_Umbruchsbilder-300x200.jpg 300w, https:\/\/medienerbe-ddr.de\/wp-content\/uploads\/2023\/10\/C2_Umbruchsbilder-768x512.jpg 768w, https:\/\/medienerbe-ddr.de\/wp-content\/uploads\/2023\/10\/C2_Umbruchsbilder-1536x1024.jpg 1536w, https:\/\/medienerbe-ddr.de\/wp-content\/uploads\/2023\/10\/C2_Umbruchsbilder-2048x1365.jpg 2048w, https:\/\/medienerbe-ddr.de\/wp-content\/uploads\/2023\/10\/C2_Umbruchsbilder-624x416.jpg 624w\" sizes=\"auto, (max-width: 1024px) 100vw, 1024px\" \/><span aria-hidden=\"true\" class=\"wp-block-cover__background has-background-dim-0 has-background-dim\"><\/span><div class=\"wp-block-cover__inner-container is-layout-flow wp-block-cover-is-layout-flow\">\n<p class=\"has-text-align-right has-normal-font-size\">Foto: Sandra Starke<\/p>\n<\/div><\/div>\n\n\n\n<p>Ostdeutsche Autorenfotograf*innen sind selbst Teil des politischen Umbruchs und des gesellschaftlichen Transformationsprozesses, den sie visuell begleiteten. Ihre Auftrags- und Ver\u00f6ffentlichungsbedingungen \u00e4nderten sich w\u00e4hrenddessen fundamental, ihre Motive und Themen passten sich den neuen Lebens- und Arbeitsbedingungen der Bev\u00f6lkerung an. W\u00e4hrend noch in den 80er Jahren beispielsweise die Brigade des Industriebetriebs als zentrales Motiv einer \u201earbeiterlichen Identit\u00e4t\u201c (Wolfgang Engler) der Gesellschaft verbreitet wird, pr\u00e4gten nur wenige Jahre sp\u00e4ter die gro\u00dfen Werksschlie\u00dfungen und Massenentlassungen in den Neuen Bundesl\u00e4ndern das Bild der Arbeit. Wie wurden diese Ver\u00e4nderungen von den Fotografen aufgenommen und rezipiert?<\/p>\n\n\n\n<p>Das geplante Forschungsprojekt untersucht, wie die Transformationszeit in der Fotografie der DDR und sp\u00e4ter in den Neuen L\u00e4ndern dargestellt wird. Die \u201eWende\u201c wird in diesem Projekt nicht auf die Jahre 1989 und 1990 begrenzt verstanden, sondern orientiert sich am Begriff einer \u201eLangen Geschichte der Wende\u201c (Kerstin Br\u00fcckweh u. A.), die l\u00e4ngerfristige Entwicklungen in den Blick nimmt. Gefragt wird also einerseits nach Kontinuit\u00e4ten und Br\u00fcchen im visuellen Erbe der DDR und andererseits ganz konkret nach den institutionellen \u201eAgenten der Bilder\u201c (Annette Vowinckel), den Entstehungs- und Ver\u00f6ffentlichungskontexten der Fotos, die sich selbst im Umbruch befinden.<\/p>\n\n\n\n<p>Als Quellen der Forschung bieten sich drei zentrale \u201eAgenten\u201c an: erstens die Fachzeitschrift Fotografie, die bis 1991 herausgegeben wurde, zweitens der einzigen Ausbildungsst\u00e4tte f\u00fcr Diplomfotografie der DDR, der Hochschule f\u00fcr Grafik und Buchkunst Leipzig (HGB) und drittens der Bildagentur Ostkreuz, die 1990 als \u201e\u00dcberlebensprojekt\u201c von zun\u00e4chst sieben Fotografen gegr\u00fcndet wurde, die weiterhin als Autorenfotograf*innen arbeiteten und sich gleichzeitig im neuen Mediengesch\u00e4ft behaupten wollten. <strong><\/strong><\/p>\n\n\n\n<h2 class=\"wp-block-heading\">Publikationen<\/h2>\n\n\n\n<ul class=\"wp-block-list\">\n<li>Anja Tack: \u201eDas Ende der DDR ist nicht das Ende der Bilder\u201c. Eine Publikation zeigt bekannte und unbekannte Fotografien der sp\u00e4ten DDR. [Rezension des Kataloges \u201eAn den R\u00e4ndern taumelt das Gl\u00fcck\u201c. Die sp\u00e4te DDR in der Fotografie, hg. von Annett Jahn und Ulrike M\u00f6nnig, Weimar 2025.]\u00a0In:\u00a0<em>Visual History<\/em> (17.06.2025),\u00a0<a href=\"https:\/\/visual-history.de\/2025\/06\/17\/tack-das-ende-der-ddr-ist-nicht-das-ende-der-bilder\/\">https:\/\/visual-history.de\/2025\/06\/17\/tack-das-ende-der-ddr-ist-nicht-das-ende-der-bilder\/<\/a><\/li>\n<\/ul>\n","protected":false},"excerpt":{"rendered":"<p>Projektleitung: Prof. Dr. Frank B\u00f6sch, Prof. Dr. Annette Vowinckel (ZZF)Bearbeiterinnen: Dr. Isabel Enzenbach, Dr. Anja Tack Ostdeutsche Autorenfotograf*innen sind selbst Teil des politischen Umbruchs und des gesellschaftlichen Transformationsprozesses, den sie&#8230; <a href=\"https:\/\/medienerbe-ddr.de\/index.php\/bilder-des-umbruchs\/\">Read more &raquo;<\/a><\/p>\n","protected":false},"author":4,"featured_media":0,"parent":0,"menu_order":0,"comment_status":"closed","ping_status":"closed","template":"page-templates\/full-width.php","meta":{"_acf_changed":false,"footnotes":""},"class_list":["post-1486","page","type-page","status-publish","hentry"],"acf":[],"yoast_head":"<!-- This site is optimized with the Yoast SEO plugin v27.2 - https:\/\/yoast.com\/product\/yoast-seo-wordpress\/ -->\n<title>Bilder des Umbruchs 1985 \u2013 1995 - Das mediale Erbe der DDR<\/title>\n<meta name=\"robots\" content=\"index, follow, max-snippet:-1, max-image-preview:large, max-video-preview:-1\" \/>\n<link rel=\"canonical\" href=\"https:\/\/medienerbe-ddr.de\/index.php\/bilder-des-umbruchs\/\" \/>\n<meta property=\"og:locale\" content=\"de_DE\" \/>\n<meta property=\"og:type\" content=\"article\" \/>\n<meta property=\"og:title\" content=\"Bilder des Umbruchs 1985 \u2013 1995 - Das mediale Erbe der DDR\" \/>\n<meta property=\"og:description\" content=\"Projektleitung: Prof. Dr. Frank B\u00f6sch, Prof. Dr. Annette Vowinckel (ZZF)Bearbeiterinnen: Dr. Isabel Enzenbach, Dr. Anja Tack Ostdeutsche Autorenfotograf*innen sind selbst Teil des politischen Umbruchs und des gesellschaftlichen Transformationsprozesses, den sie... Read more &raquo;\" \/>\n<meta property=\"og:url\" content=\"https:\/\/medienerbe-ddr.de\/index.php\/bilder-des-umbruchs\/\" \/>\n<meta property=\"og:site_name\" content=\"Das mediale Erbe der DDR\" \/>\n<meta property=\"article:modified_time\" content=\"2025-10-01T07:34:06+00:00\" \/>\n<meta property=\"og:image\" content=\"https:\/\/medienerbe-ddr.de\/wp-content\/uploads\/2023\/10\/C2_Umbruchsbilder-scaled.jpg\" \/>\n\t<meta property=\"og:image:width\" content=\"2560\" \/>\n\t<meta property=\"og:image:height\" content=\"1707\" \/>\n\t<meta property=\"og:image:type\" content=\"image\/jpeg\" \/>\n<meta name=\"twitter:card\" content=\"summary_large_image\" \/>\n<meta name=\"twitter:label1\" content=\"Gesch\u00e4tzte Lesezeit\" \/>\n\t<meta name=\"twitter:data1\" content=\"2\u00a0Minuten\" \/>\n<script type=\"application\/ld+json\" class=\"yoast-schema-graph\">{\"@context\":\"https:\/\/schema.org\",\"@graph\":[{\"@type\":\"WebPage\",\"@id\":\"https:\/\/medienerbe-ddr.de\/index.php\/bilder-des-umbruchs\/\",\"url\":\"https:\/\/medienerbe-ddr.de\/index.php\/bilder-des-umbruchs\/\",\"name\":\"Bilder des Umbruchs 1985 \u2013 1995 - Das mediale Erbe der DDR\",\"isPartOf\":{\"@id\":\"https:\/\/medienerbe-ddr.de\/#website\"},\"primaryImageOfPage\":{\"@id\":\"https:\/\/medienerbe-ddr.de\/index.php\/bilder-des-umbruchs\/#primaryimage\"},\"image\":{\"@id\":\"https:\/\/medienerbe-ddr.de\/index.php\/bilder-des-umbruchs\/#primaryimage\"},\"thumbnailUrl\":\"https:\/\/medienerbe-ddr.de\/wp-content\/uploads\/2023\/10\/C2_Umbruchsbilder-1024x683.jpg\",\"datePublished\":\"2023-10-30T07:33:43+00:00\",\"dateModified\":\"2025-10-01T07:34:06+00:00\",\"breadcrumb\":{\"@id\":\"https:\/\/medienerbe-ddr.de\/index.php\/bilder-des-umbruchs\/#breadcrumb\"},\"inLanguage\":\"de\",\"potentialAction\":[{\"@type\":\"ReadAction\",\"target\":[\"https:\/\/medienerbe-ddr.de\/index.php\/bilder-des-umbruchs\/\"]}]},{\"@type\":\"ImageObject\",\"inLanguage\":\"de\",\"@id\":\"https:\/\/medienerbe-ddr.de\/index.php\/bilder-des-umbruchs\/#primaryimage\",\"url\":\"https:\/\/medienerbe-ddr.de\/wp-content\/uploads\/2023\/10\/C2_Umbruchsbilder-scaled.jpg\",\"contentUrl\":\"https:\/\/medienerbe-ddr.de\/wp-content\/uploads\/2023\/10\/C2_Umbruchsbilder-scaled.jpg\",\"width\":2560,\"height\":1707},{\"@type\":\"BreadcrumbList\",\"@id\":\"https:\/\/medienerbe-ddr.de\/index.php\/bilder-des-umbruchs\/#breadcrumb\",\"itemListElement\":[{\"@type\":\"ListItem\",\"position\":1,\"name\":\"Startseite\",\"item\":\"https:\/\/medienerbe-ddr.de\/\"},{\"@type\":\"ListItem\",\"position\":2,\"name\":\"Bilder des Umbruchs 1985 \u2013 1995\"}]},{\"@type\":\"WebSite\",\"@id\":\"https:\/\/medienerbe-ddr.de\/#website\",\"url\":\"https:\/\/medienerbe-ddr.de\/\",\"name\":\"Das mediale Erbe der DDR\",\"description\":\"Akteure, Aneignung, Tradierung\",\"publisher\":{\"@id\":\"https:\/\/medienerbe-ddr.de\/#organization\"},\"potentialAction\":[{\"@type\":\"SearchAction\",\"target\":{\"@type\":\"EntryPoint\",\"urlTemplate\":\"https:\/\/medienerbe-ddr.de\/?s={search_term_string}\"},\"query-input\":{\"@type\":\"PropertyValueSpecification\",\"valueRequired\":true,\"valueName\":\"search_term_string\"}}],\"inLanguage\":\"de\"},{\"@type\":\"Organization\",\"@id\":\"https:\/\/medienerbe-ddr.de\/#organization\",\"name\":\"Forschungsverbund Das mediale Erbe der DDR\",\"url\":\"https:\/\/medienerbe-ddr.de\/\",\"logo\":{\"@type\":\"ImageObject\",\"inLanguage\":\"de\",\"@id\":\"https:\/\/medienerbe-ddr.de\/#\/schema\/logo\/image\/\",\"url\":\"https:\/\/medienerbe-ddr.de\/wp-content\/uploads\/2019\/03\/LogoDDR_27mm-hg-weiss.png\",\"contentUrl\":\"https:\/\/medienerbe-ddr.de\/wp-content\/uploads\/2019\/03\/LogoDDR_27mm-hg-weiss.png\",\"width\":319,\"height\":305,\"caption\":\"Forschungsverbund Das mediale Erbe der DDR\"},\"image\":{\"@id\":\"https:\/\/medienerbe-ddr.de\/#\/schema\/logo\/image\/\"}}]}<\/script>\n<!-- \/ Yoast SEO plugin. -->","yoast_head_json":{"title":"Bilder des Umbruchs 1985 \u2013 1995 - Das mediale Erbe der DDR","robots":{"index":"index","follow":"follow","max-snippet":"max-snippet:-1","max-image-preview":"max-image-preview:large","max-video-preview":"max-video-preview:-1"},"canonical":"https:\/\/medienerbe-ddr.de\/index.php\/bilder-des-umbruchs\/","og_locale":"de_DE","og_type":"article","og_title":"Bilder des Umbruchs 1985 \u2013 1995 - Das mediale Erbe der DDR","og_description":"Projektleitung: Prof. Dr. Frank B\u00f6sch, Prof. Dr. Annette Vowinckel (ZZF)Bearbeiterinnen: Dr. Isabel Enzenbach, Dr. Anja Tack Ostdeutsche Autorenfotograf*innen sind selbst Teil des politischen Umbruchs und des gesellschaftlichen Transformationsprozesses, den sie... Read more &raquo;","og_url":"https:\/\/medienerbe-ddr.de\/index.php\/bilder-des-umbruchs\/","og_site_name":"Das mediale Erbe der DDR","article_modified_time":"2025-10-01T07:34:06+00:00","og_image":[{"width":2560,"height":1707,"url":"https:\/\/medienerbe-ddr.de\/wp-content\/uploads\/2023\/10\/C2_Umbruchsbilder-scaled.jpg","type":"image\/jpeg"}],"twitter_card":"summary_large_image","twitter_misc":{"Gesch\u00e4tzte Lesezeit":"2\u00a0Minuten"},"schema":{"@context":"https:\/\/schema.org","@graph":[{"@type":"WebPage","@id":"https:\/\/medienerbe-ddr.de\/index.php\/bilder-des-umbruchs\/","url":"https:\/\/medienerbe-ddr.de\/index.php\/bilder-des-umbruchs\/","name":"Bilder des Umbruchs 1985 \u2013 1995 - Das mediale Erbe der DDR","isPartOf":{"@id":"https:\/\/medienerbe-ddr.de\/#website"},"primaryImageOfPage":{"@id":"https:\/\/medienerbe-ddr.de\/index.php\/bilder-des-umbruchs\/#primaryimage"},"image":{"@id":"https:\/\/medienerbe-ddr.de\/index.php\/bilder-des-umbruchs\/#primaryimage"},"thumbnailUrl":"https:\/\/medienerbe-ddr.de\/wp-content\/uploads\/2023\/10\/C2_Umbruchsbilder-1024x683.jpg","datePublished":"2023-10-30T07:33:43+00:00","dateModified":"2025-10-01T07:34:06+00:00","breadcrumb":{"@id":"https:\/\/medienerbe-ddr.de\/index.php\/bilder-des-umbruchs\/#breadcrumb"},"inLanguage":"de","potentialAction":[{"@type":"ReadAction","target":["https:\/\/medienerbe-ddr.de\/index.php\/bilder-des-umbruchs\/"]}]},{"@type":"ImageObject","inLanguage":"de","@id":"https:\/\/medienerbe-ddr.de\/index.php\/bilder-des-umbruchs\/#primaryimage","url":"https:\/\/medienerbe-ddr.de\/wp-content\/uploads\/2023\/10\/C2_Umbruchsbilder-scaled.jpg","contentUrl":"https:\/\/medienerbe-ddr.de\/wp-content\/uploads\/2023\/10\/C2_Umbruchsbilder-scaled.jpg","width":2560,"height":1707},{"@type":"BreadcrumbList","@id":"https:\/\/medienerbe-ddr.de\/index.php\/bilder-des-umbruchs\/#breadcrumb","itemListElement":[{"@type":"ListItem","position":1,"name":"Startseite","item":"https:\/\/medienerbe-ddr.de\/"},{"@type":"ListItem","position":2,"name":"Bilder des Umbruchs 1985 \u2013 1995"}]},{"@type":"WebSite","@id":"https:\/\/medienerbe-ddr.de\/#website","url":"https:\/\/medienerbe-ddr.de\/","name":"Das mediale Erbe der DDR","description":"Akteure, Aneignung, Tradierung","publisher":{"@id":"https:\/\/medienerbe-ddr.de\/#organization"},"potentialAction":[{"@type":"SearchAction","target":{"@type":"EntryPoint","urlTemplate":"https:\/\/medienerbe-ddr.de\/?s={search_term_string}"},"query-input":{"@type":"PropertyValueSpecification","valueRequired":true,"valueName":"search_term_string"}}],"inLanguage":"de"},{"@type":"Organization","@id":"https:\/\/medienerbe-ddr.de\/#organization","name":"Forschungsverbund Das mediale Erbe der DDR","url":"https:\/\/medienerbe-ddr.de\/","logo":{"@type":"ImageObject","inLanguage":"de","@id":"https:\/\/medienerbe-ddr.de\/#\/schema\/logo\/image\/","url":"https:\/\/medienerbe-ddr.de\/wp-content\/uploads\/2019\/03\/LogoDDR_27mm-hg-weiss.png","contentUrl":"https:\/\/medienerbe-ddr.de\/wp-content\/uploads\/2019\/03\/LogoDDR_27mm-hg-weiss.png","width":319,"height":305,"caption":"Forschungsverbund Das mediale Erbe der DDR"},"image":{"@id":"https:\/\/medienerbe-ddr.de\/#\/schema\/logo\/image\/"}}]}},"_links":{"self":[{"href":"https:\/\/medienerbe-ddr.de\/index.php\/wp-json\/wp\/v2\/pages\/1486","targetHints":{"allow":["GET"]}}],"collection":[{"href":"https:\/\/medienerbe-ddr.de\/index.php\/wp-json\/wp\/v2\/pages"}],"about":[{"href":"https:\/\/medienerbe-ddr.de\/index.php\/wp-json\/wp\/v2\/types\/page"}],"author":[{"embeddable":true,"href":"https:\/\/medienerbe-ddr.de\/index.php\/wp-json\/wp\/v2\/users\/4"}],"replies":[{"embeddable":true,"href":"https:\/\/medienerbe-ddr.de\/index.php\/wp-json\/wp\/v2\/comments?post=1486"}],"version-history":[{"count":6,"href":"https:\/\/medienerbe-ddr.de\/index.php\/wp-json\/wp\/v2\/pages\/1486\/revisions"}],"predecessor-version":[{"id":1738,"href":"https:\/\/medienerbe-ddr.de\/index.php\/wp-json\/wp\/v2\/pages\/1486\/revisions\/1738"}],"wp:attachment":[{"href":"https:\/\/medienerbe-ddr.de\/index.php\/wp-json\/wp\/v2\/media?parent=1486"}],"curies":[{"name":"wp","href":"https:\/\/api.w.org\/{rel}","templated":true}]}}