{"id":1397,"date":"2023-10-10T13:33:04","date_gmt":"2023-10-10T12:33:04","guid":{"rendered":"https:\/\/medienerbe-ddr.de\/?page_id=1397"},"modified":"2024-12-19T11:44:46","modified_gmt":"2024-12-19T10:44:46","slug":"das-mediale-erbe-der-ddr-ii","status":"publish","type":"page","link":"https:\/\/medienerbe-ddr.de\/","title":{"rendered":"Das Mediale Erbe der DDR II"},"content":{"rendered":"\n<h1 class=\"wp-block-heading has-text-align-center\"><strong><a href=\"https:\/\/medienerbe-ddr.de\/index.php\/2024\/12\/19\/abschlusstagung-20-21-februar-2025-in-berlin\/\">Abschlusstagung des Forschungsverbundes<\/a><\/strong><\/h1>\n\n\n\n<p class=\"has-text-align-center\">20. \u2013 21. Februar 2025<br>Bundesstiftung zur Aufarbeitung der SED-Diktatur<br>Kronenstra\u00dfe 5 \u2022 10117 Berlin<\/p>\n\n\n\n<figure class=\"wp-block-gallery alignwide has-nested-images columns-default is-cropped wp-block-gallery-1 is-layout-flex wp-block-gallery-is-layout-flex\">\n<figure class=\"wp-block-image size-full\"><a href=\"https:\/\/medienerbe-ddr.de\/index.php\/medienskepsis\/\"><img loading=\"lazy\" decoding=\"async\" width=\"1280\" height=\"960\" data-id=\"1525\" src=\"https:\/\/medienerbe-ddr.de\/wp-content\/uploads\/2023\/12\/news-1172463_1280.jpg\" alt=\"\" class=\"wp-image-1525\" srcset=\"https:\/\/medienerbe-ddr.de\/wp-content\/uploads\/2023\/12\/news-1172463_1280.jpg 1280w, https:\/\/medienerbe-ddr.de\/wp-content\/uploads\/2023\/12\/news-1172463_1280-300x225.jpg 300w, https:\/\/medienerbe-ddr.de\/wp-content\/uploads\/2023\/12\/news-1172463_1280-1024x768.jpg 1024w, https:\/\/medienerbe-ddr.de\/wp-content\/uploads\/2023\/12\/news-1172463_1280-768x576.jpg 768w, https:\/\/medienerbe-ddr.de\/wp-content\/uploads\/2023\/12\/news-1172463_1280-624x468.jpg 624w, https:\/\/medienerbe-ddr.de\/wp-content\/uploads\/2023\/12\/news-1172463_1280-240x180.jpg 240w\" sizes=\"auto, (max-width: 1280px) 100vw, 1280px\" \/><\/a><figcaption class=\"wp-element-caption\">Medienskepsis<\/figcaption><\/figure>\n\n\n\n<figure class=\"wp-block-image size-full\"><a href=\"https:\/\/medienerbe-ddr.de\/index.php\/berliner-zeitung\/\"><img loading=\"lazy\" decoding=\"async\" width=\"750\" height=\"600\" data-id=\"1475\" src=\"https:\/\/medienerbe-ddr.de\/wp-content\/uploads\/2023\/10\/Berliner-Zeitung.jpg\" alt=\"\" class=\"wp-image-1475\" srcset=\"https:\/\/medienerbe-ddr.de\/wp-content\/uploads\/2023\/10\/Berliner-Zeitung.jpg 750w, https:\/\/medienerbe-ddr.de\/wp-content\/uploads\/2023\/10\/Berliner-Zeitung-300x240.jpg 300w, https:\/\/medienerbe-ddr.de\/wp-content\/uploads\/2023\/10\/Berliner-Zeitung-624x499.jpg 624w\" sizes=\"auto, (max-width: 750px) 100vw, 750px\" \/><\/a><figcaption class=\"wp-element-caption\">Berliner Zeitung<\/figcaption><\/figure>\n\n\n\n<figure class=\"wp-block-image size-large\"><a href=\"https:\/\/medienerbe-ddr.de\/index.php\/ddr-im-film-ii\/\"><img loading=\"lazy\" decoding=\"async\" width=\"1024\" height=\"748\" data-id=\"1404\" src=\"https:\/\/medienerbe-ddr.de\/wp-content\/uploads\/2023\/10\/C1-II-1024x748.jpg\" alt=\"\" class=\"wp-image-1404\" srcset=\"https:\/\/medienerbe-ddr.de\/wp-content\/uploads\/2023\/10\/C1-II-1024x748.jpg 1024w, https:\/\/medienerbe-ddr.de\/wp-content\/uploads\/2023\/10\/C1-II-300x219.jpg 300w, https:\/\/medienerbe-ddr.de\/wp-content\/uploads\/2023\/10\/C1-II-768x561.jpg 768w, https:\/\/medienerbe-ddr.de\/wp-content\/uploads\/2023\/10\/C1-II-1536x1122.jpg 1536w, https:\/\/medienerbe-ddr.de\/wp-content\/uploads\/2023\/10\/C1-II-624x456.jpg 624w, https:\/\/medienerbe-ddr.de\/wp-content\/uploads\/2023\/10\/C1-II.jpg 1549w\" sizes=\"auto, (max-width: 1024px) 100vw, 1024px\" \/><\/a><figcaption class=\"wp-element-caption\">DDR im Film<\/figcaption><\/figure>\n\n\n\n<figure class=\"wp-block-image size-full\"><a href=\"https:\/\/medienerbe-ddr.de\/index.php\/museumspraxis\/\"><img loading=\"lazy\" decoding=\"async\" width=\"800\" height=\"533\" data-id=\"142\" src=\"https:\/\/medienerbe-ddr.de\/wp-content\/uploads\/2019\/02\/B4.1-1.png\" alt=\"\" class=\"wp-image-142\" srcset=\"https:\/\/medienerbe-ddr.de\/wp-content\/uploads\/2019\/02\/B4.1-1.png 800w, https:\/\/medienerbe-ddr.de\/wp-content\/uploads\/2019\/02\/B4.1-1-300x200.png 300w, https:\/\/medienerbe-ddr.de\/wp-content\/uploads\/2019\/02\/B4.1-1-768x512.png 768w\" sizes=\"auto, (max-width: 800px) 100vw, 800px\" \/><\/a><figcaption class=\"wp-element-caption\">Museumspraxis<\/figcaption><\/figure>\n\n\n\n<figure class=\"wp-block-image size-large\"><a href=\"https:\/\/medienerbe-ddr.de\/index.php\/superillu\/\"><img loading=\"lazy\" decoding=\"async\" width=\"1024\" height=\"678\" data-id=\"1190\" src=\"https:\/\/medienerbe-ddr.de\/wp-content\/uploads\/2019\/10\/newspapers-444447_1280-1024x678.jpg\" alt=\"\" class=\"wp-image-1190\" srcset=\"https:\/\/medienerbe-ddr.de\/wp-content\/uploads\/2019\/10\/newspapers-444447_1280-1024x678.jpg 1024w, https:\/\/medienerbe-ddr.de\/wp-content\/uploads\/2019\/10\/newspapers-444447_1280-300x199.jpg 300w, https:\/\/medienerbe-ddr.de\/wp-content\/uploads\/2019\/10\/newspapers-444447_1280-768x508.jpg 768w, https:\/\/medienerbe-ddr.de\/wp-content\/uploads\/2019\/10\/newspapers-444447_1280-624x413.jpg 624w, https:\/\/medienerbe-ddr.de\/wp-content\/uploads\/2019\/10\/newspapers-444447_1280.jpg 1280w\" sizes=\"auto, (max-width: 1024px) 100vw, 1024px\" \/><\/a><figcaption class=\"wp-element-caption\">SuperIllu<\/figcaption><\/figure>\n\n\n\n<figure class=\"wp-block-image size-large\"><a href=\"https:\/\/medienerbe-ddr.de\/index.php\/bilder-des-umbruchs\/\"><img loading=\"lazy\" decoding=\"async\" width=\"1024\" height=\"683\" data-id=\"1488\" src=\"https:\/\/medienerbe-ddr.de\/wp-content\/uploads\/2023\/10\/C2_Umbruchsbilder-1024x683.jpg\" alt=\"\" class=\"wp-image-1488\" srcset=\"https:\/\/medienerbe-ddr.de\/wp-content\/uploads\/2023\/10\/C2_Umbruchsbilder-1024x683.jpg 1024w, https:\/\/medienerbe-ddr.de\/wp-content\/uploads\/2023\/10\/C2_Umbruchsbilder-300x200.jpg 300w, https:\/\/medienerbe-ddr.de\/wp-content\/uploads\/2023\/10\/C2_Umbruchsbilder-768x512.jpg 768w, https:\/\/medienerbe-ddr.de\/wp-content\/uploads\/2023\/10\/C2_Umbruchsbilder-1536x1024.jpg 1536w, https:\/\/medienerbe-ddr.de\/wp-content\/uploads\/2023\/10\/C2_Umbruchsbilder-2048x1365.jpg 2048w, https:\/\/medienerbe-ddr.de\/wp-content\/uploads\/2023\/10\/C2_Umbruchsbilder-624x416.jpg 624w\" sizes=\"auto, (max-width: 1024px) 100vw, 1024px\" \/><\/a><figcaption class=\"wp-element-caption\">Umbruchsbilder<\/figcaption><\/figure>\n\n\n\n<figure class=\"wp-block-image size-large\"><a href=\"https:\/\/medienerbe-ddr.de\/index.php\/bildungs-und-erinnerungsorte\/\"><img loading=\"lazy\" decoding=\"async\" width=\"579\" height=\"348\" data-id=\"563\" src=\"https:\/\/medienerbe-ddr.de\/wp-content\/uploads\/2019\/03\/B3.jpg\" alt=\"\" class=\"wp-image-563\" srcset=\"https:\/\/medienerbe-ddr.de\/wp-content\/uploads\/2019\/03\/B3.jpg 579w, https:\/\/medienerbe-ddr.de\/wp-content\/uploads\/2019\/03\/B3-300x180.jpg 300w\" sizes=\"auto, (max-width: 579px) 100vw, 579px\" \/><\/a><figcaption class=\"wp-element-caption\">Bildungs- und Erinnerungsorte<\/figcaption><\/figure>\n\n\n\n<figure class=\"wp-block-image size-full\"><a href=\"https:\/\/medienerbe-ddr.de\/index.php\/schlager\/\"><img loading=\"lazy\" decoding=\"async\" width=\"1280\" height=\"960\" data-id=\"1567\" src=\"https:\/\/medienerbe-ddr.de\/wp-content\/uploads\/2023\/12\/vinyl-1595847_1280.jpg\" alt=\"\" class=\"wp-image-1567\" srcset=\"https:\/\/medienerbe-ddr.de\/wp-content\/uploads\/2023\/12\/vinyl-1595847_1280.jpg 1280w, https:\/\/medienerbe-ddr.de\/wp-content\/uploads\/2023\/12\/vinyl-1595847_1280-300x225.jpg 300w, https:\/\/medienerbe-ddr.de\/wp-content\/uploads\/2023\/12\/vinyl-1595847_1280-1024x768.jpg 1024w, https:\/\/medienerbe-ddr.de\/wp-content\/uploads\/2023\/12\/vinyl-1595847_1280-768x576.jpg 768w, https:\/\/medienerbe-ddr.de\/wp-content\/uploads\/2023\/12\/vinyl-1595847_1280-624x468.jpg 624w, https:\/\/medienerbe-ddr.de\/wp-content\/uploads\/2023\/12\/vinyl-1595847_1280-240x180.jpg 240w\" sizes=\"auto, (max-width: 1280px) 100vw, 1280px\" \/><\/a><figcaption class=\"wp-element-caption\">Schlager<\/figcaption><\/figure>\n\n\n\n<figure class=\"wp-block-image size-large\"><a href=\"https:\/\/medienerbe-ddr.de\/index.php\/retro-spezial-ddr-auf-ard-retro-ddr-medien-im-historischen-kontext\/\"><img loading=\"lazy\" decoding=\"async\" width=\"1024\" height=\"768\" data-id=\"1171\" src=\"https:\/\/medienerbe-ddr.de\/wp-content\/uploads\/2019\/10\/OMB_138-13-1024x768.jpg\" alt=\"\" class=\"wp-image-1171\" srcset=\"https:\/\/medienerbe-ddr.de\/wp-content\/uploads\/2019\/10\/OMB_138-13-1024x768.jpg 1024w, https:\/\/medienerbe-ddr.de\/wp-content\/uploads\/2019\/10\/OMB_138-13-300x225.jpg 300w, https:\/\/medienerbe-ddr.de\/wp-content\/uploads\/2019\/10\/OMB_138-13-768x576.jpg 768w, https:\/\/medienerbe-ddr.de\/wp-content\/uploads\/2019\/10\/OMB_138-13-624x468.jpg 624w, https:\/\/medienerbe-ddr.de\/wp-content\/uploads\/2019\/10\/OMB_138-13-240x180.jpg 240w\" sizes=\"auto, (max-width: 1024px) 100vw, 1024px\" \/><\/a><figcaption class=\"wp-element-caption\">Retro Spezial DDR<\/figcaption><\/figure>\n\n\n\n<figure class=\"wp-block-image size-full is-style-default\"><img loading=\"lazy\" decoding=\"async\" width=\"300\" height=\"204\" data-id=\"1402\" src=\"https:\/\/medienerbe-ddr.de\/wp-content\/uploads\/2023\/10\/weisser-platzhalter.jpg\" alt=\"\" class=\"wp-image-1402\"\/><\/figure>\n\n\n\n<figure class=\"wp-block-image size-large\"><a href=\"https:\/\/medienerbe-ddr.de\/index.php\/ddr-liedgut\/\"><img loading=\"lazy\" decoding=\"async\" width=\"640\" height=\"427\" data-id=\"1405\" src=\"https:\/\/medienerbe-ddr.de\/wp-content\/uploads\/2023\/10\/cassette-4898833_640.jpg\" alt=\"\" class=\"wp-image-1405\" srcset=\"https:\/\/medienerbe-ddr.de\/wp-content\/uploads\/2023\/10\/cassette-4898833_640.jpg 640w, https:\/\/medienerbe-ddr.de\/wp-content\/uploads\/2023\/10\/cassette-4898833_640-300x200.jpg 300w, https:\/\/medienerbe-ddr.de\/wp-content\/uploads\/2023\/10\/cassette-4898833_640-624x416.jpg 624w\" sizes=\"auto, (max-width: 640px) 100vw, 640px\" \/><\/a><figcaption class=\"wp-element-caption\">DDR-Liedgut<\/figcaption><\/figure>\n\n\n\n<figure class=\"wp-block-image size-large\"><img loading=\"lazy\" decoding=\"async\" width=\"300\" height=\"204\" data-id=\"1402\" src=\"https:\/\/medienerbe-ddr.de\/wp-content\/uploads\/2023\/10\/weisser-platzhalter.jpg\" alt=\"\" class=\"wp-image-1402\"\/><\/figure>\n<\/figure>\n\n\n\n<p class=\"has-text-align-right\"><em><a href=\"http:\/\/medienerbe-ddr.de\/index.php\/bildnachweise-startseite\/\">Bildnachweise<\/a><\/em><\/p>\n\n\n\n<p><\/p>\n\n\n\n<p class=\"has-drop-cap\">D<strong>ie Erinnerung an die DDR ist eine medialisierte Erinnerung. <\/strong>Dabei deuten sich Verschiebungen an, die in der zweiten Projektphase (Beginn: Juli 2023) in den Blick genommen werden: Der Umgang mit dem medialen Erbe der DDR erfolgt inzwischen in einem neuen gesellschaftlichen und erfahrungsgeschichtlichen Kontext. Er ist zunehmend aus dem Kontext der kritischen Aufarbeitung der Vergangenheit herausgel\u00f6st, der die 1990er und fr\u00fchen 2000er Jahre bestimmt hat. Zweitens l\u00f6st er sich aus der erfahrungsgeschichtlichen Bindung an die Erinnerung der Zeitgenoss:innen. \u00dcberlieferte Sedimente privater und offizieller Medien aus der DDR werden mit wachsender zeitlicher Distanz besonders von den nachfolgenden Generationen anders wahrgenommen, dabei aus ihrer biografischen Bindung an die DDR gel\u00f6st und so zur Projektionsfl\u00e4che f\u00fcr neue politische, soziale und kulturelle Konstellationen.<\/p>\n\n\n\n<p>Ausgangspunkt des Verbunds war von Anfang an ein <strong>weiter Medienbegriff<\/strong>, der \u00fcber den tagesaktuellen Journalismus hinausweist und private \u00dcberlieferungen (Fotos, Schmalfilme) genauso einschlie\u00dft wie kommerzielle Filme und Musik, \u00f6ffentlich gef\u00f6rderte und kuratierte Erinnerungsorte (Museen) oder Bildungsmedien (Schulb\u00fccher). Zum Profil des Verbundes geh\u00f6rt weiter die Frage nach den <strong>Folgen einer DDR-Sozialisation <\/strong>(etwa f\u00fcr Medienmenschen). Zudem wird ein Fokus beibehalten, der zwar die DDR, die Umbruchszeit und die 1990er Jahre analysiert und die bew\u00e4hrten Quellen und Verfahren der Geschichtsschreibung anwendet, aber dieses historiografische Interesse auch mit der Gegenwart und der Geschichtsvermittlung verbindet. Daf\u00fcr <strong>kooperieren <\/strong>drei akademische Disziplinen (Geschichtswissenschaft, Didaktik der Geschichte, Kommunikationswissenschaft) sowie zwei Universit\u00e4ten und ein au\u00dferuniversit\u00e4res Forschungsinstitut.<\/p>\n","protected":false},"excerpt":{"rendered":"<p>Abschlusstagung des Forschungsverbundes 20. \u2013 21. Februar 2025Bundesstiftung zur Aufarbeitung der SED-DiktaturKronenstra\u00dfe 5 \u2022 10117 Berlin Die Erinnerung an die DDR ist eine medialisierte Erinnerung. Dabei deuten sich Verschiebungen an,&#8230; <a href=\"https:\/\/medienerbe-ddr.de\/\">Read more &raquo;<\/a><\/p>\n","protected":false},"author":4,"featured_media":0,"parent":0,"menu_order":0,"comment_status":"closed","ping_status":"closed","template":"","meta":{"_acf_changed":false,"footnotes":""},"class_list":["post-1397","page","type-page","status-publish","hentry"],"acf":[],"yoast_head":"<!-- This site is optimized with the Yoast SEO plugin v27.2 - https:\/\/yoast.com\/product\/yoast-seo-wordpress\/ -->\n<title>Das Mediale Erbe der DDR II - Das mediale Erbe der DDR<\/title>\n<meta name=\"robots\" content=\"index, follow, max-snippet:-1, max-image-preview:large, max-video-preview:-1\" \/>\n<link rel=\"canonical\" href=\"https:\/\/medienerbe-ddr.de\/\" \/>\n<meta property=\"og:locale\" content=\"de_DE\" \/>\n<meta property=\"og:type\" content=\"article\" \/>\n<meta property=\"og:title\" content=\"Das Mediale Erbe der DDR II - Das mediale Erbe der DDR\" \/>\n<meta property=\"og:description\" content=\"Abschlusstagung des Forschungsverbundes 20. \u2013 21. Februar 2025Bundesstiftung zur Aufarbeitung der SED-DiktaturKronenstra\u00dfe 5 \u2022 10117 Berlin Die Erinnerung an die DDR ist eine medialisierte Erinnerung. Dabei deuten sich Verschiebungen an,... Read more &raquo;\" \/>\n<meta property=\"og:url\" content=\"https:\/\/medienerbe-ddr.de\/\" \/>\n<meta property=\"og:site_name\" content=\"Das mediale Erbe der DDR\" \/>\n<meta property=\"article:modified_time\" content=\"2024-12-19T10:44:46+00:00\" \/>\n<meta name=\"twitter:card\" content=\"summary_large_image\" \/>\n<meta name=\"twitter:label1\" content=\"Gesch\u00e4tzte Lesezeit\" \/>\n\t<meta name=\"twitter:data1\" content=\"4\u00a0Minuten\" \/>\n<script type=\"application\/ld+json\" class=\"yoast-schema-graph\">{\"@context\":\"https:\/\/schema.org\",\"@graph\":[{\"@type\":\"WebPage\",\"@id\":\"https:\/\/medienerbe-ddr.de\/\",\"url\":\"https:\/\/medienerbe-ddr.de\/\",\"name\":\"Das Mediale Erbe der DDR II - Das mediale Erbe der DDR\",\"isPartOf\":{\"@id\":\"https:\/\/medienerbe-ddr.de\/#website\"},\"datePublished\":\"2023-10-10T12:33:04+00:00\",\"dateModified\":\"2024-12-19T10:44:46+00:00\",\"breadcrumb\":{\"@id\":\"https:\/\/medienerbe-ddr.de\/#breadcrumb\"},\"inLanguage\":\"de\",\"potentialAction\":[{\"@type\":\"ReadAction\",\"target\":[\"https:\/\/medienerbe-ddr.de\/\"]}]},{\"@type\":\"BreadcrumbList\",\"@id\":\"https:\/\/medienerbe-ddr.de\/#breadcrumb\",\"itemListElement\":[{\"@type\":\"ListItem\",\"position\":1,\"name\":\"Startseite\",\"item\":\"https:\/\/medienerbe-ddr.de\/\"},{\"@type\":\"ListItem\",\"position\":2,\"name\":\"Das Mediale Erbe der DDR II\"}]},{\"@type\":\"WebSite\",\"@id\":\"https:\/\/medienerbe-ddr.de\/#website\",\"url\":\"https:\/\/medienerbe-ddr.de\/\",\"name\":\"Das mediale Erbe der DDR\",\"description\":\"Akteure, Aneignung, Tradierung\",\"publisher\":{\"@id\":\"https:\/\/medienerbe-ddr.de\/#organization\"},\"potentialAction\":[{\"@type\":\"SearchAction\",\"target\":{\"@type\":\"EntryPoint\",\"urlTemplate\":\"https:\/\/medienerbe-ddr.de\/?s={search_term_string}\"},\"query-input\":{\"@type\":\"PropertyValueSpecification\",\"valueRequired\":true,\"valueName\":\"search_term_string\"}}],\"inLanguage\":\"de\"},{\"@type\":\"Organization\",\"@id\":\"https:\/\/medienerbe-ddr.de\/#organization\",\"name\":\"Forschungsverbund Das mediale Erbe der DDR\",\"url\":\"https:\/\/medienerbe-ddr.de\/\",\"logo\":{\"@type\":\"ImageObject\",\"inLanguage\":\"de\",\"@id\":\"https:\/\/medienerbe-ddr.de\/#\/schema\/logo\/image\/\",\"url\":\"https:\/\/medienerbe-ddr.de\/wp-content\/uploads\/2019\/03\/LogoDDR_27mm-hg-weiss.png\",\"contentUrl\":\"https:\/\/medienerbe-ddr.de\/wp-content\/uploads\/2019\/03\/LogoDDR_27mm-hg-weiss.png\",\"width\":319,\"height\":305,\"caption\":\"Forschungsverbund Das mediale Erbe der DDR\"},\"image\":{\"@id\":\"https:\/\/medienerbe-ddr.de\/#\/schema\/logo\/image\/\"}}]}<\/script>\n<!-- \/ Yoast SEO plugin. -->","yoast_head_json":{"title":"Das Mediale Erbe der DDR II - Das mediale Erbe der DDR","robots":{"index":"index","follow":"follow","max-snippet":"max-snippet:-1","max-image-preview":"max-image-preview:large","max-video-preview":"max-video-preview:-1"},"canonical":"https:\/\/medienerbe-ddr.de\/","og_locale":"de_DE","og_type":"article","og_title":"Das Mediale Erbe der DDR II - Das mediale Erbe der DDR","og_description":"Abschlusstagung des Forschungsverbundes 20. \u2013 21. Februar 2025Bundesstiftung zur Aufarbeitung der SED-DiktaturKronenstra\u00dfe 5 \u2022 10117 Berlin Die Erinnerung an die DDR ist eine medialisierte Erinnerung. Dabei deuten sich Verschiebungen an,... Read more &raquo;","og_url":"https:\/\/medienerbe-ddr.de\/","og_site_name":"Das mediale Erbe der DDR","article_modified_time":"2024-12-19T10:44:46+00:00","twitter_card":"summary_large_image","twitter_misc":{"Gesch\u00e4tzte Lesezeit":"4\u00a0Minuten"},"schema":{"@context":"https:\/\/schema.org","@graph":[{"@type":"WebPage","@id":"https:\/\/medienerbe-ddr.de\/","url":"https:\/\/medienerbe-ddr.de\/","name":"Das Mediale Erbe der DDR II - Das mediale Erbe der DDR","isPartOf":{"@id":"https:\/\/medienerbe-ddr.de\/#website"},"datePublished":"2023-10-10T12:33:04+00:00","dateModified":"2024-12-19T10:44:46+00:00","breadcrumb":{"@id":"https:\/\/medienerbe-ddr.de\/#breadcrumb"},"inLanguage":"de","potentialAction":[{"@type":"ReadAction","target":["https:\/\/medienerbe-ddr.de\/"]}]},{"@type":"BreadcrumbList","@id":"https:\/\/medienerbe-ddr.de\/#breadcrumb","itemListElement":[{"@type":"ListItem","position":1,"name":"Startseite","item":"https:\/\/medienerbe-ddr.de\/"},{"@type":"ListItem","position":2,"name":"Das Mediale Erbe der DDR II"}]},{"@type":"WebSite","@id":"https:\/\/medienerbe-ddr.de\/#website","url":"https:\/\/medienerbe-ddr.de\/","name":"Das mediale Erbe der DDR","description":"Akteure, Aneignung, Tradierung","publisher":{"@id":"https:\/\/medienerbe-ddr.de\/#organization"},"potentialAction":[{"@type":"SearchAction","target":{"@type":"EntryPoint","urlTemplate":"https:\/\/medienerbe-ddr.de\/?s={search_term_string}"},"query-input":{"@type":"PropertyValueSpecification","valueRequired":true,"valueName":"search_term_string"}}],"inLanguage":"de"},{"@type":"Organization","@id":"https:\/\/medienerbe-ddr.de\/#organization","name":"Forschungsverbund Das mediale Erbe der DDR","url":"https:\/\/medienerbe-ddr.de\/","logo":{"@type":"ImageObject","inLanguage":"de","@id":"https:\/\/medienerbe-ddr.de\/#\/schema\/logo\/image\/","url":"https:\/\/medienerbe-ddr.de\/wp-content\/uploads\/2019\/03\/LogoDDR_27mm-hg-weiss.png","contentUrl":"https:\/\/medienerbe-ddr.de\/wp-content\/uploads\/2019\/03\/LogoDDR_27mm-hg-weiss.png","width":319,"height":305,"caption":"Forschungsverbund Das mediale Erbe der DDR"},"image":{"@id":"https:\/\/medienerbe-ddr.de\/#\/schema\/logo\/image\/"}}]}},"_links":{"self":[{"href":"https:\/\/medienerbe-ddr.de\/index.php\/wp-json\/wp\/v2\/pages\/1397","targetHints":{"allow":["GET"]}}],"collection":[{"href":"https:\/\/medienerbe-ddr.de\/index.php\/wp-json\/wp\/v2\/pages"}],"about":[{"href":"https:\/\/medienerbe-ddr.de\/index.php\/wp-json\/wp\/v2\/types\/page"}],"author":[{"embeddable":true,"href":"https:\/\/medienerbe-ddr.de\/index.php\/wp-json\/wp\/v2\/users\/4"}],"replies":[{"embeddable":true,"href":"https:\/\/medienerbe-ddr.de\/index.php\/wp-json\/wp\/v2\/comments?post=1397"}],"version-history":[{"count":6,"href":"https:\/\/medienerbe-ddr.de\/index.php\/wp-json\/wp\/v2\/pages\/1397\/revisions"}],"predecessor-version":[{"id":1614,"href":"https:\/\/medienerbe-ddr.de\/index.php\/wp-json\/wp\/v2\/pages\/1397\/revisions\/1614"}],"wp:attachment":[{"href":"https:\/\/medienerbe-ddr.de\/index.php\/wp-json\/wp\/v2\/media?parent=1397"}],"curies":[{"name":"wp","href":"https:\/\/api.w.org\/{rel}","templated":true}]}}